{"id":985,"date":"2022-01-01T21:53:30","date_gmt":"2022-01-01T19:53:30","guid":{"rendered":"https:\/\/stephenlangfur.com\/?page_id=985"},"modified":"2025-07-04T15:50:49","modified_gmt":"2025-07-04T12:50:49","slug":"publications","status":"publish","type":"page","link":"https:\/\/stephenlangfur.com\/es\/publications\/","title":{"rendered":"Publicaciones"},"content":{"rendered":"<p class=\"translation-block\">La primera vez que escrib\u00ed sobre el Evento T\u00fa-Yo fue en mi tesis doctoral en Siracusa, hace cincuenta a\u00f1os. En aquella \u00e9poca, Jean Piaget parec\u00eda tener la \u00faltima palabra sobre la infancia. Despu\u00e9s de tres a\u00f1os de docencia en la Universidad de Houston, emigr\u00e9 a Israel y me form\u00e9 como gu\u00eda tur\u00edstico. Durante una temporada en el calabozo por negarme a servir en Cisjordania, habl\u00e9 con mis compa\u00f1eros de celda sobre el Evento T\u00fa-I, como se describe en un cap\u00edtulo de Confesi\u00f3n desde la c\u00e1rcel de Jeric\u00f3. Sin embargo, no ten\u00eda ni idea de la revoluci\u00f3n posterior a Piaget en la investigaci\u00f3n sobre la infancia. Lo descubr\u00ed cuando me top\u00e9 por casualidad con un libro titulado El mundo interpersonal del lactante (Daniel N. Stern). Tard\u00e9 veinte a\u00f1os m\u00e1s en publicarlo.<\/p>\n\n\n<div class=\"wp-block-image\">\n<figure class=\"alignleft size-full\"><img data-recalc-dims=\"1\" fetchpriority=\"high\" decoding=\"async\" width=\"200\" height=\"315\" src=\"https:\/\/i0.wp.com\/stephenlangfur.com\/wp-content\/uploads\/2021\/12\/Steve-close-up-2.jpg?resize=200%2C315&#038;ssl=1\" alt=\"Stephen Langfur\" class=\"wp-image-111\" srcset=\"https:\/\/i0.wp.com\/stephenlangfur.com\/wp-content\/uploads\/2021\/12\/Steve-close-up-2.jpg?w=200&amp;ssl=1 200w, https:\/\/i0.wp.com\/stephenlangfur.com\/wp-content\/uploads\/2021\/12\/Steve-close-up-2.jpg?resize=190%2C300&amp;ssl=1 190w\" sizes=\"(max-width: 200px) 100vw, 200px\" \/><figcaption class=\"wp-element-caption\">Foto: davidsheerman.com<\/figcaption><\/figure>\n<\/div>\n\n\n<p class=\"\">Mi primer ensayo proporcion\u00f3 las bases: <a href=\"https:\/\/www.academia.edu\/6945646\/The_You_I_event_on_the_genesis_of_self_awareness\" target=\"_blank\" rel=\"noreferrer noopener nofollow\">El acontecimiento T\u00fa-Yo: Sobre la g\u00e9nesis de la autoconciencia.<\/a>&nbsp;<em>Fenomenolog\u00eda y ciencias cognitivas.&nbsp;<\/em>Vol 12(4), dic 2013, 769-790.<\/p>\n\n\n\n<p class=\"has-link-color wp-elements-5dfb60afd3734022f58d486e17ab4444\">El segundo ensayo explor\u00f3 c\u00f3mo cambia la estructura de la experiencia cuando un ni\u00f1o comienza a hablar consigo mismo como si fuera otro: &nbsp;<a href=\"https:\/\/www.academia.edu\/9538049\/Heidegger_and_the_Infant_A_Second_Person_Alternative_to_the_Dasein_Analysis\" target=\"_blank\" rel=\"noreferrer noopener\">Heidegger y el infante: Una alternativa en segunda persona al an\u00e1lisis del Dasein<\/a>.&nbsp;<em>Revista de Psicolog\u00eda Te\u00f3rica y Filos\u00f3fica,<\/em> Vol 34(4), nov 2014, 257-274.<\/p>\n\n\n\n<p class=\"has-link-color wp-elements-7594e5504c537f8e80d40e226cc087d8\">El tercer ensayo buscaba el origen de la conciencia del tiempo en el Evento T\u00fa-Yo:&nbsp;<a href=\"https:\/\/www.academia.edu\/38241704\/The_interactive_Now_A_second_person_approach_to_time_consciousness_docx\" target=\"_blank\" rel=\"noreferrer noopener\">El Ahora interactivo: Una aproximaci\u00f3n en segunda persona a la conciencia del tiempo<\/a><a href=\"https:\/\/stephenlangfur.wordpress.com\/the-interactive-now-a-second-person-approach-to-time-consciousness\/\">.<\/a> J<em>ournal de Psicolog\u00eda Fenomenol\u00f3gica<\/em>Vol 47(2), 2016, 156- 182.<\/p>\n\n\n\n<p class=\"has-link-color wp-elements-cca298542fb2d0061cdff01a7b16f691\">El cuarto art\u00edculo fue <a href=\"https:\/\/www.academia.edu\/63960780\/Cogitor_ergo_sum_The_origin_of_self_awareness_in_dyadic_interaction\" target=\"_blank\" rel=\"noreferrer noopener\">Cogitor ergo sum: El origen de la autoconciencia en la interacci\u00f3n di\u00e1dica<\/a><a href=\"https:\/\/wordpress.com\/page\/stephenlangfur.com\/218\"> <\/a>&nbsp;(<em>Estudios humanos<\/em> <strong>, <\/strong>Vol. 42, 2019, 425-450). <\/p>\n\n\n\n<p class=\"has-link-color wp-elements-ce43469fe7fdfe0c92fc36151e379220\">El quinto art\u00edculo fue <a href=\"https:\/\/www.ingentaconnect.com\/content\/imp\/jcs\/2023\/00000030\/f0020001\/art00009\">Localizar el \"interior <\/a> en <em>Revista de Estudios de la Conciencia<\/em>volumen 30, n\u00fameros 1-2, 2023, pp. 191-214(24). Es <strong>acceso libre<\/strong>.<\/p>\n\n\n\n<p class=\"has-link-color wp-elements-13cd0d1a44d044c0f8d710452d00b621\">Los cinco ensayos desarrollan la idea b\u00e1sica: \u201cT\u00fa prestas atenci\u00f3n, luego existo.\u201d La filosof\u00eda se encuentra con el beb\u00e9 es su culminaci\u00f3n. <em><a href=\"https:\/\/www.routledge.com\/Philosophy-Meets-the-Infant-How-New-Research-Transforms-the-Understanding-of-Human-Existence\/Langfur\/p\/book\/9781032895277\">La filosof\u00eda se encuentra con el beb\u00e9 <\/a><\/em>es su culminaci\u00f3n. <\/p>\n\n\n\n<p class=\"\"><a href=\"https:\/\/stephenlangfur.com\/es\/order-now\/\">Pedir el libro en ingl\u00e9s<\/a><\/p>","protected":false},"excerpt":{"rendered":"<p>Escrib\u00ed por primera vez sobre el Evento T\u00fa-Yo en mi tesis doctoral en Siracusa hace cincuenta a\u00f1os. En aquella \u00e9poca, Jean Piaget parec\u00eda tener la...<\/p>\n<div class=\"more-link-wrapper\"><a class=\"more-link\" href=\"https:\/\/stephenlangfur.com\/es\/publications\/\">Seguir leyendo<span class=\"screen-reader-text\">Publicaciones<\/span><\/a><\/div>","protected":false},"author":1,"featured_media":0,"parent":0,"menu_order":0,"comment_status":"closed","ping_status":"closed","template":"","meta":{"nf_dc_page":"","om_disable_all_campaigns":false,"_monsterinsights_skip_tracking":false,"_monsterinsights_sitenote_active":false,"_monsterinsights_sitenote_note":"","_monsterinsights_sitenote_category":0,"footnotes":""},"class_list":["post-985","page","type-page","status-publish","hentry","ratio-natural","entry"],"yoast_head":"<!-- This site is optimized with the Yoast SEO plugin v27.4 - https:\/\/yoast.com\/product\/yoast-seo-wordpress\/ -->\n<title>Publications - Philosophy Meets the Infant<\/title>\n<meta name=\"description\" content=\"Links to the peer-reviewed papers whose arguments constitute Part One of Stephen Langfur&#039; The You-I Event: A philosophy of attachment.\" \/>\n<meta name=\"robots\" content=\"index, follow, max-snippet:-1, max-image-preview:large, max-video-preview:-1\" \/>\n<link rel=\"canonical\" href=\"https:\/\/stephenlangfur.com\/es\/publications\/\" \/>\n<meta property=\"og:locale\" content=\"es_ES\" \/>\n<meta property=\"og:type\" content=\"article\" \/>\n<meta property=\"og:title\" content=\"Publications - Philosophy Meets the Infant\" \/>\n<meta property=\"og:url\" content=\"https:\/\/stephenlangfur.com\/es\/publications\/\" \/>\n<meta property=\"og:site_name\" content=\"Philosophy Meets the Infant\" \/>\n<meta property=\"article:publisher\" content=\"https:\/\/www.facebook.com\/stephen.langfur\" \/>\n<meta property=\"article:modified_time\" content=\"2025-07-04T12:50:49+00:00\" \/>\n<meta property=\"og:image\" content=\"https:\/\/stephenlangfur.com\/wp-content\/uploads\/2021\/12\/Steve-close-up-2.jpg\" \/>\n<meta name=\"twitter:card\" content=\"summary_large_image\" \/>\n<meta name=\"twitter:site\" content=\"@StephenLangfur\" \/>\n<meta name=\"twitter:label1\" content=\"Tiempo de lectura\" \/>\n\t<meta name=\"twitter:data1\" content=\"2 minutos\" \/>\n<script type=\"application\/ld+json\" class=\"yoast-schema-graph\">{\"@context\":\"https:\\\/\\\/schema.org\",\"@graph\":[{\"@type\":\"ScholarlyArticle\",\"@id\":\"https:\\\/\\\/stephenlangfur.com\\\/publications\\\/#article\",\"isPartOf\":{\"@id\":\"https:\\\/\\\/stephenlangfur.com\\\/publications\\\/\"},\"author\":{\"name\":\"Stephen Langfur\",\"@id\":\"https:\\\/\\\/stephenlangfur.com\\\/#\\\/schema\\\/person\\\/76c4c0a7980b8bc2d00134a8e6ea2ee4\"},\"headline\":\"Publications\",\"datePublished\":\"2022-01-01T19:53:30+00:00\",\"dateModified\":\"2025-07-04T12:50:49+00:00\",\"mainEntityOfPage\":{\"@id\":\"https:\\\/\\\/stephenlangfur.com\\\/publications\\\/\"},\"wordCount\":287,\"publisher\":{\"@id\":\"https:\\\/\\\/stephenlangfur.com\\\/#\\\/schema\\\/person\\\/76c4c0a7980b8bc2d00134a8e6ea2ee4\"},\"image\":{\"@id\":\"https:\\\/\\\/stephenlangfur.com\\\/publications\\\/#primaryimage\"},\"thumbnailUrl\":\"https:\\\/\\\/stephenlangfur.com\\\/wp-content\\\/uploads\\\/2021\\\/12\\\/Steve-close-up-2.jpg\",\"inLanguage\":\"es\"},{\"@type\":\"WebPage\",\"@id\":\"https:\\\/\\\/stephenlangfur.com\\\/publications\\\/\",\"url\":\"https:\\\/\\\/stephenlangfur.com\\\/publications\\\/\",\"name\":\"Publications - Philosophy Meets the Infant\",\"isPartOf\":{\"@id\":\"https:\\\/\\\/stephenlangfur.com\\\/#website\"},\"primaryImageOfPage\":{\"@id\":\"https:\\\/\\\/stephenlangfur.com\\\/publications\\\/#primaryimage\"},\"image\":{\"@id\":\"https:\\\/\\\/stephenlangfur.com\\\/publications\\\/#primaryimage\"},\"thumbnailUrl\":\"https:\\\/\\\/stephenlangfur.com\\\/wp-content\\\/uploads\\\/2021\\\/12\\\/Steve-close-up-2.jpg\",\"datePublished\":\"2022-01-01T19:53:30+00:00\",\"dateModified\":\"2025-07-04T12:50:49+00:00\",\"description\":\"Links to the peer-reviewed papers whose arguments constitute Part One of Stephen Langfur' The You-I Event: A philosophy of attachment.\",\"breadcrumb\":{\"@id\":\"https:\\\/\\\/stephenlangfur.com\\\/publications\\\/#breadcrumb\"},\"inLanguage\":\"es\",\"potentialAction\":[{\"@type\":\"ReadAction\",\"target\":[\"https:\\\/\\\/stephenlangfur.com\\\/publications\\\/\"]}]},{\"@type\":\"ImageObject\",\"inLanguage\":\"es\",\"@id\":\"https:\\\/\\\/stephenlangfur.com\\\/publications\\\/#primaryimage\",\"url\":\"https:\\\/\\\/stephenlangfur.com\\\/wp-content\\\/uploads\\\/2021\\\/12\\\/Steve-close-up-2.jpg\",\"contentUrl\":\"https:\\\/\\\/stephenlangfur.com\\\/wp-content\\\/uploads\\\/2021\\\/12\\\/Steve-close-up-2.jpg\"},{\"@type\":\"BreadcrumbList\",\"@id\":\"https:\\\/\\\/stephenlangfur.com\\\/publications\\\/#breadcrumb\",\"itemListElement\":[{\"@type\":\"ListItem\",\"position\":1,\"name\":\"Home\",\"item\":\"https:\\\/\\\/stephenlangfur.com\\\/\"},{\"@type\":\"ListItem\",\"position\":2,\"name\":\"Publications\"}]},{\"@type\":\"WebSite\",\"@id\":\"https:\\\/\\\/stephenlangfur.com\\\/#website\",\"url\":\"https:\\\/\\\/stephenlangfur.com\\\/\",\"name\":\"Philosophy Meets the Infant\",\"description\":\"How infancy research transforms the understanding of human existence\",\"publisher\":{\"@id\":\"https:\\\/\\\/stephenlangfur.com\\\/#\\\/schema\\\/person\\\/76c4c0a7980b8bc2d00134a8e6ea2ee4\"},\"potentialAction\":[{\"@type\":\"SearchAction\",\"target\":{\"@type\":\"EntryPoint\",\"urlTemplate\":\"https:\\\/\\\/stephenlangfur.com\\\/?s={search_term_string}\"},\"query-input\":{\"@type\":\"PropertyValueSpecification\",\"valueRequired\":true,\"valueName\":\"search_term_string\"}}],\"inLanguage\":\"es\"},{\"@type\":[\"Person\",\"Organization\"],\"@id\":\"https:\\\/\\\/stephenlangfur.com\\\/#\\\/schema\\\/person\\\/76c4c0a7980b8bc2d00134a8e6ea2ee4\",\"name\":\"Stephen Langfur\",\"image\":{\"@type\":\"ImageObject\",\"inLanguage\":\"es\",\"@id\":\"https:\\\/\\\/secure.gravatar.com\\\/avatar\\\/a7a7876096f4db546964266ab19c7b74d12fcac0f35b7d28287a86ecb324b104?s=96&d=mm&r=g\",\"url\":\"https:\\\/\\\/secure.gravatar.com\\\/avatar\\\/a7a7876096f4db546964266ab19c7b74d12fcac0f35b7d28287a86ecb324b104?s=96&d=mm&r=g\",\"contentUrl\":\"https:\\\/\\\/secure.gravatar.com\\\/avatar\\\/a7a7876096f4db546964266ab19c7b74d12fcac0f35b7d28287a86ecb324b104?s=96&d=mm&r=g\",\"caption\":\"Stephen Langfur\"},\"logo\":{\"@id\":\"https:\\\/\\\/secure.gravatar.com\\\/avatar\\\/a7a7876096f4db546964266ab19c7b74d12fcac0f35b7d28287a86ecb324b104?s=96&d=mm&r=g\"},\"description\":\"Stephen Langfur received a doctorate from Syracuse, in which he presented his theory of the You-I Event. He then helped rebuild the Honors Program (now Honors College) at the University of Houston, teaching in it for three years. The promise of peace in the Middle East lured him to Israel in 1979, where he favored hiking over academe, becoming a guide. A decade later, he wrote in his first book: \u201cWhen I was ten years younger and full of hope, I departed the USA with wife and daughter and moved to Israel. What follow are notes from an army cell, to which I have been sentenced for refusing to go into the West Bank against the Palestinians.\u201d \u2013 Confession from a Jericho Jail (Grove Weidenfeld, 1992, now published in a 2nd edition by Fomite Press). After his release, Langfur discovered that new findings in infancy research supported the idea of his dissertation. He presented it in philosophy and psychology journals \u2013 and now in Philosophy Meets the Infant.\",\"sameAs\":[\"http:\\\/\\\/stephenlangfur.com\",\"https:\\\/\\\/www.facebook.com\\\/stephen.langfur\",\"https:\\\/\\\/x.com\\\/StephenLangfur\"],\"url\":\"https:\\\/\\\/stephenlangfur.com\\\/es\\\/author\\\/slangfur\\\/\"}]}<\/script>\n<!-- \/ Yoast SEO plugin. -->","yoast_head_json":{"title":"Publicaciones - La filosof\u00eda se encuentra con el ni\u00f1o","description":"Enlaces a los art\u00edculos revisados por expertos cuyos argumentos constituyen la primera parte de The You-I Event de Stephen Langfur: Una filosof\u00eda del apego.","robots":{"index":"index","follow":"follow","max-snippet":"max-snippet:-1","max-image-preview":"max-image-preview:large","max-video-preview":"max-video-preview:-1"},"canonical":"https:\/\/stephenlangfur.com\/es\/publications\/","og_locale":"es_ES","og_type":"article","og_title":"Publications - Philosophy Meets the Infant","og_url":"https:\/\/stephenlangfur.com\/es\/publications\/","og_site_name":"Philosophy Meets the Infant","article_publisher":"https:\/\/www.facebook.com\/stephen.langfur","article_modified_time":"2025-07-04T12:50:49+00:00","og_image":[{"url":"https:\/\/stephenlangfur.com\/wp-content\/uploads\/2021\/12\/Steve-close-up-2.jpg","type":"","width":"","height":""}],"twitter_card":"summary_large_image","twitter_site":"@StephenLangfur","twitter_misc":{"Tiempo de lectura":"2 minutos"},"schema":{"@context":"https:\/\/schema.org","@graph":[{"@type":"ScholarlyArticle","@id":"https:\/\/stephenlangfur.com\/publications\/#article","isPartOf":{"@id":"https:\/\/stephenlangfur.com\/publications\/"},"author":{"name":"Stephen Langfur","@id":"https:\/\/stephenlangfur.com\/#\/schema\/person\/76c4c0a7980b8bc2d00134a8e6ea2ee4"},"headline":"Publications","datePublished":"2022-01-01T19:53:30+00:00","dateModified":"2025-07-04T12:50:49+00:00","mainEntityOfPage":{"@id":"https:\/\/stephenlangfur.com\/publications\/"},"wordCount":287,"publisher":{"@id":"https:\/\/stephenlangfur.com\/#\/schema\/person\/76c4c0a7980b8bc2d00134a8e6ea2ee4"},"image":{"@id":"https:\/\/stephenlangfur.com\/publications\/#primaryimage"},"thumbnailUrl":"https:\/\/stephenlangfur.com\/wp-content\/uploads\/2021\/12\/Steve-close-up-2.jpg","inLanguage":"es"},{"@type":"WebPage","@id":"https:\/\/stephenlangfur.com\/publications\/","url":"https:\/\/stephenlangfur.com\/publications\/","name":"Publicaciones - La filosof\u00eda se encuentra con el ni\u00f1o","isPartOf":{"@id":"https:\/\/stephenlangfur.com\/#website"},"primaryImageOfPage":{"@id":"https:\/\/stephenlangfur.com\/publications\/#primaryimage"},"image":{"@id":"https:\/\/stephenlangfur.com\/publications\/#primaryimage"},"thumbnailUrl":"https:\/\/stephenlangfur.com\/wp-content\/uploads\/2021\/12\/Steve-close-up-2.jpg","datePublished":"2022-01-01T19:53:30+00:00","dateModified":"2025-07-04T12:50:49+00:00","description":"Enlaces a los art\u00edculos revisados por expertos cuyos argumentos constituyen la primera parte de The You-I Event de Stephen Langfur: Una filosof\u00eda del apego.","breadcrumb":{"@id":"https:\/\/stephenlangfur.com\/publications\/#breadcrumb"},"inLanguage":"es","potentialAction":[{"@type":"ReadAction","target":["https:\/\/stephenlangfur.com\/publications\/"]}]},{"@type":"ImageObject","inLanguage":"es","@id":"https:\/\/stephenlangfur.com\/publications\/#primaryimage","url":"https:\/\/stephenlangfur.com\/wp-content\/uploads\/2021\/12\/Steve-close-up-2.jpg","contentUrl":"https:\/\/stephenlangfur.com\/wp-content\/uploads\/2021\/12\/Steve-close-up-2.jpg"},{"@type":"BreadcrumbList","@id":"https:\/\/stephenlangfur.com\/publications\/#breadcrumb","itemListElement":[{"@type":"ListItem","position":1,"name":"Home","item":"https:\/\/stephenlangfur.com\/"},{"@type":"ListItem","position":2,"name":"Publications"}]},{"@type":"WebSite","@id":"https:\/\/stephenlangfur.com\/#website","url":"https:\/\/stephenlangfur.com\/","name":"La filosof\u00eda se encuentra con el beb\u00e9","description":"C\u00f3mo la investigaci\u00f3n sobre la infancia transforma la comprensi\u00f3n de la existencia humana","publisher":{"@id":"https:\/\/stephenlangfur.com\/#\/schema\/person\/76c4c0a7980b8bc2d00134a8e6ea2ee4"},"potentialAction":[{"@type":"SearchAction","target":{"@type":"EntryPoint","urlTemplate":"https:\/\/stephenlangfur.com\/?s={search_term_string}"},"query-input":{"@type":"PropertyValueSpecification","valueRequired":true,"valueName":"search_term_string"}}],"inLanguage":"es"},{"@type":["Person","Organization"],"@id":"https:\/\/stephenlangfur.com\/#\/schema\/person\/76c4c0a7980b8bc2d00134a8e6ea2ee4","name":"Stephen Langfur","image":{"@type":"ImageObject","inLanguage":"es","@id":"https:\/\/secure.gravatar.com\/avatar\/a7a7876096f4db546964266ab19c7b74d12fcac0f35b7d28287a86ecb324b104?s=96&d=mm&r=g","url":"https:\/\/secure.gravatar.com\/avatar\/a7a7876096f4db546964266ab19c7b74d12fcac0f35b7d28287a86ecb324b104?s=96&d=mm&r=g","contentUrl":"https:\/\/secure.gravatar.com\/avatar\/a7a7876096f4db546964266ab19c7b74d12fcac0f35b7d28287a86ecb324b104?s=96&d=mm&r=g","caption":"Stephen Langfur"},"logo":{"@id":"https:\/\/secure.gravatar.com\/avatar\/a7a7876096f4db546964266ab19c7b74d12fcac0f35b7d28287a86ecb324b104?s=96&d=mm&r=g"},"description":"Stephen Langfur se doctor\u00f3 en Siracusa, donde present\u00f3 su teor\u00eda del Acontecimiento T\u00fa-I. Despu\u00e9s ayud\u00f3 a reconstruir el Programa de Honores (ahora Honors College) de la Universidad de Houston, donde ense\u00f1\u00f3 durante tres a\u00f1os. La promesa de paz en Oriente Pr\u00f3ximo le atrajo a Israel en 1979, donde prefiri\u00f3 el senderismo al mundo acad\u00e9mico, convirti\u00e9ndose en gu\u00eda. Una d\u00e9cada despu\u00e9s, escribi\u00f3 en su primer libro: \"Cuando era diez a\u00f1os m\u00e1s joven y estaba lleno de esperanza, dej\u00e9 Estados Unidos con mi mujer y mi hija y me traslad\u00e9 a Israel\". Lo que sigue son notas desde una celda del ej\u00e9rcito, a la que he sido condenado por negarme a entrar en Cisjordania contra los palestinos\". - Confesi\u00f3n desde una c\u00e1rcel de Jeric\u00f3 (Grove Weidenfeld, 1992, ahora publicado en 2\u00aa edici\u00f3n por Fomite Press). Tras su liberaci\u00f3n, Langfur descubri\u00f3 que nuevos hallazgos en la investigaci\u00f3n sobre la infancia apoyaban la idea de su tesis. La present\u00f3 en revistas de filosof\u00eda y psicolog\u00eda, y ahora en Philosophy Meets the Infant.","sameAs":["http:\/\/stephenlangfur.com","https:\/\/www.facebook.com\/stephen.langfur","https:\/\/x.com\/StephenLangfur"],"url":"https:\/\/stephenlangfur.com\/es\/author\/slangfur\/"}]}},"jetpack-related-posts":[{"id":1911,"url":"https:\/\/stephenlangfur.com\/es\/endorsements\/","url_meta":{"origin":985,"position":0},"title":"Apoyos","author":"Stephen Langfur","date":"junio 20, 2025","format":false,"excerpt":"La filosof\u00eda se encuentra con el ni\u00f1o\" es un libro breve, pero se lee como una epopeya. Gu\u00eda al lector a trav\u00e9s de una galer\u00eda de escenas desde la perspectiva del lactante, creando un nuevo lenguaje a medida que avanza. En di\u00e1logo con fil\u00f3sofos y psic\u00f3logos, Langfur ofrece una nueva y convincente perspectiva unificadora sobre...","rel":"","context":"Entrada similar","block_context":{"text":"Entrada similar","link":""},"img":{"alt_text":"","src":"","width":0,"height":0},"classes":[]},{"id":192,"url":"https:\/\/stephenlangfur.com\/es\/stephen-langfur-on-the-philosophy-of-dialogue\/","url_meta":{"origin":985,"position":1},"title":"Sobre Stephen Langfur","author":"Stephen Langfur","date":"enero 2, 2022","format":false,"excerpt":"Foto: davidsheerman.com Stephen Langfur se doctor\u00f3 en Siracusa, donde present\u00f3 su teor\u00eda del Acontecimiento T\u00fa-I. Despu\u00e9s ayud\u00f3 a reconstruir el Programa de Honores (ahora Honors College) de la Universidad de Houston, donde ense\u00f1\u00f3 durante tres a\u00f1os. La promesa de paz en Oriente Medio le atrajo...","rel":"","context":"Entrada similar","block_context":{"text":"Entrada similar","link":""},"img":{"alt_text":"","src":"https:\/\/i0.wp.com\/stephenlangfur.com\/wp-content\/uploads\/2022\/02\/cartoon-of-steve-as-guide.jpg?resize=350%2C200&ssl=1","width":350,"height":200,"srcset":"https:\/\/i0.wp.com\/stephenlangfur.com\/wp-content\/uploads\/2022\/02\/cartoon-of-steve-as-guide.jpg?resize=350%2C200&ssl=1 1x, https:\/\/i0.wp.com\/stephenlangfur.com\/wp-content\/uploads\/2022\/02\/cartoon-of-steve-as-guide.jpg?resize=525%2C300&ssl=1 1.5x, https:\/\/i0.wp.com\/stephenlangfur.com\/wp-content\/uploads\/2022\/02\/cartoon-of-steve-as-guide.jpg?resize=700%2C400&ssl=1 2x"},"classes":[]},{"id":1681,"url":"https:\/\/stephenlangfur.com\/es\/","url_meta":{"origin":985,"position":2},"title":"La filosof\u00eda se encuentra con el beb\u00e9","author":"Stephen Langfur","date":"diciembre 8, 2022","format":false,"excerpt":"\u00a0T\u00fa atiendes, luego yo soy. Este libro encuentra el origen de la autoconciencia en la atenci\u00f3n rec\u00edproca entre el beb\u00e9 y su cuidador. Sirva como ejemplo la mirada rec\u00edproca: Como ocurre con varias especies animales, los ojos de un beb\u00e9 siguen los cambios de mirada de una persona. Evidentemente, cree que la persona est\u00e1 mirando algo. Cuando un...","rel":"","context":"Entrada similar","block_context":{"text":"Entrada similar","link":""},"img":{"alt_text":"Book cover: Philosophy Meets the Infant by Stephen Langfur","src":"https:\/\/i0.wp.com\/stephenlangfur.com\/wp-content\/uploads\/2025\/06\/cover-from-Routledge-site.webp?resize=350%2C200&ssl=1","width":350,"height":200},"classes":[]}],"jetpack_likes_enabled":true,"jetpack_sharing_enabled":true,"_links":{"self":[{"href":"https:\/\/stephenlangfur.com\/es\/wp-json\/wp\/v2\/pages\/985","targetHints":{"allow":["GET"]}}],"collection":[{"href":"https:\/\/stephenlangfur.com\/es\/wp-json\/wp\/v2\/pages"}],"about":[{"href":"https:\/\/stephenlangfur.com\/es\/wp-json\/wp\/v2\/types\/page"}],"author":[{"embeddable":true,"href":"https:\/\/stephenlangfur.com\/es\/wp-json\/wp\/v2\/users\/1"}],"replies":[{"embeddable":true,"href":"https:\/\/stephenlangfur.com\/es\/wp-json\/wp\/v2\/comments?post=985"}],"version-history":[{"count":5,"href":"https:\/\/stephenlangfur.com\/es\/wp-json\/wp\/v2\/pages\/985\/revisions"}],"predecessor-version":[{"id":2275,"href":"https:\/\/stephenlangfur.com\/es\/wp-json\/wp\/v2\/pages\/985\/revisions\/2275"}],"wp:attachment":[{"href":"https:\/\/stephenlangfur.com\/es\/wp-json\/wp\/v2\/media?parent=985"}],"curies":[{"name":"wp","href":"https:\/\/api.w.org\/{rel}","templated":true}]}}