{"id":1928,"date":"2025-06-20T13:38:06","date_gmt":"2025-06-20T10:38:06","guid":{"rendered":"https:\/\/stephenlangfur.com\/?page_id=1928"},"modified":"2025-08-02T11:27:57","modified_gmt":"2025-08-02T08:27:57","slug":"a-podcast-about-philosophy-meets-the-infant-by-stephen-langfur","status":"publish","type":"page","link":"https:\/\/stephenlangfur.com\/es\/a-podcast-about-philosophy-meets-the-infant-by-stephen-langfur\/","title":{"rendered":"Podcasts \ud83c\uddfa\ud83c\uddf8 \ud83c\uddea\ud83c\uddf8 \ud83c\udde9\ud83c\uddea"},"content":{"rendered":"<p class=\"has-large-font-size\"><\/p>\n\n\n\n<h3 class=\"wp-block-heading\">\ud83c\udfa7 <strong>En ingl\u00e9s: <\/strong>Un debate sobre <em>La filosof\u00eda se encuentra con el beb\u00e9<\/em>Cap\u00edtulo 1: Presentaci\u00f3n del evento You-I. El podcast es el resultado de las interacciones entre el autor y NotebookLM.<\/h3>\n\n\n\n<figure class=\"wp-block-audio\"><audio controls src=\"https:\/\/stephenlangfur.com\/wp-content\/uploads\/2025\/07\/July-25-w-new-on-s-a.mp3\"><\/audio><\/figure>\n\n\n\n<h3 class=\"wp-block-heading\">\ud83c\udfa7 <strong>En espa\u00f1ol:<\/strong> Una discusi\u00f3n con IA de <em>La filosof\u00eda se encuentra con el <em>beb\u00e9<\/em><\/em>, Cap\u00edtulo 1: Presentaci\u00f3n del Evento T\u00fa-Yo.<\/h3>\n\n\n\n<figure class=\"wp-block-audio\"><audio controls src=\"https:\/\/stephenlangfur.com\/wp-content\/uploads\/2025\/07\/use_July-3_La-Filosofia-y-el-Infante_-El-Evento-Tu-Yo-mp3-1.mp3\"><\/audio><\/figure>\n\n\n\n<p class=\"\"><\/p>\n\n\n\n<h3 class=\"wp-block-heading\">\ud83c\udfa7 <strong>En alem\u00e1n:<\/strong> Una discusi\u00f3n de KI sobre <em>La filosof\u00eda se encuentra con el beb\u00e9<\/em>, Kapitel 1: Einf\u00fchrung in das Du-Ich-Ereignis.<\/h3>\n\n\n\n<figure class=\"wp-block-audio\"><audio controls src=\"https:\/\/stephenlangfur.com\/wp-content\/uploads\/2025\/07\/German-5-audiomass-output.mp3\"><\/audio><\/figure>\n\n\n\n<p class=\"\"><a href=\"https:\/\/stephenlangfur.com\/es\/order-now\/\">Pedir el libro en ingl\u00e9s<\/a><\/p>\n\n\n\n<p class=\"\"><\/p>","protected":false},"excerpt":{"rendered":"<p>\ud83c\udfa7 En ingl\u00e9s: Un debate sobre La filosof\u00eda se encuentra con el infante, Cap\u00edtulo 1: Presentaci\u00f3n del evento T\u00fa-Yo. El podcast es el resultado de las interacciones entre el...<\/p>\n<div class=\"more-link-wrapper\"><a class=\"more-link\" href=\"https:\/\/stephenlangfur.com\/es\/a-podcast-about-philosophy-meets-the-infant-by-stephen-langfur\/\">Seguir leyendo<span class=\"screen-reader-text\">Podcasts \ud83c\uddfa\ud83c\uddf8 \ud83c\uddea\ud83c\uddf8 \ud83c\udde9\ud83c\uddea<\/span><\/a><\/div>","protected":false},"author":1,"featured_media":0,"parent":0,"menu_order":0,"comment_status":"closed","ping_status":"closed","template":"","meta":{"nf_dc_page":"","om_disable_all_campaigns":false,"_monsterinsights_skip_tracking":false,"_monsterinsights_sitenote_active":false,"_monsterinsights_sitenote_note":"","_monsterinsights_sitenote_category":0,"footnotes":""},"class_list":["post-1928","page","type-page","status-publish","hentry","ratio-natural","entry"],"yoast_head":"<!-- This site is optimized with the Yoast SEO plugin v27.4 - https:\/\/yoast.com\/product\/yoast-seo-wordpress\/ -->\n<title>Podcasts \ud83c\uddfa\ud83c\uddf8 \ud83c\uddea\ud83c\uddf8 \ud83c\udde9\ud83c\uddea - Philosophy Meets the Infant<\/title>\n<meta name=\"robots\" content=\"index, follow, max-snippet:-1, max-image-preview:large, max-video-preview:-1\" \/>\n<link rel=\"canonical\" href=\"https:\/\/stephenlangfur.com\/es\/a-podcast-about-philosophy-meets-the-infant-by-stephen-langfur\/\" \/>\n<meta property=\"og:locale\" content=\"es_ES\" \/>\n<meta property=\"og:type\" content=\"article\" \/>\n<meta property=\"og:title\" content=\"Podcasts \ud83c\uddfa\ud83c\uddf8 \ud83c\uddea\ud83c\uddf8 \ud83c\udde9\ud83c\uddea - Philosophy Meets the Infant\" \/>\n<meta property=\"og:description\" content=\"\ud83c\udfa7 In English: A discussion of Philosophy Meets the Infant, Chapter 1: Introducing the You-I Event. The podcast is a result of interactions between the&#8230;\" \/>\n<meta property=\"og:url\" content=\"https:\/\/stephenlangfur.com\/es\/a-podcast-about-philosophy-meets-the-infant-by-stephen-langfur\/\" \/>\n<meta property=\"og:site_name\" content=\"Philosophy Meets the Infant\" \/>\n<meta property=\"article:publisher\" content=\"https:\/\/www.facebook.com\/stephen.langfur\" \/>\n<meta property=\"article:modified_time\" content=\"2025-08-02T08:27:57+00:00\" \/>\n<meta name=\"twitter:card\" content=\"summary_large_image\" \/>\n<meta name=\"twitter:site\" content=\"@StephenLangfur\" \/>\n<meta name=\"twitter:label1\" content=\"Tiempo de lectura\" \/>\n\t<meta name=\"twitter:data1\" content=\"1 minuto\" \/>\n<script type=\"application\/ld+json\" class=\"yoast-schema-graph\">{\"@context\":\"https:\\\/\\\/schema.org\",\"@graph\":[{\"@type\":\"WebPage\",\"@id\":\"https:\\\/\\\/stephenlangfur.com\\\/a-podcast-about-philosophy-meets-the-infant-by-stephen-langfur\\\/\",\"url\":\"https:\\\/\\\/stephenlangfur.com\\\/a-podcast-about-philosophy-meets-the-infant-by-stephen-langfur\\\/\",\"name\":\"Podcasts \ud83c\uddfa\ud83c\uddf8 \ud83c\uddea\ud83c\uddf8 \ud83c\udde9\ud83c\uddea - Philosophy Meets the Infant\",\"isPartOf\":{\"@id\":\"https:\\\/\\\/stephenlangfur.com\\\/#website\"},\"datePublished\":\"2025-06-20T10:38:06+00:00\",\"dateModified\":\"2025-08-02T08:27:57+00:00\",\"breadcrumb\":{\"@id\":\"https:\\\/\\\/stephenlangfur.com\\\/a-podcast-about-philosophy-meets-the-infant-by-stephen-langfur\\\/#breadcrumb\"},\"inLanguage\":\"es\",\"potentialAction\":[{\"@type\":\"ReadAction\",\"target\":[\"https:\\\/\\\/stephenlangfur.com\\\/a-podcast-about-philosophy-meets-the-infant-by-stephen-langfur\\\/\"]}]},{\"@type\":\"BreadcrumbList\",\"@id\":\"https:\\\/\\\/stephenlangfur.com\\\/a-podcast-about-philosophy-meets-the-infant-by-stephen-langfur\\\/#breadcrumb\",\"itemListElement\":[{\"@type\":\"ListItem\",\"position\":1,\"name\":\"Home\",\"item\":\"https:\\\/\\\/stephenlangfur.com\\\/\"},{\"@type\":\"ListItem\",\"position\":2,\"name\":\"Podcasts \ud83c\uddfa\ud83c\uddf8 \ud83c\uddea\ud83c\uddf8 \ud83c\udde9\ud83c\uddea\"}]},{\"@type\":\"WebSite\",\"@id\":\"https:\\\/\\\/stephenlangfur.com\\\/#website\",\"url\":\"https:\\\/\\\/stephenlangfur.com\\\/\",\"name\":\"Philosophy Meets the Infant\",\"description\":\"How infancy research transforms the understanding of human existence\",\"publisher\":{\"@id\":\"https:\\\/\\\/stephenlangfur.com\\\/#\\\/schema\\\/person\\\/76c4c0a7980b8bc2d00134a8e6ea2ee4\"},\"potentialAction\":[{\"@type\":\"SearchAction\",\"target\":{\"@type\":\"EntryPoint\",\"urlTemplate\":\"https:\\\/\\\/stephenlangfur.com\\\/?s={search_term_string}\"},\"query-input\":{\"@type\":\"PropertyValueSpecification\",\"valueRequired\":true,\"valueName\":\"search_term_string\"}}],\"inLanguage\":\"es\"},{\"@type\":[\"Person\",\"Organization\"],\"@id\":\"https:\\\/\\\/stephenlangfur.com\\\/#\\\/schema\\\/person\\\/76c4c0a7980b8bc2d00134a8e6ea2ee4\",\"name\":\"Stephen Langfur\",\"image\":{\"@type\":\"ImageObject\",\"inLanguage\":\"es\",\"@id\":\"https:\\\/\\\/secure.gravatar.com\\\/avatar\\\/a7a7876096f4db546964266ab19c7b74d12fcac0f35b7d28287a86ecb324b104?s=96&d=mm&r=g\",\"url\":\"https:\\\/\\\/secure.gravatar.com\\\/avatar\\\/a7a7876096f4db546964266ab19c7b74d12fcac0f35b7d28287a86ecb324b104?s=96&d=mm&r=g\",\"contentUrl\":\"https:\\\/\\\/secure.gravatar.com\\\/avatar\\\/a7a7876096f4db546964266ab19c7b74d12fcac0f35b7d28287a86ecb324b104?s=96&d=mm&r=g\",\"caption\":\"Stephen Langfur\"},\"logo\":{\"@id\":\"https:\\\/\\\/secure.gravatar.com\\\/avatar\\\/a7a7876096f4db546964266ab19c7b74d12fcac0f35b7d28287a86ecb324b104?s=96&d=mm&r=g\"},\"description\":\"Stephen Langfur received a doctorate from Syracuse, in which he presented his theory of the You-I Event. He then helped rebuild the Honors Program (now Honors College) at the University of Houston, teaching in it for three years. The promise of peace in the Middle East lured him to Israel in 1979, where he favored hiking over academe, becoming a guide. A decade later, he wrote in his first book: \u201cWhen I was ten years younger and full of hope, I departed the USA with wife and daughter and moved to Israel. What follow are notes from an army cell, to which I have been sentenced for refusing to go into the West Bank against the Palestinians.\u201d \u2013 Confession from a Jericho Jail (Grove Weidenfeld, 1992, now published in a 2nd edition by Fomite Press). After his release, Langfur discovered that new findings in infancy research supported the idea of his dissertation. He presented it in philosophy and psychology journals \u2013 and now in Philosophy Meets the Infant.\",\"sameAs\":[\"http:\\\/\\\/stephenlangfur.com\",\"https:\\\/\\\/www.facebook.com\\\/stephen.langfur\",\"https:\\\/\\\/x.com\\\/StephenLangfur\"]}]}<\/script>\n<!-- \/ Yoast SEO plugin. -->","yoast_head_json":{"title":"Podcasts \ud83c\uddfa\ud83c\uddf8 \ud83c\uddea\ud83c\uddf8 \ud83c\udde9\ud83c\uddea - Philosophy Meets the Infant","robots":{"index":"index","follow":"follow","max-snippet":"max-snippet:-1","max-image-preview":"max-image-preview:large","max-video-preview":"max-video-preview:-1"},"canonical":"https:\/\/stephenlangfur.com\/es\/a-podcast-about-philosophy-meets-the-infant-by-stephen-langfur\/","og_locale":"es_ES","og_type":"article","og_title":"Podcasts \ud83c\uddfa\ud83c\uddf8 \ud83c\uddea\ud83c\uddf8 \ud83c\udde9\ud83c\uddea - Philosophy Meets the Infant","og_description":"\ud83c\udfa7 In English: A discussion of Philosophy Meets the Infant, Chapter 1: Introducing the You-I Event. The podcast is a result of interactions between the&#8230;","og_url":"https:\/\/stephenlangfur.com\/es\/a-podcast-about-philosophy-meets-the-infant-by-stephen-langfur\/","og_site_name":"Philosophy Meets the Infant","article_publisher":"https:\/\/www.facebook.com\/stephen.langfur","article_modified_time":"2025-08-02T08:27:57+00:00","twitter_card":"summary_large_image","twitter_site":"@StephenLangfur","twitter_misc":{"Tiempo de lectura":"1 minuto"},"schema":{"@context":"https:\/\/schema.org","@graph":[{"@type":"WebPage","@id":"https:\/\/stephenlangfur.com\/a-podcast-about-philosophy-meets-the-infant-by-stephen-langfur\/","url":"https:\/\/stephenlangfur.com\/a-podcast-about-philosophy-meets-the-infant-by-stephen-langfur\/","name":"Podcasts \ud83c\uddfa\ud83c\uddf8 \ud83c\uddea\ud83c\uddf8 \ud83c\udde9\ud83c\uddea - Philosophy Meets the Infant","isPartOf":{"@id":"https:\/\/stephenlangfur.com\/#website"},"datePublished":"2025-06-20T10:38:06+00:00","dateModified":"2025-08-02T08:27:57+00:00","breadcrumb":{"@id":"https:\/\/stephenlangfur.com\/a-podcast-about-philosophy-meets-the-infant-by-stephen-langfur\/#breadcrumb"},"inLanguage":"es","potentialAction":[{"@type":"ReadAction","target":["https:\/\/stephenlangfur.com\/a-podcast-about-philosophy-meets-the-infant-by-stephen-langfur\/"]}]},{"@type":"BreadcrumbList","@id":"https:\/\/stephenlangfur.com\/a-podcast-about-philosophy-meets-the-infant-by-stephen-langfur\/#breadcrumb","itemListElement":[{"@type":"ListItem","position":1,"name":"Home","item":"https:\/\/stephenlangfur.com\/"},{"@type":"ListItem","position":2,"name":"Podcasts \ud83c\uddfa\ud83c\uddf8 \ud83c\uddea\ud83c\uddf8 \ud83c\udde9\ud83c\uddea"}]},{"@type":"WebSite","@id":"https:\/\/stephenlangfur.com\/#website","url":"https:\/\/stephenlangfur.com\/","name":"La filosof\u00eda se encuentra con el beb\u00e9","description":"C\u00f3mo la investigaci\u00f3n sobre la infancia transforma la comprensi\u00f3n de la existencia humana","publisher":{"@id":"https:\/\/stephenlangfur.com\/#\/schema\/person\/76c4c0a7980b8bc2d00134a8e6ea2ee4"},"potentialAction":[{"@type":"SearchAction","target":{"@type":"EntryPoint","urlTemplate":"https:\/\/stephenlangfur.com\/?s={search_term_string}"},"query-input":{"@type":"PropertyValueSpecification","valueRequired":true,"valueName":"search_term_string"}}],"inLanguage":"es"},{"@type":["Person","Organization"],"@id":"https:\/\/stephenlangfur.com\/#\/schema\/person\/76c4c0a7980b8bc2d00134a8e6ea2ee4","name":"Stephen Langfur","image":{"@type":"ImageObject","inLanguage":"es","@id":"https:\/\/secure.gravatar.com\/avatar\/a7a7876096f4db546964266ab19c7b74d12fcac0f35b7d28287a86ecb324b104?s=96&d=mm&r=g","url":"https:\/\/secure.gravatar.com\/avatar\/a7a7876096f4db546964266ab19c7b74d12fcac0f35b7d28287a86ecb324b104?s=96&d=mm&r=g","contentUrl":"https:\/\/secure.gravatar.com\/avatar\/a7a7876096f4db546964266ab19c7b74d12fcac0f35b7d28287a86ecb324b104?s=96&d=mm&r=g","caption":"Stephen Langfur"},"logo":{"@id":"https:\/\/secure.gravatar.com\/avatar\/a7a7876096f4db546964266ab19c7b74d12fcac0f35b7d28287a86ecb324b104?s=96&d=mm&r=g"},"description":"Stephen Langfur se doctor\u00f3 en Siracusa, donde present\u00f3 su teor\u00eda del Acontecimiento T\u00fa-I. Despu\u00e9s ayud\u00f3 a reconstruir el Programa de Honores (ahora Honors College) de la Universidad de Houston, donde ense\u00f1\u00f3 durante tres a\u00f1os. La promesa de paz en Oriente Pr\u00f3ximo le atrajo a Israel en 1979, donde prefiri\u00f3 el senderismo al mundo acad\u00e9mico, convirti\u00e9ndose en gu\u00eda. Una d\u00e9cada despu\u00e9s, escribi\u00f3 en su primer libro: \"Cuando era diez a\u00f1os m\u00e1s joven y estaba lleno de esperanza, dej\u00e9 Estados Unidos con mi mujer y mi hija y me traslad\u00e9 a Israel\". Lo que sigue son notas desde una celda del ej\u00e9rcito, a la que he sido condenado por negarme a entrar en Cisjordania contra los palestinos\". - Confesi\u00f3n desde una c\u00e1rcel de Jeric\u00f3 (Grove Weidenfeld, 1992, ahora publicado en 2\u00aa edici\u00f3n por Fomite Press). Tras su liberaci\u00f3n, Langfur descubri\u00f3 que nuevos hallazgos en la investigaci\u00f3n sobre la infancia apoyaban la idea de su tesis. La present\u00f3 en revistas de filosof\u00eda y psicolog\u00eda, y ahora en Philosophy Meets the Infant.","sameAs":["http:\/\/stephenlangfur.com","https:\/\/www.facebook.com\/stephen.langfur","https:\/\/x.com\/StephenLangfur"]}]}},"jetpack-related-posts":[{"id":1681,"url":"https:\/\/stephenlangfur.com\/es\/","url_meta":{"origin":1928,"position":0},"title":"La filosof\u00eda se encuentra con el beb\u00e9","author":"Stephen Langfur","date":"diciembre 8, 2022","format":false,"excerpt":"\u00a0T\u00fa atiendes, luego yo soy. Este libro encuentra el origen de la autoconciencia en la atenci\u00f3n rec\u00edproca entre el beb\u00e9 y su cuidador. Sirva como ejemplo la mirada rec\u00edproca: Como ocurre con varias especies animales, los ojos de un beb\u00e9 siguen los cambios de mirada de una persona. Evidentemente, cree que la persona est\u00e1 mirando algo. Cuando un...","rel":"","context":"Entrada similar","block_context":{"text":"Entrada similar","link":""},"img":{"alt_text":"Book cover: Philosophy Meets the Infant by Stephen Langfur","src":"https:\/\/i0.wp.com\/stephenlangfur.com\/wp-content\/uploads\/2025\/06\/cover-from-Routledge-site.webp?resize=350%2C200&ssl=1","width":350,"height":200},"classes":[]}],"jetpack_likes_enabled":true,"jetpack_sharing_enabled":true,"_links":{"self":[{"href":"https:\/\/stephenlangfur.com\/es\/wp-json\/wp\/v2\/pages\/1928","targetHints":{"allow":["GET"]}}],"collection":[{"href":"https:\/\/stephenlangfur.com\/es\/wp-json\/wp\/v2\/pages"}],"about":[{"href":"https:\/\/stephenlangfur.com\/es\/wp-json\/wp\/v2\/types\/page"}],"author":[{"embeddable":true,"href":"https:\/\/stephenlangfur.com\/es\/wp-json\/wp\/v2\/users\/1"}],"replies":[{"embeddable":true,"href":"https:\/\/stephenlangfur.com\/es\/wp-json\/wp\/v2\/comments?post=1928"}],"version-history":[{"count":5,"href":"https:\/\/stephenlangfur.com\/es\/wp-json\/wp\/v2\/pages\/1928\/revisions"}],"predecessor-version":[{"id":2543,"href":"https:\/\/stephenlangfur.com\/es\/wp-json\/wp\/v2\/pages\/1928\/revisions\/2543"}],"wp:attachment":[{"href":"https:\/\/stephenlangfur.com\/es\/wp-json\/wp\/v2\/media?parent=1928"}],"curies":[{"name":"wp","href":"https:\/\/api.w.org\/{rel}","templated":true}]}}