{"id":192,"date":"2022-01-02T10:54:37","date_gmt":"2022-01-02T08:54:37","guid":{"rendered":"http:\/\/box2499.temp.domains\/~tephenla\/?page_id=192"},"modified":"2025-07-06T14:32:23","modified_gmt":"2025-07-06T11:32:23","slug":"stephen-langfur-on-the-philosophy-of-dialogue","status":"publish","type":"page","link":"https:\/\/stephenlangfur.com\/es\/stephen-langfur-on-the-philosophy-of-dialogue\/","title":{"rendered":"Sobre Stephen Langfur"},"content":{"rendered":"<p class=\"\"><\/p>\n\n\n<div class=\"wp-block-image wp-block-image alignleft size-full is-resized\">\n<figure ><img data-recalc-dims=\"1\" fetchpriority=\"high\" decoding=\"async\" width=\"200\" height=\"315\" src=\"https:\/\/i0.wp.com\/stephenlangfur.com\/wp-content\/uploads\/2021\/12\/Steve-close-up-2.jpg?resize=200%2C315&#038;ssl=1\" alt=\"\" class=\"wp-image-111\" srcset=\"https:\/\/i0.wp.com\/stephenlangfur.com\/wp-content\/uploads\/2021\/12\/Steve-close-up-2.jpg?w=200&amp;ssl=1 200w, https:\/\/i0.wp.com\/stephenlangfur.com\/wp-content\/uploads\/2021\/12\/Steve-close-up-2.jpg?resize=190%2C300&amp;ssl=1 190w\" sizes=\"(max-width: 200px) 100vw, 200px\" \/><figcaption class=\"wp-element-caption\">Foto: davidsheerman.com<\/figcaption><\/figure>\n<\/div>\n\n\n<p class=\"\">Stephen Langfur se doctor\u00f3 en Siracusa, donde present\u00f3 su teor\u00eda del Evento T\u00fa-I. Despu\u00e9s ayud\u00f3 a reconstruir el Programa de Honores (ahora Honors College) de la Universidad de Houston, donde ense\u00f1\u00f3 durante tres a\u00f1os. La promesa de paz en Oriente Pr\u00f3ximo le atrajo a Israel en 1979, donde prefiri\u00f3 el senderismo al mundo acad\u00e9mico, convirti\u00e9ndose en gu\u00eda. Una d\u00e9cada despu\u00e9s, escribi\u00f3 en su primer libro:<\/p>\n\n\n\n<p class=\"translation-block\">\"Cuando era diez a\u00f1os m\u00e1s joven y estaba lleno de esperanza, dej\u00e9 Estados Unidos con mi mujer y mi hija y me traslad\u00e9 a Israel. Lo que sigue son notas desde una celda del ej\u00e9rcito, a la que he sido condenado por negarme a entrar en Cisjordania contra los palestinos\". - Confesi\u00f3n desde una c\u00e1rcel de Jeric\u00f3 (Grove Weidenfeld, 1992, ahora publicado en 2\u00aa edici\u00f3n por Fomite Press).<\/p>\n\n\n\n<p class=\"translation-block\">Tras su liberaci\u00f3n, Langfur descubri\u00f3 que nuevos hallazgos en la investigaci\u00f3n sobre la infancia apoyaban la idea de su tesis. La present\u00f3 en revistas de filosof\u00eda y psicolog\u00eda, y ahora en Philosophy Meets the Infant.<\/p>\n\n\n\n<p class=\"\"><\/p>\n\n\n\n<hr class=\"wp-block-separator has-css-opacity\"\/>\n\n\n\n<p class=\"\">Langfur como gu\u00eda tur\u00edstico:<\/p>\n\n\n<div class=\"wp-block-image\">\n<figure class=\"aligncenter size-large\"><img data-recalc-dims=\"1\" decoding=\"async\" width=\"791\" height=\"1024\" src=\"https:\/\/i0.wp.com\/stephenlangfur.com\/wp-content\/uploads\/2022\/02\/cartoon-of-steve-as-guide.jpg?resize=791%2C1024&#038;ssl=1\" alt=\"\" class=\"wp-image-1383\" srcset=\"https:\/\/i0.wp.com\/stephenlangfur.com\/wp-content\/uploads\/2022\/02\/cartoon-of-steve-as-guide.jpg?resize=791%2C1024&amp;ssl=1 791w, https:\/\/i0.wp.com\/stephenlangfur.com\/wp-content\/uploads\/2022\/02\/cartoon-of-steve-as-guide.jpg?resize=232%2C300&amp;ssl=1 232w, https:\/\/i0.wp.com\/stephenlangfur.com\/wp-content\/uploads\/2022\/02\/cartoon-of-steve-as-guide.jpg?resize=768%2C994&amp;ssl=1 768w, https:\/\/i0.wp.com\/stephenlangfur.com\/wp-content\/uploads\/2022\/02\/cartoon-of-steve-as-guide.jpg?w=800&amp;ssl=1 800w\" sizes=\"(max-width: 791px) 100vw, 791px\" \/><\/figure>\n<\/div>\n\n\n<h2 class=\"wp-block-heading\" id=\"family-life\">Vida familiar<\/h2>\n\n\n\n<p class=\"\">Langfur tiene un hijo, Benny, que es compositor y m\u00fasico, y una hija, Talya, que es fisioterapeuta. Est\u00e1 casado con la activista pol\u00edtica Roni Ben Efrat, cuyos hijos son Ruti, psic\u00f3loga cl\u00ednica, y Yonatan, profesor de secundaria. Tienen nietos: Susu, Sara, Toto y Lara. Es curioso que, para un abuelo, el mundo pueda parecer aburrido y rutinario durante gran parte del tiempo, pero no hay nada tan emocionante como ver a su nieto descubri\u00e9ndolo:<\/p>\n\n\n\n<figure class=\"wp-block-image size-large\"><img data-recalc-dims=\"1\" decoding=\"async\" width=\"1024\" height=\"577\" src=\"https:\/\/i0.wp.com\/stephenlangfur.com\/wp-content\/uploads\/2021\/12\/Sara-rejoicing.jpg?resize=1024%2C577&#038;ssl=1\" alt=\"\" class=\"wp-image-90\" srcset=\"https:\/\/i0.wp.com\/stephenlangfur.com\/wp-content\/uploads\/2021\/12\/Sara-rejoicing.jpg?resize=1024%2C577&amp;ssl=1 1024w, https:\/\/i0.wp.com\/stephenlangfur.com\/wp-content\/uploads\/2021\/12\/Sara-rejoicing.jpg?resize=300%2C169&amp;ssl=1 300w, https:\/\/i0.wp.com\/stephenlangfur.com\/wp-content\/uploads\/2021\/12\/Sara-rejoicing.jpg?resize=768%2C432&amp;ssl=1 768w, https:\/\/i0.wp.com\/stephenlangfur.com\/wp-content\/uploads\/2021\/12\/Sara-rejoicing.jpg?w=1268&amp;ssl=1 1268w\" sizes=\"(max-width: 1000px) 100vw, 1000px\" \/><figcaption class=\"wp-element-caption\">De izquierda a derecha: Susu, Roni, Toto y Sara de vacaciones en Devon, Inglaterra (2016).<\/figcaption><\/figure>\n\n\n\n<p class=\"\"><a href=\"https:\/\/stephenlangfur.com\/es\/order-now\/\">Pida <em>La filosof\u00eda se encuentra con el beb\u00e9<\/em><\/a><\/p>","protected":false},"excerpt":{"rendered":"<p>Stephen Langfur se doctor\u00f3 en Siracusa, donde present\u00f3 su teor\u00eda del Acontecimiento T\u00fa-I. Despu\u00e9s ayud\u00f3 a reconstruir el Programa de Honores (ahora...<\/p>\n<div class=\"more-link-wrapper\"><a class=\"more-link\" href=\"https:\/\/stephenlangfur.com\/es\/stephen-langfur-on-the-philosophy-of-dialogue\/\">Seguir leyendo<span class=\"screen-reader-text\">Sobre Stephen Langfur<\/span><\/a><\/div>","protected":false},"author":1,"featured_media":0,"parent":0,"menu_order":0,"comment_status":"closed","ping_status":"closed","template":"","meta":{"nf_dc_page":"about","om_disable_all_campaigns":false,"_monsterinsights_skip_tracking":false,"_monsterinsights_sitenote_active":false,"_monsterinsights_sitenote_note":"","_monsterinsights_sitenote_category":0,"footnotes":""},"class_list":["post-192","page","type-page","status-publish","hentry","ratio-natural","entry"],"yoast_head":"<!-- This site is optimized with the Yoast SEO plugin v27.4 - https:\/\/yoast.com\/product\/yoast-seo-wordpress\/ -->\n<title>Stephen Langfur - Philosophy Meets the Infant<\/title>\n<meta name=\"description\" content=\"Using infancy research, Stephen Langfur takes a systematic approach to Martin Buber&#039;s saying, &quot;A human being becomes I through a You.&quot;\" \/>\n<meta name=\"robots\" content=\"index, follow, max-snippet:-1, max-image-preview:large, max-video-preview:-1\" \/>\n<link rel=\"canonical\" href=\"https:\/\/stephenlangfur.com\/es\/stephen-langfur-on-the-philosophy-of-dialogue\/\" \/>\n<meta property=\"og:locale\" content=\"es_ES\" \/>\n<meta property=\"og:type\" content=\"article\" \/>\n<meta property=\"og:title\" content=\"Stephen Langfur - Philosophy Meets the Infant\" \/>\n<meta property=\"og:url\" content=\"https:\/\/stephenlangfur.com\/es\/stephen-langfur-on-the-philosophy-of-dialogue\/\" \/>\n<meta property=\"og:site_name\" content=\"Philosophy Meets the Infant\" \/>\n<meta property=\"article:publisher\" content=\"https:\/\/www.facebook.com\/stephen.langfur\" \/>\n<meta property=\"article:modified_time\" content=\"2025-07-06T11:32:23+00:00\" \/>\n<meta property=\"og:image\" content=\"https:\/\/stephenlangfur.com\/wp-content\/uploads\/2021\/12\/Steve-close-up-2.jpg\" \/>\n<meta name=\"twitter:card\" content=\"summary_large_image\" \/>\n<meta name=\"twitter:site\" content=\"@StephenLangfur\" \/>\n<meta name=\"twitter:label1\" content=\"Tiempo de lectura\" \/>\n\t<meta name=\"twitter:data1\" content=\"2 minutos\" \/>\n<script type=\"application\/ld+json\" class=\"yoast-schema-graph\">{\"@context\":\"https:\\\/\\\/schema.org\",\"@graph\":[{\"@type\":\"WebPage\",\"@id\":\"https:\\\/\\\/stephenlangfur.com\\\/stephen-langfur-on-the-philosophy-of-dialogue\\\/\",\"url\":\"https:\\\/\\\/stephenlangfur.com\\\/stephen-langfur-on-the-philosophy-of-dialogue\\\/\",\"name\":\"Stephen Langfur - Philosophy Meets the Infant\",\"isPartOf\":{\"@id\":\"https:\\\/\\\/stephenlangfur.com\\\/#website\"},\"primaryImageOfPage\":{\"@id\":\"https:\\\/\\\/stephenlangfur.com\\\/stephen-langfur-on-the-philosophy-of-dialogue\\\/#primaryimage\"},\"image\":{\"@id\":\"https:\\\/\\\/stephenlangfur.com\\\/stephen-langfur-on-the-philosophy-of-dialogue\\\/#primaryimage\"},\"thumbnailUrl\":\"https:\\\/\\\/stephenlangfur.com\\\/wp-content\\\/uploads\\\/2021\\\/12\\\/Steve-close-up-2.jpg\",\"datePublished\":\"2022-01-02T08:54:37+00:00\",\"dateModified\":\"2025-07-06T11:32:23+00:00\",\"description\":\"Using infancy research, Stephen Langfur takes a systematic approach to Martin Buber's saying, \\\"A human being becomes I through a You.\\\"\",\"breadcrumb\":{\"@id\":\"https:\\\/\\\/stephenlangfur.com\\\/stephen-langfur-on-the-philosophy-of-dialogue\\\/#breadcrumb\"},\"inLanguage\":\"es\",\"potentialAction\":[{\"@type\":\"ReadAction\",\"target\":[\"https:\\\/\\\/stephenlangfur.com\\\/stephen-langfur-on-the-philosophy-of-dialogue\\\/\"]}]},{\"@type\":\"ImageObject\",\"inLanguage\":\"es\",\"@id\":\"https:\\\/\\\/stephenlangfur.com\\\/stephen-langfur-on-the-philosophy-of-dialogue\\\/#primaryimage\",\"url\":\"https:\\\/\\\/stephenlangfur.com\\\/wp-content\\\/uploads\\\/2021\\\/12\\\/Steve-close-up-2.jpg\",\"contentUrl\":\"https:\\\/\\\/stephenlangfur.com\\\/wp-content\\\/uploads\\\/2021\\\/12\\\/Steve-close-up-2.jpg\"},{\"@type\":\"BreadcrumbList\",\"@id\":\"https:\\\/\\\/stephenlangfur.com\\\/stephen-langfur-on-the-philosophy-of-dialogue\\\/#breadcrumb\",\"itemListElement\":[{\"@type\":\"ListItem\",\"position\":1,\"name\":\"Home\",\"item\":\"https:\\\/\\\/stephenlangfur.com\\\/\"},{\"@type\":\"ListItem\",\"position\":2,\"name\":\"About Stephen Langfur\"}]},{\"@type\":\"WebSite\",\"@id\":\"https:\\\/\\\/stephenlangfur.com\\\/#website\",\"url\":\"https:\\\/\\\/stephenlangfur.com\\\/\",\"name\":\"Philosophy Meets the Infant\",\"description\":\"How infancy research transforms the understanding of human existence\",\"publisher\":{\"@id\":\"https:\\\/\\\/stephenlangfur.com\\\/#\\\/schema\\\/person\\\/76c4c0a7980b8bc2d00134a8e6ea2ee4\"},\"potentialAction\":[{\"@type\":\"SearchAction\",\"target\":{\"@type\":\"EntryPoint\",\"urlTemplate\":\"https:\\\/\\\/stephenlangfur.com\\\/?s={search_term_string}\"},\"query-input\":{\"@type\":\"PropertyValueSpecification\",\"valueRequired\":true,\"valueName\":\"search_term_string\"}}],\"inLanguage\":\"es\"},{\"@type\":[\"Person\",\"Organization\"],\"@id\":\"https:\\\/\\\/stephenlangfur.com\\\/#\\\/schema\\\/person\\\/76c4c0a7980b8bc2d00134a8e6ea2ee4\",\"name\":\"Stephen Langfur\",\"image\":{\"@type\":\"ImageObject\",\"inLanguage\":\"es\",\"@id\":\"https:\\\/\\\/secure.gravatar.com\\\/avatar\\\/a7a7876096f4db546964266ab19c7b74d12fcac0f35b7d28287a86ecb324b104?s=96&d=mm&r=g\",\"url\":\"https:\\\/\\\/secure.gravatar.com\\\/avatar\\\/a7a7876096f4db546964266ab19c7b74d12fcac0f35b7d28287a86ecb324b104?s=96&d=mm&r=g\",\"contentUrl\":\"https:\\\/\\\/secure.gravatar.com\\\/avatar\\\/a7a7876096f4db546964266ab19c7b74d12fcac0f35b7d28287a86ecb324b104?s=96&d=mm&r=g\",\"caption\":\"Stephen Langfur\"},\"logo\":{\"@id\":\"https:\\\/\\\/secure.gravatar.com\\\/avatar\\\/a7a7876096f4db546964266ab19c7b74d12fcac0f35b7d28287a86ecb324b104?s=96&d=mm&r=g\"},\"description\":\"Stephen Langfur received a doctorate from Syracuse, in which he presented his theory of the You-I Event. He then helped rebuild the Honors Program (now Honors College) at the University of Houston, teaching in it for three years. The promise of peace in the Middle East lured him to Israel in 1979, where he favored hiking over academe, becoming a guide. A decade later, he wrote in his first book: \u201cWhen I was ten years younger and full of hope, I departed the USA with wife and daughter and moved to Israel. What follow are notes from an army cell, to which I have been sentenced for refusing to go into the West Bank against the Palestinians.\u201d \u2013 Confession from a Jericho Jail (Grove Weidenfeld, 1992, now published in a 2nd edition by Fomite Press). After his release, Langfur discovered that new findings in infancy research supported the idea of his dissertation. He presented it in philosophy and psychology journals \u2013 and now in Philosophy Meets the Infant.\",\"sameAs\":[\"http:\\\/\\\/stephenlangfur.com\",\"https:\\\/\\\/www.facebook.com\\\/stephen.langfur\",\"https:\\\/\\\/x.com\\\/StephenLangfur\"]}]}<\/script>\n<!-- \/ Yoast SEO plugin. -->","yoast_head_json":{"title":"Stephen Langfur - Philosophy Meets the Infant","description":"Using infancy research, Stephen Langfur takes a systematic approach to Martin Buber's saying, \"A human being becomes I through a You.\"","robots":{"index":"index","follow":"follow","max-snippet":"max-snippet:-1","max-image-preview":"max-image-preview:large","max-video-preview":"max-video-preview:-1"},"canonical":"https:\/\/stephenlangfur.com\/es\/stephen-langfur-on-the-philosophy-of-dialogue\/","og_locale":"es_ES","og_type":"article","og_title":"Stephen Langfur - Philosophy Meets the Infant","og_url":"https:\/\/stephenlangfur.com\/es\/stephen-langfur-on-the-philosophy-of-dialogue\/","og_site_name":"Philosophy Meets the Infant","article_publisher":"https:\/\/www.facebook.com\/stephen.langfur","article_modified_time":"2025-07-06T11:32:23+00:00","og_image":[{"url":"https:\/\/stephenlangfur.com\/wp-content\/uploads\/2021\/12\/Steve-close-up-2.jpg","type":"","width":"","height":""}],"twitter_card":"summary_large_image","twitter_site":"@StephenLangfur","twitter_misc":{"Tiempo de lectura":"2 minutos"},"schema":{"@context":"https:\/\/schema.org","@graph":[{"@type":"WebPage","@id":"https:\/\/stephenlangfur.com\/stephen-langfur-on-the-philosophy-of-dialogue\/","url":"https:\/\/stephenlangfur.com\/stephen-langfur-on-the-philosophy-of-dialogue\/","name":"Stephen Langfur - Philosophy Meets the Infant","isPartOf":{"@id":"https:\/\/stephenlangfur.com\/#website"},"primaryImageOfPage":{"@id":"https:\/\/stephenlangfur.com\/stephen-langfur-on-the-philosophy-of-dialogue\/#primaryimage"},"image":{"@id":"https:\/\/stephenlangfur.com\/stephen-langfur-on-the-philosophy-of-dialogue\/#primaryimage"},"thumbnailUrl":"https:\/\/stephenlangfur.com\/wp-content\/uploads\/2021\/12\/Steve-close-up-2.jpg","datePublished":"2022-01-02T08:54:37+00:00","dateModified":"2025-07-06T11:32:23+00:00","description":"Using infancy research, Stephen Langfur takes a systematic approach to Martin Buber's saying, \"A human being becomes I through a You.\"","breadcrumb":{"@id":"https:\/\/stephenlangfur.com\/stephen-langfur-on-the-philosophy-of-dialogue\/#breadcrumb"},"inLanguage":"es","potentialAction":[{"@type":"ReadAction","target":["https:\/\/stephenlangfur.com\/stephen-langfur-on-the-philosophy-of-dialogue\/"]}]},{"@type":"ImageObject","inLanguage":"es","@id":"https:\/\/stephenlangfur.com\/stephen-langfur-on-the-philosophy-of-dialogue\/#primaryimage","url":"https:\/\/stephenlangfur.com\/wp-content\/uploads\/2021\/12\/Steve-close-up-2.jpg","contentUrl":"https:\/\/stephenlangfur.com\/wp-content\/uploads\/2021\/12\/Steve-close-up-2.jpg"},{"@type":"BreadcrumbList","@id":"https:\/\/stephenlangfur.com\/stephen-langfur-on-the-philosophy-of-dialogue\/#breadcrumb","itemListElement":[{"@type":"ListItem","position":1,"name":"Home","item":"https:\/\/stephenlangfur.com\/"},{"@type":"ListItem","position":2,"name":"About Stephen Langfur"}]},{"@type":"WebSite","@id":"https:\/\/stephenlangfur.com\/#website","url":"https:\/\/stephenlangfur.com\/","name":"La filosof\u00eda se encuentra con el beb\u00e9","description":"C\u00f3mo la investigaci\u00f3n sobre la infancia transforma la comprensi\u00f3n de la existencia humana","publisher":{"@id":"https:\/\/stephenlangfur.com\/#\/schema\/person\/76c4c0a7980b8bc2d00134a8e6ea2ee4"},"potentialAction":[{"@type":"SearchAction","target":{"@type":"EntryPoint","urlTemplate":"https:\/\/stephenlangfur.com\/?s={search_term_string}"},"query-input":{"@type":"PropertyValueSpecification","valueRequired":true,"valueName":"search_term_string"}}],"inLanguage":"es"},{"@type":["Person","Organization"],"@id":"https:\/\/stephenlangfur.com\/#\/schema\/person\/76c4c0a7980b8bc2d00134a8e6ea2ee4","name":"Stephen Langfur","image":{"@type":"ImageObject","inLanguage":"es","@id":"https:\/\/secure.gravatar.com\/avatar\/a7a7876096f4db546964266ab19c7b74d12fcac0f35b7d28287a86ecb324b104?s=96&d=mm&r=g","url":"https:\/\/secure.gravatar.com\/avatar\/a7a7876096f4db546964266ab19c7b74d12fcac0f35b7d28287a86ecb324b104?s=96&d=mm&r=g","contentUrl":"https:\/\/secure.gravatar.com\/avatar\/a7a7876096f4db546964266ab19c7b74d12fcac0f35b7d28287a86ecb324b104?s=96&d=mm&r=g","caption":"Stephen Langfur"},"logo":{"@id":"https:\/\/secure.gravatar.com\/avatar\/a7a7876096f4db546964266ab19c7b74d12fcac0f35b7d28287a86ecb324b104?s=96&d=mm&r=g"},"description":"Stephen Langfur se doctor\u00f3 en Siracusa, donde present\u00f3 su teor\u00eda del Acontecimiento T\u00fa-I. Despu\u00e9s ayud\u00f3 a reconstruir el Programa de Honores (ahora Honors College) de la Universidad de Houston, donde ense\u00f1\u00f3 durante tres a\u00f1os. La promesa de paz en Oriente Pr\u00f3ximo le atrajo a Israel en 1979, donde prefiri\u00f3 el senderismo al mundo acad\u00e9mico, convirti\u00e9ndose en gu\u00eda. Una d\u00e9cada despu\u00e9s, escribi\u00f3 en su primer libro: \"Cuando era diez a\u00f1os m\u00e1s joven y estaba lleno de esperanza, dej\u00e9 Estados Unidos con mi mujer y mi hija y me traslad\u00e9 a Israel\". Lo que sigue son notas desde una celda del ej\u00e9rcito, a la que he sido condenado por negarme a entrar en Cisjordania contra los palestinos\". - Confesi\u00f3n desde una c\u00e1rcel de Jeric\u00f3 (Grove Weidenfeld, 1992, ahora publicado en 2\u00aa edici\u00f3n por Fomite Press). Tras su liberaci\u00f3n, Langfur descubri\u00f3 que nuevos hallazgos en la investigaci\u00f3n sobre la infancia apoyaban la idea de su tesis. La present\u00f3 en revistas de filosof\u00eda y psicolog\u00eda, y ahora en Philosophy Meets the Infant.","sameAs":["http:\/\/stephenlangfur.com","https:\/\/www.facebook.com\/stephen.langfur","https:\/\/x.com\/StephenLangfur"]}]}},"jetpack-related-posts":[{"id":1928,"url":"https:\/\/stephenlangfur.com\/es\/a-podcast-about-philosophy-meets-the-infant-by-stephen-langfur\/","url_meta":{"origin":192,"position":0},"title":"Podcasts \ud83c\uddfa\ud83c\uddf8 \ud83c\uddea\ud83c\uddf8 \ud83c\udde9\ud83c\uddea","author":"Stephen Langfur","date":"junio 20, 2025","format":false,"excerpt":"\ud83c\udfa7 En ingl\u00e9s: Una discusi\u00f3n de La filosof\u00eda se encuentra con el infante, Cap\u00edtulo 1: Presentaci\u00f3n del evento T\u00fa-Yo. El podcast es el resultado de las interacciones entre el autor y NotebookLM. \ud83c\udfa7 En espa\u00f1ol: Una discusi\u00f3n con IA de La filosof\u00eda se encuentra con el beb\u00e9, Cap\u00edtulo 1: Presentaci\u00f3n del Evento T\u00fa-Yo. \ud83c\udfa7...","rel":"","context":"Entrada similar","block_context":{"text":"Entrada similar","link":""},"img":{"alt_text":"","src":"","width":0,"height":0},"classes":[]},{"id":1911,"url":"https:\/\/stephenlangfur.com\/es\/endorsements\/","url_meta":{"origin":192,"position":1},"title":"Apoyos","author":"Stephen Langfur","date":"junio 20, 2025","format":false,"excerpt":"La filosof\u00eda se encuentra con el ni\u00f1o\" es un libro breve, pero se lee como una epopeya. Gu\u00eda al lector a trav\u00e9s de una galer\u00eda de escenas desde la perspectiva del lactante, creando un nuevo lenguaje a medida que avanza. En di\u00e1logo con fil\u00f3sofos y psic\u00f3logos, Langfur ofrece una nueva y convincente perspectiva unificadora sobre...","rel":"","context":"Entrada similar","block_context":{"text":"Entrada similar","link":""},"img":{"alt_text":"","src":"","width":0,"height":0},"classes":[]},{"id":985,"url":"https:\/\/stephenlangfur.com\/es\/publications\/","url_meta":{"origin":192,"position":2},"title":"Publicaciones","author":"Stephen Langfur","date":"enero 1, 2022","format":false,"excerpt":"La primera vez que escrib\u00ed sobre el Evento T\u00fa-Yo fue en mi tesis doctoral en Siracusa, hace cincuenta a\u00f1os. En aquella \u00e9poca, Jean Piaget parec\u00eda tener la \u00faltima palabra sobre la infancia. Despu\u00e9s de tres a\u00f1os de docencia en la Universidad de Houston, emigr\u00e9 a Israel, form\u00e1ndome como gu\u00eda tur\u00edstico. Durante un...","rel":"","context":"Entrada similar","block_context":{"text":"Entrada similar","link":""},"img":{"alt_text":"Stephen Langfur","src":"https:\/\/i0.wp.com\/stephenlangfur.com\/wp-content\/uploads\/2021\/12\/Steve-close-up-2.jpg?resize=350%2C200&ssl=1","width":350,"height":200},"classes":[]},{"id":936,"url":"https:\/\/stephenlangfur.com\/es\/posts\/","url_meta":{"origin":192,"position":3},"title":"Puestos","author":"Stephen Langfur","date":"enero 1, 2022","format":false,"excerpt":"","rel":"","context":"Entrada similar","block_context":{"text":"Entrada similar","link":""},"img":{"alt_text":"","src":"","width":0,"height":0},"classes":[]},{"id":2230,"url":"https:\/\/stephenlangfur.com\/es\/order-now\/","url_meta":{"origin":192,"position":4},"title":"Pedir el libro en ingl\u00e9s","author":"Stephen Langfur","date":"julio 4, 2025","format":false,"excerpt":"Routledge Amazon Barnes & Noble","rel":"","context":"Entrada similar","block_context":{"text":"Entrada similar","link":""},"img":{"alt_text":"","src":"","width":0,"height":0},"classes":[]},{"id":1940,"url":"https:\/\/stephenlangfur.com\/es\/chapter-1-introducing-the-you-i-event\/","url_meta":{"origin":192,"position":5},"title":"Cap\u00edtulo 1: Presentaci\u00f3n del evento You-I","author":"Stephen Langfur","date":"junio 20, 2025","format":false,"excerpt":"Pedir el libro en ingl\u00e9s","rel":"","context":"Entrada similar","block_context":{"text":"Entrada similar","link":""},"img":{"alt_text":"","src":"","width":0,"height":0},"classes":[]}],"jetpack_likes_enabled":true,"jetpack_sharing_enabled":true,"_links":{"self":[{"href":"https:\/\/stephenlangfur.com\/es\/wp-json\/wp\/v2\/pages\/192","targetHints":{"allow":["GET"]}}],"collection":[{"href":"https:\/\/stephenlangfur.com\/es\/wp-json\/wp\/v2\/pages"}],"about":[{"href":"https:\/\/stephenlangfur.com\/es\/wp-json\/wp\/v2\/types\/page"}],"author":[{"embeddable":true,"href":"https:\/\/stephenlangfur.com\/es\/wp-json\/wp\/v2\/users\/1"}],"replies":[{"embeddable":true,"href":"https:\/\/stephenlangfur.com\/es\/wp-json\/wp\/v2\/comments?post=192"}],"version-history":[{"count":5,"href":"https:\/\/stephenlangfur.com\/es\/wp-json\/wp\/v2\/pages\/192\/revisions"}],"predecessor-version":[{"id":2327,"href":"https:\/\/stephenlangfur.com\/es\/wp-json\/wp\/v2\/pages\/192\/revisions\/2327"}],"wp:attachment":[{"href":"https:\/\/stephenlangfur.com\/es\/wp-json\/wp\/v2\/media?parent=192"}],"curies":[{"name":"wp","href":"https:\/\/api.w.org\/{rel}","templated":true}]}}