{"id":1911,"date":"2025-06-20T11:26:12","date_gmt":"2025-06-20T08:26:12","guid":{"rendered":"https:\/\/stephenlangfur.com\/?page_id=1911"},"modified":"2025-07-23T09:37:23","modified_gmt":"2025-07-23T06:37:23","slug":"endorsements","status":"publish","type":"page","link":"https:\/\/stephenlangfur.com\/es\/endorsements\/","title":{"rendered":"Apoyos"},"content":{"rendered":"<p class=\"\"><\/p>\n\n\n\n<div class=\"wp-block-group is-nowrap is-layout-flex wp-container-core-group-is-layout-ad2f72ca wp-block-group-is-layout-flex\">\n<p class=\"translation-block\">La filosof\u00eda se encuentra con el beb\u00e9\" es un libro breve, pero se lee como una epopeya. Gu\u00eda al lector a trav\u00e9s de una galer\u00eda de escenas desde la perspectiva del lactante, creando un nuevo lenguaje a medida que avanza. En di\u00e1logo con fil\u00f3sofos y psic\u00f3logos, Langfur ofrece una nueva y convincente perspectiva unificadora sobre el desarrollo del yo, aplic\u00e1ndola a distintas esferas de la existencia como el amor, el arte y la religi\u00f3n. El concepto de Evento T\u00fa-Yo que aqu\u00ed se presenta constituye una noci\u00f3n fundamental con la que los estudiosos habr\u00e1n de comprometerse en el futuro.\"<\/p>\n<\/div>\n\n\n\n<p class=\"\"><strong>Dra. Alessandra Fasulo<\/strong><em>&nbsp;Departamento de Psicolog\u00eda, Universidad de Portsmouth<\/em><\/p>\n\n\n\n<p class=\"has-text-align-center\">***<\/p>\n\n\n\n<p class=\"\"><\/p>\n\n\n\n<p class=\"translation-block\">\" La filosof\u00eda se encuentra con el beb\u00e9 \" de Langfur se basa en la investigaci\u00f3n sobre la infancia para abordar cuestiones filos\u00f3ficas que existen desde hace mucho tiempo. \u00bfCu\u00e1les son los or\u00edgenes de la autoconciencia? Aprendemos sobre nosotros mismos a trav\u00e9s de las interacciones con los dem\u00e1s. Esto es cierto en la infancia y a lo largo de toda la vida. Langfur lleva esta verdad a niveles intrigantes\".<\/p>\n\n\n\n<p class=\"\"><strong>Ann Bigelow<\/strong>,&nbsp;<em>Profesora em\u00e9rita e investigadora principal de Psicolog\u00eda del Desarrollo en la Universidad San Francisco Javier<\/em><\/p>\n\n\n\n<p class=\"has-text-align-center\">***<\/p>\n\n\n\n<p class=\"\"><\/p>\n\n\n\n<p class=\"\">\"Tal vez la mayor contribuci\u00f3n de la psicolog\u00eda a la modernidad sea haber afirmado la profunda importancia de nuestras experiencias m\u00e1s tempranas. Sin embargo, cuando se trata de la din\u00e1mica intensamente \u00edntima, sutil y personal entre cuidadores e infantes, el experimento no basta. Para comprender la conexi\u00f3n T\u00fa-Yo que fundamenta nuestras relaciones con el yo, con los otros y con el mundo, se requiere un enfoque m\u00e1s amplio. En esta obra, Langfur aplica el enfoque de la filosof\u00eda continental de un modo que da vida al campo de los estudios sobre la infancia y, al mismo tiempo, lo enriquece filos\u00f3ficamente. Sit\u00faa la relaci\u00f3n cuidador-infante en el centro del discurso filos\u00f3fico, otorg\u00e1ndole el lugar que siempre ha merecido. Se trata de un esfuerzo interdisciplinario \u00fanico, que responde a una necesidad cultural largamente sentida.\"<\/p>\n\n\n\n<p class=\"\"><strong>James Morley, PhD,<\/strong><em>&nbsp;Profesor de Psicolog\u00eda Cl\u00ednica, Ramapo College de Nueva Jersey. Redactor jefe,&nbsp;<\/em>Revista de Psicolog\u00eda Fenomenol\u00f3gica<\/p>\n\n\n\n<p class=\"has-text-align-center\">***<\/p>\n\n\n\n<p class=\"\"><\/p>\n\n\n\n<p class=\"\">\"Al vincular la filosof\u00eda con los estudios recientes sobre la infancia, Langfur reabre las grandes preguntas antiguas sobre el ser y el sentido. Habla del amor y el trabajo, del arte y la religi\u00f3n, de la conversaci\u00f3n y la \u00e9tica. Su enfoque renovador me llev\u00f3 a replantearme cuestiones que cre\u00eda ya resueltas o descartadas. Es posible que otros lectores, como me ocurri\u00f3 a m\u00ed, no solo lean el libro de Langfur, sino que se sientan le\u00eddos por \u00e9l.\"<\/p>\n\n\n\n<p class=\"\"><strong>Ted L. Estess<\/strong>,&nbsp;<em>Decano em\u00e9rito del Honors College de la Universidad de Houston<\/em><\/p>\n\n\n\n<p class=\"has-text-align-center\">***<\/p>\n\n\n\n<p class=\"\"><\/p>\n\n\n\n<p class=\"\">\"Simone Weil dice que la atenci\u00f3n es la forma m\u00e1s rara y pura de generosidad; Langfur va m\u00e1s all\u00e1, en la tradici\u00f3n de Buber pero incorporando la investigaci\u00f3n sobre la infancia. Nos confronta con la posibilidad de que la atenci\u00f3n de otra persona cree nuestro sentido del ser. Su libro bien podr\u00eda inaugurar una nueva etapa en la conversaci\u00f3n sobre la persona, nutrida tanto por la filosof\u00eda como por la psicolog\u00eda.\" <\/p>\n\n\n\n<p class=\"\"><strong>W. F. \"Bill\" Monroe<\/strong>,&nbsp;<em>autor de&nbsp;<\/em>El poder de herir: las virtudes de la alienaci\u00f3n<em>as\u00ed como&nbsp;<\/em>Atenci\u00f3n primaria<em>un drama m\u00e9dico sobre la demencia y la personalidad<\/em><\/p>\n\n\n\n<p class=\"\"><a href=\"https:\/\/stephenlangfur.com\/es\/order-now\/\">Pedir el libro en ingl\u00e9s<\/a><\/p>\n\n\n\n<p class=\"\"><\/p>\n\n\n\n<p class=\"\"><\/p>","protected":false},"excerpt":{"rendered":"<p>\"La filosof\u00eda se encuentra con el infante\" es un libro breve, pero se lee como una epopeya. Gu\u00eda al lector a trav\u00e9s de una galer\u00eda de escenas desde la perspectiva...<\/p>\n<div class=\"more-link-wrapper\"><a class=\"more-link\" href=\"https:\/\/stephenlangfur.com\/es\/endorsements\/\">Seguir leyendo<span class=\"screen-reader-text\">Apoyos<\/span><\/a><\/div>","protected":false},"author":1,"featured_media":0,"parent":0,"menu_order":0,"comment_status":"closed","ping_status":"closed","template":"","meta":{"nf_dc_page":"","om_disable_all_campaigns":false,"_monsterinsights_skip_tracking":false,"_monsterinsights_sitenote_active":false,"_monsterinsights_sitenote_note":"","_monsterinsights_sitenote_category":0,"footnotes":""},"class_list":["post-1911","page","type-page","status-publish","hentry","ratio-natural","entry"],"yoast_head":"<!-- This site is optimized with the Yoast SEO plugin v27.4 - https:\/\/yoast.com\/product\/yoast-seo-wordpress\/ -->\n<title>Endorsements - Philosophy Meets the Infant<\/title>\n<meta name=\"robots\" content=\"index, follow, max-snippet:-1, max-image-preview:large, max-video-preview:-1\" \/>\n<link rel=\"canonical\" href=\"https:\/\/stephenlangfur.com\/es\/endorsements\/\" \/>\n<meta property=\"og:locale\" content=\"es_ES\" \/>\n<meta property=\"og:type\" content=\"article\" \/>\n<meta property=\"og:title\" content=\"Endorsements - Philosophy Meets the Infant\" \/>\n<meta property=\"og:description\" content=\"\u201cPhilosophy Meets the Infant&nbsp;is a short book, yet it reads like an epic. It guides the reader through a gallery of scenes from the perspective&#8230;\" \/>\n<meta property=\"og:url\" content=\"https:\/\/stephenlangfur.com\/es\/endorsements\/\" \/>\n<meta property=\"og:site_name\" content=\"Philosophy Meets the Infant\" \/>\n<meta property=\"article:publisher\" content=\"https:\/\/www.facebook.com\/stephen.langfur\" \/>\n<meta property=\"article:modified_time\" content=\"2025-07-23T06:37:23+00:00\" \/>\n<meta name=\"twitter:card\" content=\"summary_large_image\" \/>\n<meta name=\"twitter:site\" content=\"@StephenLangfur\" \/>\n<meta name=\"twitter:label1\" content=\"Tiempo de lectura\" \/>\n\t<meta name=\"twitter:data1\" content=\"3 minutos\" \/>\n<script type=\"application\/ld+json\" class=\"yoast-schema-graph\">{\"@context\":\"https:\\\/\\\/schema.org\",\"@graph\":[{\"@type\":\"WebPage\",\"@id\":\"https:\\\/\\\/stephenlangfur.com\\\/endorsements\\\/\",\"url\":\"https:\\\/\\\/stephenlangfur.com\\\/endorsements\\\/\",\"name\":\"Endorsements - Philosophy Meets the Infant\",\"isPartOf\":{\"@id\":\"https:\\\/\\\/stephenlangfur.com\\\/#website\"},\"datePublished\":\"2025-06-20T08:26:12+00:00\",\"dateModified\":\"2025-07-23T06:37:23+00:00\",\"breadcrumb\":{\"@id\":\"https:\\\/\\\/stephenlangfur.com\\\/endorsements\\\/#breadcrumb\"},\"inLanguage\":\"es\",\"potentialAction\":[{\"@type\":\"ReadAction\",\"target\":[\"https:\\\/\\\/stephenlangfur.com\\\/endorsements\\\/\"]}]},{\"@type\":\"BreadcrumbList\",\"@id\":\"https:\\\/\\\/stephenlangfur.com\\\/endorsements\\\/#breadcrumb\",\"itemListElement\":[{\"@type\":\"ListItem\",\"position\":1,\"name\":\"Home\",\"item\":\"https:\\\/\\\/stephenlangfur.com\\\/\"},{\"@type\":\"ListItem\",\"position\":2,\"name\":\"Endorsements\"}]},{\"@type\":\"WebSite\",\"@id\":\"https:\\\/\\\/stephenlangfur.com\\\/#website\",\"url\":\"https:\\\/\\\/stephenlangfur.com\\\/\",\"name\":\"Philosophy Meets the Infant\",\"description\":\"How infancy research transforms the understanding of human existence\",\"publisher\":{\"@id\":\"https:\\\/\\\/stephenlangfur.com\\\/#\\\/schema\\\/person\\\/76c4c0a7980b8bc2d00134a8e6ea2ee4\"},\"potentialAction\":[{\"@type\":\"SearchAction\",\"target\":{\"@type\":\"EntryPoint\",\"urlTemplate\":\"https:\\\/\\\/stephenlangfur.com\\\/?s={search_term_string}\"},\"query-input\":{\"@type\":\"PropertyValueSpecification\",\"valueRequired\":true,\"valueName\":\"search_term_string\"}}],\"inLanguage\":\"es\"},{\"@type\":[\"Person\",\"Organization\"],\"@id\":\"https:\\\/\\\/stephenlangfur.com\\\/#\\\/schema\\\/person\\\/76c4c0a7980b8bc2d00134a8e6ea2ee4\",\"name\":\"Stephen Langfur\",\"image\":{\"@type\":\"ImageObject\",\"inLanguage\":\"es\",\"@id\":\"https:\\\/\\\/secure.gravatar.com\\\/avatar\\\/a7a7876096f4db546964266ab19c7b74d12fcac0f35b7d28287a86ecb324b104?s=96&d=mm&r=g\",\"url\":\"https:\\\/\\\/secure.gravatar.com\\\/avatar\\\/a7a7876096f4db546964266ab19c7b74d12fcac0f35b7d28287a86ecb324b104?s=96&d=mm&r=g\",\"contentUrl\":\"https:\\\/\\\/secure.gravatar.com\\\/avatar\\\/a7a7876096f4db546964266ab19c7b74d12fcac0f35b7d28287a86ecb324b104?s=96&d=mm&r=g\",\"caption\":\"Stephen Langfur\"},\"logo\":{\"@id\":\"https:\\\/\\\/secure.gravatar.com\\\/avatar\\\/a7a7876096f4db546964266ab19c7b74d12fcac0f35b7d28287a86ecb324b104?s=96&d=mm&r=g\"},\"description\":\"Stephen Langfur received a doctorate from Syracuse, in which he presented his theory of the You-I Event. He then helped rebuild the Honors Program (now Honors College) at the University of Houston, teaching in it for three years. The promise of peace in the Middle East lured him to Israel in 1979, where he favored hiking over academe, becoming a guide. A decade later, he wrote in his first book: \u201cWhen I was ten years younger and full of hope, I departed the USA with wife and daughter and moved to Israel. What follow are notes from an army cell, to which I have been sentenced for refusing to go into the West Bank against the Palestinians.\u201d \u2013 Confession from a Jericho Jail (Grove Weidenfeld, 1992, now published in a 2nd edition by Fomite Press). After his release, Langfur discovered that new findings in infancy research supported the idea of his dissertation. He presented it in philosophy and psychology journals \u2013 and now in Philosophy Meets the Infant.\",\"sameAs\":[\"http:\\\/\\\/stephenlangfur.com\",\"https:\\\/\\\/www.facebook.com\\\/stephen.langfur\",\"https:\\\/\\\/x.com\\\/StephenLangfur\"]}]}<\/script>\n<!-- \/ Yoast SEO plugin. -->","yoast_head_json":{"title":"Apoyos - La filosof\u00eda se encuentra con el beb\u00e9","robots":{"index":"index","follow":"follow","max-snippet":"max-snippet:-1","max-image-preview":"max-image-preview:large","max-video-preview":"max-video-preview:-1"},"canonical":"https:\/\/stephenlangfur.com\/es\/endorsements\/","og_locale":"es_ES","og_type":"article","og_title":"Endorsements - Philosophy Meets the Infant","og_description":"\u201cPhilosophy Meets the Infant&nbsp;is a short book, yet it reads like an epic. It guides the reader through a gallery of scenes from the perspective&#8230;","og_url":"https:\/\/stephenlangfur.com\/es\/endorsements\/","og_site_name":"Philosophy Meets the Infant","article_publisher":"https:\/\/www.facebook.com\/stephen.langfur","article_modified_time":"2025-07-23T06:37:23+00:00","twitter_card":"summary_large_image","twitter_site":"@StephenLangfur","twitter_misc":{"Tiempo de lectura":"3 minutos"},"schema":{"@context":"https:\/\/schema.org","@graph":[{"@type":"WebPage","@id":"https:\/\/stephenlangfur.com\/endorsements\/","url":"https:\/\/stephenlangfur.com\/endorsements\/","name":"Apoyos - La filosof\u00eda se encuentra con el beb\u00e9","isPartOf":{"@id":"https:\/\/stephenlangfur.com\/#website"},"datePublished":"2025-06-20T08:26:12+00:00","dateModified":"2025-07-23T06:37:23+00:00","breadcrumb":{"@id":"https:\/\/stephenlangfur.com\/endorsements\/#breadcrumb"},"inLanguage":"es","potentialAction":[{"@type":"ReadAction","target":["https:\/\/stephenlangfur.com\/endorsements\/"]}]},{"@type":"BreadcrumbList","@id":"https:\/\/stephenlangfur.com\/endorsements\/#breadcrumb","itemListElement":[{"@type":"ListItem","position":1,"name":"Home","item":"https:\/\/stephenlangfur.com\/"},{"@type":"ListItem","position":2,"name":"Endorsements"}]},{"@type":"WebSite","@id":"https:\/\/stephenlangfur.com\/#website","url":"https:\/\/stephenlangfur.com\/","name":"La filosof\u00eda se encuentra con el beb\u00e9","description":"C\u00f3mo la investigaci\u00f3n sobre la infancia transforma la comprensi\u00f3n de la existencia humana","publisher":{"@id":"https:\/\/stephenlangfur.com\/#\/schema\/person\/76c4c0a7980b8bc2d00134a8e6ea2ee4"},"potentialAction":[{"@type":"SearchAction","target":{"@type":"EntryPoint","urlTemplate":"https:\/\/stephenlangfur.com\/?s={search_term_string}"},"query-input":{"@type":"PropertyValueSpecification","valueRequired":true,"valueName":"search_term_string"}}],"inLanguage":"es"},{"@type":["Person","Organization"],"@id":"https:\/\/stephenlangfur.com\/#\/schema\/person\/76c4c0a7980b8bc2d00134a8e6ea2ee4","name":"Stephen Langfur","image":{"@type":"ImageObject","inLanguage":"es","@id":"https:\/\/secure.gravatar.com\/avatar\/a7a7876096f4db546964266ab19c7b74d12fcac0f35b7d28287a86ecb324b104?s=96&d=mm&r=g","url":"https:\/\/secure.gravatar.com\/avatar\/a7a7876096f4db546964266ab19c7b74d12fcac0f35b7d28287a86ecb324b104?s=96&d=mm&r=g","contentUrl":"https:\/\/secure.gravatar.com\/avatar\/a7a7876096f4db546964266ab19c7b74d12fcac0f35b7d28287a86ecb324b104?s=96&d=mm&r=g","caption":"Stephen Langfur"},"logo":{"@id":"https:\/\/secure.gravatar.com\/avatar\/a7a7876096f4db546964266ab19c7b74d12fcac0f35b7d28287a86ecb324b104?s=96&d=mm&r=g"},"description":"Stephen Langfur se doctor\u00f3 en Siracusa, donde present\u00f3 su teor\u00eda del Acontecimiento T\u00fa-I. Despu\u00e9s ayud\u00f3 a reconstruir el Programa de Honores (ahora Honors College) de la Universidad de Houston, donde ense\u00f1\u00f3 durante tres a\u00f1os. La promesa de paz en Oriente Pr\u00f3ximo le atrajo a Israel en 1979, donde prefiri\u00f3 el senderismo al mundo acad\u00e9mico, convirti\u00e9ndose en gu\u00eda. Una d\u00e9cada despu\u00e9s, escribi\u00f3 en su primer libro: \"Cuando era diez a\u00f1os m\u00e1s joven y estaba lleno de esperanza, dej\u00e9 Estados Unidos con mi mujer y mi hija y me traslad\u00e9 a Israel\". Lo que sigue son notas desde una celda del ej\u00e9rcito, a la que he sido condenado por negarme a entrar en Cisjordania contra los palestinos\". - Confesi\u00f3n desde una c\u00e1rcel de Jeric\u00f3 (Grove Weidenfeld, 1992, ahora publicado en 2\u00aa edici\u00f3n por Fomite Press). Tras su liberaci\u00f3n, Langfur descubri\u00f3 que nuevos hallazgos en la investigaci\u00f3n sobre la infancia apoyaban la idea de su tesis. La present\u00f3 en revistas de filosof\u00eda y psicolog\u00eda, y ahora en Philosophy Meets the Infant.","sameAs":["http:\/\/stephenlangfur.com","https:\/\/www.facebook.com\/stephen.langfur","https:\/\/x.com\/StephenLangfur"]}]}},"jetpack-related-posts":[{"id":1928,"url":"https:\/\/stephenlangfur.com\/es\/a-podcast-about-philosophy-meets-the-infant-by-stephen-langfur\/","url_meta":{"origin":1911,"position":0},"title":"Podcasts \ud83c\uddfa\ud83c\uddf8 \ud83c\uddea\ud83c\uddf8 \ud83c\udde9\ud83c\uddea","author":"Stephen Langfur","date":"junio 20, 2025","format":false,"excerpt":"\ud83c\udfa7 En ingl\u00e9s: Una discusi\u00f3n de La filosof\u00eda se encuentra con el infante, Cap\u00edtulo 1: Presentaci\u00f3n del evento T\u00fa-Yo. El podcast es el resultado de las interacciones entre el autor y NotebookLM. \ud83c\udfa7 En espa\u00f1ol: Una discusi\u00f3n con IA de La filosof\u00eda se encuentra con el beb\u00e9, Cap\u00edtulo 1: Presentaci\u00f3n del Evento T\u00fa-Yo. \ud83c\udfa7...","rel":"","context":"Entrada similar","block_context":{"text":"Entrada similar","link":""},"img":{"alt_text":"","src":"","width":0,"height":0},"classes":[]},{"id":1681,"url":"https:\/\/stephenlangfur.com\/es\/","url_meta":{"origin":1911,"position":1},"title":"La filosof\u00eda se encuentra con el beb\u00e9","author":"Stephen Langfur","date":"diciembre 8, 2022","format":false,"excerpt":"\u00a0T\u00fa atiendes, luego yo soy. Este libro encuentra el origen de la autoconciencia en la atenci\u00f3n rec\u00edproca entre el beb\u00e9 y su cuidador. Sirva como ejemplo la mirada rec\u00edproca: Como ocurre con varias especies animales, los ojos de un beb\u00e9 siguen los cambios de mirada de una persona. Evidentemente, cree que la persona est\u00e1 mirando algo. Cuando un...","rel":"","context":"Entrada similar","block_context":{"text":"Entrada similar","link":""},"img":{"alt_text":"Book cover: Philosophy Meets the Infant by Stephen Langfur","src":"https:\/\/i0.wp.com\/stephenlangfur.com\/wp-content\/uploads\/2025\/06\/cover-from-Routledge-site.webp?resize=350%2C200&ssl=1","width":350,"height":200},"classes":[]},{"id":985,"url":"https:\/\/stephenlangfur.com\/es\/publications\/","url_meta":{"origin":1911,"position":2},"title":"Publicaciones","author":"Stephen Langfur","date":"enero 1, 2022","format":false,"excerpt":"La primera vez que escrib\u00ed sobre el Evento T\u00fa-Yo fue en mi tesis doctoral en Siracusa, hace cincuenta a\u00f1os. En aquella \u00e9poca, Jean Piaget parec\u00eda tener la \u00faltima palabra sobre la infancia. Despu\u00e9s de tres a\u00f1os de docencia en la Universidad de Houston, emigr\u00e9 a Israel, form\u00e1ndome como gu\u00eda tur\u00edstico. Durante un...","rel":"","context":"Entrada similar","block_context":{"text":"Entrada similar","link":""},"img":{"alt_text":"Stephen Langfur","src":"https:\/\/i0.wp.com\/stephenlangfur.com\/wp-content\/uploads\/2021\/12\/Steve-close-up-2.jpg?resize=350%2C200&ssl=1","width":350,"height":200},"classes":[]},{"id":192,"url":"https:\/\/stephenlangfur.com\/es\/stephen-langfur-on-the-philosophy-of-dialogue\/","url_meta":{"origin":1911,"position":3},"title":"Sobre Stephen Langfur","author":"Stephen Langfur","date":"enero 2, 2022","format":false,"excerpt":"Foto: davidsheerman.com Stephen Langfur se doctor\u00f3 en Siracusa, donde present\u00f3 su teor\u00eda del Acontecimiento T\u00fa-I. Despu\u00e9s ayud\u00f3 a reconstruir el Programa de Honores (ahora Honors College) de la Universidad de Houston, donde ense\u00f1\u00f3 durante tres a\u00f1os. La promesa de paz en Oriente Medio le atrajo...","rel":"","context":"Entrada similar","block_context":{"text":"Entrada similar","link":""},"img":{"alt_text":"","src":"https:\/\/i0.wp.com\/stephenlangfur.com\/wp-content\/uploads\/2022\/02\/cartoon-of-steve-as-guide.jpg?resize=350%2C200&ssl=1","width":350,"height":200,"srcset":"https:\/\/i0.wp.com\/stephenlangfur.com\/wp-content\/uploads\/2022\/02\/cartoon-of-steve-as-guide.jpg?resize=350%2C200&ssl=1 1x, https:\/\/i0.wp.com\/stephenlangfur.com\/wp-content\/uploads\/2022\/02\/cartoon-of-steve-as-guide.jpg?resize=525%2C300&ssl=1 1.5x, https:\/\/i0.wp.com\/stephenlangfur.com\/wp-content\/uploads\/2022\/02\/cartoon-of-steve-as-guide.jpg?resize=700%2C400&ssl=1 2x"},"classes":[]}],"jetpack_likes_enabled":true,"jetpack_sharing_enabled":true,"_links":{"self":[{"href":"https:\/\/stephenlangfur.com\/es\/wp-json\/wp\/v2\/pages\/1911","targetHints":{"allow":["GET"]}}],"collection":[{"href":"https:\/\/stephenlangfur.com\/es\/wp-json\/wp\/v2\/pages"}],"about":[{"href":"https:\/\/stephenlangfur.com\/es\/wp-json\/wp\/v2\/types\/page"}],"author":[{"embeddable":true,"href":"https:\/\/stephenlangfur.com\/es\/wp-json\/wp\/v2\/users\/1"}],"replies":[{"embeddable":true,"href":"https:\/\/stephenlangfur.com\/es\/wp-json\/wp\/v2\/comments?post=1911"}],"version-history":[{"count":5,"href":"https:\/\/stephenlangfur.com\/es\/wp-json\/wp\/v2\/pages\/1911\/revisions"}],"predecessor-version":[{"id":2507,"href":"https:\/\/stephenlangfur.com\/es\/wp-json\/wp\/v2\/pages\/1911\/revisions\/2507"}],"wp:attachment":[{"href":"https:\/\/stephenlangfur.com\/es\/wp-json\/wp\/v2\/media?parent=1911"}],"curies":[{"name":"wp","href":"https:\/\/api.w.org\/{rel}","templated":true}]}}