{"id":1681,"date":"2022-12-08T22:18:44","date_gmt":"2022-12-08T20:18:44","guid":{"rendered":"https:\/\/stephenlangfur.com\/?page_id=1681"},"modified":"2025-09-19T16:07:48","modified_gmt":"2025-09-19T13:07:48","slug":"birthoftheself-com","status":"publish","type":"page","link":"https:\/\/stephenlangfur.com\/es\/","title":{"rendered":"La filosof\u00eda se encuentra con el beb\u00e9"},"content":{"rendered":"<h2 class=\"wp-block-heading has-text-align-center\">&nbsp;T\u00fa atiendes, luego soy.<\/h2>\n\n\n\n<p class=\"\"><\/p>\n\n\n<div class=\"wp-block-image\">\n<figure class=\"aligncenter size-full\"><img data-recalc-dims=\"1\" fetchpriority=\"high\" decoding=\"async\" width=\"350\" height=\"525\" src=\"https:\/\/i0.wp.com\/stephenlangfur.com\/wp-content\/uploads\/2025\/06\/cover-from-Routledge-site.webp?resize=350%2C525&#038;ssl=1\" alt=\"Book cover: Philosophy Meets the Infant by Stephen Langfur\" class=\"wp-image-1890\" srcset=\"https:\/\/i0.wp.com\/stephenlangfur.com\/wp-content\/uploads\/2025\/06\/cover-from-Routledge-site.webp?w=350&amp;ssl=1 350w, https:\/\/i0.wp.com\/stephenlangfur.com\/wp-content\/uploads\/2025\/06\/cover-from-Routledge-site.webp?resize=200%2C300&amp;ssl=1 200w\" sizes=\"(max-width: 350px) 100vw, 350px\" \/><\/figure>\n<\/div>\n\n\n<p class=\"\">Este libro encuentra el origen de la autoconciencia en la atenci\u00f3n rec\u00edproca entre el beb\u00e9 y su cuidador. Sirva como ejemplo la mirada rec\u00edproca: Al igual que ocurre con varias especies animales, los ojos de un beb\u00e9 siguen la mirada cambiante de una persona. Evidentemente, cree que la persona est\u00e1 mirando algo. Cuando un cuidador mira <em>su<\/em> ojos, el beb\u00e9 tambi\u00e9n cree que est\u00e1 mirando algo. El beb\u00e9 no ve el \"algo\", pero lo siente. Esto es el yo en su despertar. T\u00fa asistes, luego yo soy.<\/p>\n\n\n\n<p class=\"\">Eso aborda el problema filos\u00f3fico de la autoconciencia: \u00bfc\u00f3mo <em>qu\u00e9 es consciente<\/em> puede ser <em>lo que conoce<\/em>. Los dos <em>qu\u00e9 es<\/em> est\u00e1n mediadas por el cuidador. Cuando est\u00e1 cara a cara, el hecho de que el beb\u00e9 sea consciente de que el cuidador le est\u00e1 atendiendo es una condici\u00f3n para que sea consciente de s\u00ed mismo.<\/p>\n\n\n\n<p class=\"\">Este surgimiento del yo en forma de bucle se denomina \"Evento T\u00fa-Yo\". Los primeros cap\u00edtulos muestran c\u00f3mo estos sucesos generan los rasgos b\u00e1sicos de la autoconciencia: que existo, que soy consciente, que estoy encarnado, que puedo actuar en el mundo, que tengo sentimientos distintos de los de los dem\u00e1s y que sigo existiendo cuando estoy solo.<\/p>\n\n\n\n<p class=\"\">Ahora se produce un giro importante en la vida humana: Dado que la existencia del beb\u00e9 como ser depende de los Acontecimientos T\u00fa-Yo, teme separarse de sus cuidadores. Cuando adquiere el lenguaje, apacigua ese temor reproduci\u00e9ndolos hacia s\u00ed mismo en el habla. Esta \"autoconversaci\u00f3n\" interioriza el acontecimiento t\u00fa-yo; se siente atendida por los otros interiorizados. A partir de ahora, utilizar\u00e1 el habla interior para asegurar el sentido de su propia existencia. As\u00ed surge el tipo de yo que, solo junto al fuego, puede hablar consigo mismo y darse cuenta: \"Pienso, luego existo\". El Acontecimiento original ha entrado en eclipse (por eso el relato T\u00fa-Yo es inicialmente contraintuitivo), pero un anhelo por \u00e9l persiste bajo la superficie de la vida, encontrando expresi\u00f3n indirecta en el amor, el trabajo, el arte, la conversaci\u00f3n, la religi\u00f3n y la \u00e9tica (cada uno de los cuales recibe un cap\u00edtulo).<\/p>\n\n\n\n<p class=\"\"><\/p>\n\n\n\n<div class=\"wp-block-buttons is-content-justification-center is-layout-flex wp-container-core-buttons-is-layout-16018d1d wp-block-buttons-is-layout-flex\">\n<div class=\"is-style-outline wp-block-button is-style-outline--1\"><a class=\"wp-block-button__link has-white-color has-black-background-color has-text-color has-background has-link-color has-small-font-size has-custom-font-size wp-element-button\" href=\"https:\/\/stephenlangfur.com\/es\/chapter-1-introducing-the-you-i-event\/\" style=\"border-radius:3px\">Cap\u00edtulo 1<\/a><\/div>\n\n\n\n<div class=\"is-style-outline wp-block-button is-style-outline--2\"><a class=\"wp-block-button__link has-black-color has-white-background-color has-text-color has-background has-link-color has-small-font-size has-custom-font-size wp-element-button\" href=\"https:\/\/stephenlangfur.com\/es\/a-podcast-about-philosophy-meets-the-infant-by-stephen-langfur\/\" style=\"border-radius:0px\">\ud83c\udfa7 Podcasts<\/a><\/div>\n\n\n\n<div class=\"wp-block-button\"><a class=\"wp-block-button__link has-white-color has-black-background-color has-text-color has-background has-link-color has-small-font-size has-custom-font-size wp-element-button\" href=\"https:\/\/stephenlangfur.com\/es\/endorsements\/\" style=\"border-radius:0px\">Apoyos<\/a><\/div>\n<\/div>\n\n\n\n<p class=\"\"><\/p>\n\n\n\n<div class=\"wp-block-buttons is-content-justification-center is-layout-flex wp-container-core-buttons-is-layout-16018d1d wp-block-buttons-is-layout-flex\">\n<div class=\"is-style-fill wp-block-button\"><a class=\"wp-block-button__link has-white-color has-black-background-color has-text-color has-background has-link-color has-small-font-size has-custom-font-size wp-element-button\" href=\"https:\/\/stephenlangfur.com\/es\/order-now\/\" style=\"border-radius:1px\">Pedir el libro en ingl\u00e9s<\/a><\/div>\n<\/div>\n\n\n\n<p class=\"\"><\/p>\n\n\n\n<h2 class=\"wp-block-heading\"><strong>Contenidos<\/strong><\/h2>\n\n\n\n<p class=\"\"><\/p>\n\n\n\n<h3 class=\"wp-block-heading\"><strong>Parte I - El Evento T\u00fa-Yo en la infancia y por qu\u00e9 desaparece<\/strong><\/h3>\n\n\n\n<p class=\"\"><\/p>\n\n\n\n<div class=\"wp-block-group is-vertical is-layout-flex wp-container-core-group-is-layout-8cf370e7 wp-block-group-is-layout-flex\">\n<p class=\"\"><a href=\"https:\/\/stephenlangfur.com\/es\/chapter-1-introducing-the-you-i-event\/\">1. Presentaci\u00f3n del Evento T\u00fa-Yo<\/a><\/p>\n\n\n\n<p class=\"\">2. Nacido para conectar<\/p>\n\n\n\n<p class=\"\">3. Convertirse en Yo a trav\u00e9s de un T\u00fa<\/p>\n\n\n\n<p class=\"\">4. La falsificaci\u00f3n del Evento T\u00fa-Yo<\/p>\n<\/div>\n\n\n\n<p class=\"\"><\/p>\n\n\n\n<h3 class=\"wp-block-heading\"><strong>Parte II - El Evento T\u00fa-Yo despu\u00e9s de la infancia<\/strong><\/h3>\n\n\n\n<p class=\"\"><\/p>\n\n\n\n<div class=\"wp-block-group is-vertical is-layout-flex wp-container-core-group-is-layout-8cf370e7 wp-block-group-is-layout-flex\">\n<p class=\"\">5. El martillo de Heidegger y el T\u00fa espectral<\/p>\n\n\n\n<p class=\"\">6. El amor y el T\u00fa excluido<\/p>\n\n\n\n<p class=\"\">7. El Yo escindido en acci\u00f3n<\/p>\n\n\n\n<p class=\"\">8. El Evento T\u00fa-Yo en el arte<\/p>\n\n\n\n<p class=\"\">9. El Evento T\u00fa-Yo en la conversaci\u00f3n<\/p>\n<\/div>\n\n\n\n<p class=\"\"><\/p>\n\n\n\n<h3 class=\"wp-block-heading\"><strong>Parte III - Cuestiones filos\u00f3ficas<\/strong><\/h3>\n\n\n\n<p class=\"\"><\/p>\n\n\n\n<div class=\"wp-block-group is-vertical is-layout-flex wp-container-core-group-is-layout-8cf370e7 wp-block-group-is-layout-flex\">\n<p class=\"\">10. Otras explicaciones de la autoconciencia<\/p>\n\n\n\n<p class=\"\">11. El libre albedr\u00edo y la teor\u00eda T\u00fa-Yo<\/p>\n\n\n\n<p class=\"\">12. La llamada de la conciencia<\/p>\n\n\n\n<p class=\"\">13. Dios o el T\u00fa excluido<\/p>\n\n\n\n<p class=\"\">14. Lo que se puede hacer<\/p>\n<\/div>\n\n\n\n<p class=\"\"><\/p>\n\n\n\n<div class=\"wp-block-group is-vertical is-layout-flex wp-container-core-group-is-layout-8cf370e7 wp-block-group-is-layout-flex\">\n<p class=\"\"><strong>Ap\u00e9ndice<\/strong>: Respuestas a cr\u00edticas imaginarias<\/p>\n\n\n\n<p class=\"\"><strong>Agradecimientos<\/strong><\/p>\n<\/div>\n\n\n\n<p class=\"\"><\/p>","protected":false},"excerpt":{"rendered":"<p>&nbsp;T\u00fa atiendes, luego yo soy. Este libro encuentra el origen de la autoconciencia en la atenci\u00f3n rec\u00edproca entre el beb\u00e9 y su cuidador. Para utilizar la mirada mutua como ejemplo:...<\/p>\n<div class=\"more-link-wrapper\"><a class=\"more-link\" href=\"https:\/\/stephenlangfur.com\/es\/\">Seguir leyendo<span class=\"screen-reader-text\">La filosof\u00eda se encuentra con el beb\u00e9<\/span><\/a><\/div>","protected":false},"author":1,"featured_media":0,"parent":0,"menu_order":0,"comment_status":"closed","ping_status":"closed","template":"elementor_theme","meta":{"nf_dc_page":"","om_disable_all_campaigns":false,"_monsterinsights_skip_tracking":false,"_monsterinsights_sitenote_active":false,"_monsterinsights_sitenote_note":"","_monsterinsights_sitenote_category":0,"footnotes":""},"class_list":["post-1681","page","type-page","status-publish","hentry","ratio-natural","entry"],"yoast_head":"<!-- This site is optimized with the Yoast SEO plugin v27.4 - https:\/\/yoast.com\/product\/yoast-seo-wordpress\/ -->\n<title>Philosophy Meets the Infant<\/title>\n<meta name=\"description\" content=\"&quot;You attend, therefore I am.&quot; How infancy research transforms philosophy\u2014implications for love, work, art, free will, ethics, and religion.\" \/>\n<meta name=\"robots\" content=\"index, follow, max-snippet:-1, max-image-preview:large, max-video-preview:-1\" \/>\n<link rel=\"canonical\" href=\"https:\/\/stephenlangfur.com\/es\/\" \/>\n<meta property=\"og:locale\" content=\"es_ES\" \/>\n<meta property=\"og:type\" content=\"article\" \/>\n<meta property=\"og:title\" content=\"Philosophy Meets the Infant\" \/>\n<meta property=\"og:url\" content=\"https:\/\/stephenlangfur.com\/es\/\" \/>\n<meta property=\"og:site_name\" content=\"Philosophy Meets the Infant\" \/>\n<meta property=\"article:publisher\" content=\"https:\/\/www.facebook.com\/stephen.langfur\" \/>\n<meta property=\"article:modified_time\" content=\"2025-09-19T13:07:48+00:00\" \/>\n<meta property=\"og:image\" content=\"https:\/\/stephenlangfur.com\/wp-content\/uploads\/2025\/06\/cover-from-Routledge-site.webp\" \/>\n\t<meta property=\"og:image:width\" content=\"350\" \/>\n\t<meta property=\"og:image:height\" content=\"525\" \/>\n\t<meta property=\"og:image:type\" content=\"image\/webp\" \/>\n<meta name=\"twitter:card\" content=\"summary_large_image\" \/>\n<meta name=\"twitter:title\" content=\"Philosophy Meets the Infant by Stephen Langfur\" \/>\n<meta name=\"twitter:description\" content=\"How infancy research transforms the understanding of human existence\" \/>\n<meta name=\"twitter:image\" content=\"https:\/\/i0.wp.com\/stephenlangfur.com\/wp-content\/uploads\/2025\/06\/cover-from-Routledge-site.webp?fit=350%2C525&ssl=1\" \/>\n<meta name=\"twitter:site\" content=\"@StephenLangfur\" \/>\n<meta name=\"twitter:label1\" content=\"Tiempo de lectura\" \/>\n\t<meta name=\"twitter:data1\" content=\"3 minutos\" \/>\n<script type=\"application\/ld+json\" class=\"yoast-schema-graph\">{\"@context\":\"https:\\\/\\\/schema.org\",\"@graph\":[{\"@type\":\"WebPage\",\"@id\":\"https:\\\/\\\/stephenlangfur.com\\\/\",\"url\":\"https:\\\/\\\/stephenlangfur.com\\\/\",\"name\":\"Philosophy Meets the Infant\",\"isPartOf\":{\"@id\":\"https:\\\/\\\/stephenlangfur.com\\\/#website\"},\"primaryImageOfPage\":{\"@id\":\"https:\\\/\\\/stephenlangfur.com\\\/#primaryimage\"},\"image\":{\"@id\":\"https:\\\/\\\/stephenlangfur.com\\\/#primaryimage\"},\"thumbnailUrl\":\"https:\\\/\\\/stephenlangfur.com\\\/wp-content\\\/uploads\\\/2025\\\/06\\\/cover-from-Routledge-site.webp\",\"datePublished\":\"2022-12-08T20:18:44+00:00\",\"dateModified\":\"2025-09-19T13:07:48+00:00\",\"description\":\"\\\"You attend, therefore I am.\\\" How infancy research transforms philosophy\u2014implications for love, work, art, free will, ethics, and religion.\",\"breadcrumb\":{\"@id\":\"https:\\\/\\\/stephenlangfur.com\\\/#breadcrumb\"},\"inLanguage\":\"es\",\"potentialAction\":[{\"@type\":\"ReadAction\",\"target\":[\"https:\\\/\\\/stephenlangfur.com\\\/\"]}]},{\"@type\":\"ImageObject\",\"inLanguage\":\"es\",\"@id\":\"https:\\\/\\\/stephenlangfur.com\\\/#primaryimage\",\"url\":\"https:\\\/\\\/stephenlangfur.com\\\/wp-content\\\/uploads\\\/2025\\\/06\\\/cover-from-Routledge-site.webp\",\"contentUrl\":\"https:\\\/\\\/stephenlangfur.com\\\/wp-content\\\/uploads\\\/2025\\\/06\\\/cover-from-Routledge-site.webp\"},{\"@type\":\"BreadcrumbList\",\"@id\":\"https:\\\/\\\/stephenlangfur.com\\\/#breadcrumb\",\"itemListElement\":[{\"@type\":\"ListItem\",\"position\":1,\"name\":\"Home\",\"item\":\"https:\\\/\\\/stephenlangfur.com\\\/\"},{\"@type\":\"ListItem\",\"position\":2,\"name\":\"Philosophy Meets the Infant\"}]},{\"@type\":\"WebSite\",\"@id\":\"https:\\\/\\\/stephenlangfur.com\\\/#website\",\"url\":\"https:\\\/\\\/stephenlangfur.com\\\/\",\"name\":\"Philosophy Meets the Infant\",\"description\":\"How infancy research transforms the understanding of human existence\",\"publisher\":{\"@id\":\"https:\\\/\\\/stephenlangfur.com\\\/#\\\/schema\\\/person\\\/76c4c0a7980b8bc2d00134a8e6ea2ee4\"},\"potentialAction\":[{\"@type\":\"SearchAction\",\"target\":{\"@type\":\"EntryPoint\",\"urlTemplate\":\"https:\\\/\\\/stephenlangfur.com\\\/?s={search_term_string}\"},\"query-input\":{\"@type\":\"PropertyValueSpecification\",\"valueRequired\":true,\"valueName\":\"search_term_string\"}}],\"inLanguage\":\"es\"},{\"@type\":[\"Person\",\"Organization\"],\"@id\":\"https:\\\/\\\/stephenlangfur.com\\\/#\\\/schema\\\/person\\\/76c4c0a7980b8bc2d00134a8e6ea2ee4\",\"name\":\"Stephen Langfur\",\"image\":{\"@type\":\"ImageObject\",\"inLanguage\":\"es\",\"@id\":\"https:\\\/\\\/secure.gravatar.com\\\/avatar\\\/a7a7876096f4db546964266ab19c7b74d12fcac0f35b7d28287a86ecb324b104?s=96&d=mm&r=g\",\"url\":\"https:\\\/\\\/secure.gravatar.com\\\/avatar\\\/a7a7876096f4db546964266ab19c7b74d12fcac0f35b7d28287a86ecb324b104?s=96&d=mm&r=g\",\"contentUrl\":\"https:\\\/\\\/secure.gravatar.com\\\/avatar\\\/a7a7876096f4db546964266ab19c7b74d12fcac0f35b7d28287a86ecb324b104?s=96&d=mm&r=g\",\"caption\":\"Stephen Langfur\"},\"logo\":{\"@id\":\"https:\\\/\\\/secure.gravatar.com\\\/avatar\\\/a7a7876096f4db546964266ab19c7b74d12fcac0f35b7d28287a86ecb324b104?s=96&d=mm&r=g\"},\"description\":\"Stephen Langfur received a doctorate from Syracuse, in which he presented his theory of the You-I Event. He then helped rebuild the Honors Program (now Honors College) at the University of Houston, teaching in it for three years. The promise of peace in the Middle East lured him to Israel in 1979, where he favored hiking over academe, becoming a guide. A decade later, he wrote in his first book: \u201cWhen I was ten years younger and full of hope, I departed the USA with wife and daughter and moved to Israel. What follow are notes from an army cell, to which I have been sentenced for refusing to go into the West Bank against the Palestinians.\u201d \u2013 Confession from a Jericho Jail (Grove Weidenfeld, 1992, now published in a 2nd edition by Fomite Press). After his release, Langfur discovered that new findings in infancy research supported the idea of his dissertation. He presented it in philosophy and psychology journals \u2013 and now in Philosophy Meets the Infant.\",\"sameAs\":[\"http:\\\/\\\/stephenlangfur.com\",\"https:\\\/\\\/www.facebook.com\\\/stephen.langfur\",\"https:\\\/\\\/x.com\\\/StephenLangfur\"]}]}<\/script>\n<!-- \/ Yoast SEO plugin. -->","yoast_head_json":{"title":"La filosof\u00eda se encuentra con el beb\u00e9","description":"\"T\u00fa asistes, luego yo existo\". C\u00f3mo la investigaci\u00f3n sobre la infancia transforma la filosof\u00eda: implicaciones para el amor, el trabajo, el arte, el libre albedr\u00edo, la \u00e9tica y la religi\u00f3n.","robots":{"index":"index","follow":"follow","max-snippet":"max-snippet:-1","max-image-preview":"max-image-preview:large","max-video-preview":"max-video-preview:-1"},"canonical":"https:\/\/stephenlangfur.com\/es\/","og_locale":"es_ES","og_type":"article","og_title":"Philosophy Meets the Infant","og_url":"https:\/\/stephenlangfur.com\/es\/","og_site_name":"Philosophy Meets the Infant","article_publisher":"https:\/\/www.facebook.com\/stephen.langfur","article_modified_time":"2025-09-19T13:07:48+00:00","og_image":[{"width":350,"height":525,"url":"https:\/\/stephenlangfur.com\/wp-content\/uploads\/2025\/06\/cover-from-Routledge-site.webp","type":"image\/webp"}],"twitter_card":"summary_large_image","twitter_title":"Philosophy Meets the Infant by Stephen Langfur","twitter_description":"How infancy research transforms the understanding of human existence","twitter_image":"https:\/\/i0.wp.com\/stephenlangfur.com\/wp-content\/uploads\/2025\/06\/cover-from-Routledge-site.webp?fit=350%2C525&ssl=1","twitter_site":"@StephenLangfur","twitter_misc":{"Tiempo de lectura":"3 minutos"},"schema":{"@context":"https:\/\/schema.org","@graph":[{"@type":"WebPage","@id":"https:\/\/stephenlangfur.com\/","url":"https:\/\/stephenlangfur.com\/","name":"La filosof\u00eda se encuentra con el beb\u00e9","isPartOf":{"@id":"https:\/\/stephenlangfur.com\/#website"},"primaryImageOfPage":{"@id":"https:\/\/stephenlangfur.com\/#primaryimage"},"image":{"@id":"https:\/\/stephenlangfur.com\/#primaryimage"},"thumbnailUrl":"https:\/\/stephenlangfur.com\/wp-content\/uploads\/2025\/06\/cover-from-Routledge-site.webp","datePublished":"2022-12-08T20:18:44+00:00","dateModified":"2025-09-19T13:07:48+00:00","description":"\"T\u00fa asistes, luego yo existo\". C\u00f3mo la investigaci\u00f3n sobre la infancia transforma la filosof\u00eda: implicaciones para el amor, el trabajo, el arte, el libre albedr\u00edo, la \u00e9tica y la religi\u00f3n.","breadcrumb":{"@id":"https:\/\/stephenlangfur.com\/#breadcrumb"},"inLanguage":"es","potentialAction":[{"@type":"ReadAction","target":["https:\/\/stephenlangfur.com\/"]}]},{"@type":"ImageObject","inLanguage":"es","@id":"https:\/\/stephenlangfur.com\/#primaryimage","url":"https:\/\/stephenlangfur.com\/wp-content\/uploads\/2025\/06\/cover-from-Routledge-site.webp","contentUrl":"https:\/\/stephenlangfur.com\/wp-content\/uploads\/2025\/06\/cover-from-Routledge-site.webp"},{"@type":"BreadcrumbList","@id":"https:\/\/stephenlangfur.com\/#breadcrumb","itemListElement":[{"@type":"ListItem","position":1,"name":"Home","item":"https:\/\/stephenlangfur.com\/"},{"@type":"ListItem","position":2,"name":"Philosophy Meets the Infant"}]},{"@type":"WebSite","@id":"https:\/\/stephenlangfur.com\/#website","url":"https:\/\/stephenlangfur.com\/","name":"La filosof\u00eda se encuentra con el beb\u00e9","description":"C\u00f3mo la investigaci\u00f3n sobre la infancia transforma la comprensi\u00f3n de la existencia humana","publisher":{"@id":"https:\/\/stephenlangfur.com\/#\/schema\/person\/76c4c0a7980b8bc2d00134a8e6ea2ee4"},"potentialAction":[{"@type":"SearchAction","target":{"@type":"EntryPoint","urlTemplate":"https:\/\/stephenlangfur.com\/?s={search_term_string}"},"query-input":{"@type":"PropertyValueSpecification","valueRequired":true,"valueName":"search_term_string"}}],"inLanguage":"es"},{"@type":["Person","Organization"],"@id":"https:\/\/stephenlangfur.com\/#\/schema\/person\/76c4c0a7980b8bc2d00134a8e6ea2ee4","name":"Stephen Langfur","image":{"@type":"ImageObject","inLanguage":"es","@id":"https:\/\/secure.gravatar.com\/avatar\/a7a7876096f4db546964266ab19c7b74d12fcac0f35b7d28287a86ecb324b104?s=96&d=mm&r=g","url":"https:\/\/secure.gravatar.com\/avatar\/a7a7876096f4db546964266ab19c7b74d12fcac0f35b7d28287a86ecb324b104?s=96&d=mm&r=g","contentUrl":"https:\/\/secure.gravatar.com\/avatar\/a7a7876096f4db546964266ab19c7b74d12fcac0f35b7d28287a86ecb324b104?s=96&d=mm&r=g","caption":"Stephen Langfur"},"logo":{"@id":"https:\/\/secure.gravatar.com\/avatar\/a7a7876096f4db546964266ab19c7b74d12fcac0f35b7d28287a86ecb324b104?s=96&d=mm&r=g"},"description":"Stephen Langfur se doctor\u00f3 en Siracusa, donde present\u00f3 su teor\u00eda del Acontecimiento T\u00fa-I. Despu\u00e9s ayud\u00f3 a reconstruir el Programa de Honores (ahora Honors College) de la Universidad de Houston, donde ense\u00f1\u00f3 durante tres a\u00f1os. La promesa de paz en Oriente Pr\u00f3ximo le atrajo a Israel en 1979, donde prefiri\u00f3 el senderismo al mundo acad\u00e9mico, convirti\u00e9ndose en gu\u00eda. Una d\u00e9cada despu\u00e9s, escribi\u00f3 en su primer libro: \"Cuando era diez a\u00f1os m\u00e1s joven y estaba lleno de esperanza, dej\u00e9 Estados Unidos con mi mujer y mi hija y me traslad\u00e9 a Israel\". Lo que sigue son notas desde una celda del ej\u00e9rcito, a la que he sido condenado por negarme a entrar en Cisjordania contra los palestinos\". - Confesi\u00f3n desde una c\u00e1rcel de Jeric\u00f3 (Grove Weidenfeld, 1992, ahora publicado en 2\u00aa edici\u00f3n por Fomite Press). Tras su liberaci\u00f3n, Langfur descubri\u00f3 que nuevos hallazgos en la investigaci\u00f3n sobre la infancia apoyaban la idea de su tesis. La present\u00f3 en revistas de filosof\u00eda y psicolog\u00eda, y ahora en Philosophy Meets the Infant.","sameAs":["http:\/\/stephenlangfur.com","https:\/\/www.facebook.com\/stephen.langfur","https:\/\/x.com\/StephenLangfur"]}]}},"jetpack-related-posts":[{"id":1911,"url":"https:\/\/stephenlangfur.com\/es\/endorsements\/","url_meta":{"origin":1681,"position":0},"title":"Apoyos","author":"Stephen Langfur","date":"junio 20, 2025","format":false,"excerpt":"La filosof\u00eda se encuentra con el ni\u00f1o\" es un libro breve, pero se lee como una epopeya. Gu\u00eda al lector a trav\u00e9s de una galer\u00eda de escenas desde la perspectiva del lactante, creando un nuevo lenguaje a medida que avanza. En di\u00e1logo con fil\u00f3sofos y psic\u00f3logos, Langfur ofrece una nueva y convincente perspectiva unificadora sobre...","rel":"","context":"Entrada similar","block_context":{"text":"Entrada similar","link":""},"img":{"alt_text":"","src":"","width":0,"height":0},"classes":[]},{"id":985,"url":"https:\/\/stephenlangfur.com\/es\/publications\/","url_meta":{"origin":1681,"position":1},"title":"Publicaciones","author":"Stephen Langfur","date":"enero 1, 2022","format":false,"excerpt":"La primera vez que escrib\u00ed sobre el Evento T\u00fa-Yo fue en mi tesis doctoral en Siracusa, hace cincuenta a\u00f1os. En aquella \u00e9poca, Jean Piaget parec\u00eda tener la \u00faltima palabra sobre la infancia. Despu\u00e9s de tres a\u00f1os de docencia en la Universidad de Houston, emigr\u00e9 a Israel, form\u00e1ndome como gu\u00eda tur\u00edstico. Durante un...","rel":"","context":"Entrada similar","block_context":{"text":"Entrada similar","link":""},"img":{"alt_text":"Stephen Langfur","src":"https:\/\/i0.wp.com\/stephenlangfur.com\/wp-content\/uploads\/2021\/12\/Steve-close-up-2.jpg?resize=350%2C200&ssl=1","width":350,"height":200},"classes":[]},{"id":1928,"url":"https:\/\/stephenlangfur.com\/es\/a-podcast-about-philosophy-meets-the-infant-by-stephen-langfur\/","url_meta":{"origin":1681,"position":2},"title":"Podcasts \ud83c\uddfa\ud83c\uddf8 \ud83c\uddea\ud83c\uddf8 \ud83c\udde9\ud83c\uddea","author":"Stephen Langfur","date":"junio 20, 2025","format":false,"excerpt":"\ud83c\udfa7 En ingl\u00e9s: Una discusi\u00f3n de La filosof\u00eda se encuentra con el infante, Cap\u00edtulo 1: Presentaci\u00f3n del evento T\u00fa-Yo. El podcast es el resultado de las interacciones entre el autor y NotebookLM. \ud83c\udfa7 En espa\u00f1ol: Una discusi\u00f3n con IA de La filosof\u00eda se encuentra con el beb\u00e9, Cap\u00edtulo 1: Presentaci\u00f3n del Evento T\u00fa-Yo. \ud83c\udfa7...","rel":"","context":"Entrada similar","block_context":{"text":"Entrada similar","link":""},"img":{"alt_text":"","src":"","width":0,"height":0},"classes":[]},{"id":192,"url":"https:\/\/stephenlangfur.com\/es\/stephen-langfur-on-the-philosophy-of-dialogue\/","url_meta":{"origin":1681,"position":3},"title":"Sobre Stephen Langfur","author":"Stephen Langfur","date":"enero 2, 2022","format":false,"excerpt":"Foto: davidsheerman.com Stephen Langfur se doctor\u00f3 en Siracusa, donde present\u00f3 su teor\u00eda del Acontecimiento T\u00fa-I. Despu\u00e9s ayud\u00f3 a reconstruir el Programa de Honores (ahora Honors College) de la Universidad de Houston, donde ense\u00f1\u00f3 durante tres a\u00f1os. La promesa de paz en Oriente Medio le atrajo...","rel":"","context":"Entrada similar","block_context":{"text":"Entrada similar","link":""},"img":{"alt_text":"","src":"https:\/\/i0.wp.com\/stephenlangfur.com\/wp-content\/uploads\/2022\/02\/cartoon-of-steve-as-guide.jpg?resize=350%2C200&ssl=1","width":350,"height":200,"srcset":"https:\/\/i0.wp.com\/stephenlangfur.com\/wp-content\/uploads\/2022\/02\/cartoon-of-steve-as-guide.jpg?resize=350%2C200&ssl=1 1x, https:\/\/i0.wp.com\/stephenlangfur.com\/wp-content\/uploads\/2022\/02\/cartoon-of-steve-as-guide.jpg?resize=525%2C300&ssl=1 1.5x, https:\/\/i0.wp.com\/stephenlangfur.com\/wp-content\/uploads\/2022\/02\/cartoon-of-steve-as-guide.jpg?resize=700%2C400&ssl=1 2x"},"classes":[]}],"jetpack_likes_enabled":true,"jetpack_sharing_enabled":true,"_links":{"self":[{"href":"https:\/\/stephenlangfur.com\/es\/wp-json\/wp\/v2\/pages\/1681","targetHints":{"allow":["GET"]}}],"collection":[{"href":"https:\/\/stephenlangfur.com\/es\/wp-json\/wp\/v2\/pages"}],"about":[{"href":"https:\/\/stephenlangfur.com\/es\/wp-json\/wp\/v2\/types\/page"}],"author":[{"embeddable":true,"href":"https:\/\/stephenlangfur.com\/es\/wp-json\/wp\/v2\/users\/1"}],"replies":[{"embeddable":true,"href":"https:\/\/stephenlangfur.com\/es\/wp-json\/wp\/v2\/comments?post=1681"}],"version-history":[{"count":5,"href":"https:\/\/stephenlangfur.com\/es\/wp-json\/wp\/v2\/pages\/1681\/revisions"}],"predecessor-version":[{"id":2556,"href":"https:\/\/stephenlangfur.com\/es\/wp-json\/wp\/v2\/pages\/1681\/revisions\/2556"}],"wp:attachment":[{"href":"https:\/\/stephenlangfur.com\/es\/wp-json\/wp\/v2\/media?parent=1681"}],"curies":[{"name":"wp","href":"https:\/\/api.w.org\/{rel}","templated":true}]}}