{"id":1928,"date":"2025-06-20T13:38:06","date_gmt":"2025-06-20T10:38:06","guid":{"rendered":"https:\/\/stephenlangfur.com\/?page_id=1928"},"modified":"2025-08-02T11:27:57","modified_gmt":"2025-08-02T08:27:57","slug":"a-podcast-about-philosophy-meets-the-infant-by-stephen-langfur","status":"publish","type":"page","link":"https:\/\/stephenlangfur.com\/en\/a-podcast-about-philosophy-meets-the-infant-by-stephen-langfur\/","title":{"rendered":"Podcasts \ud83c\uddfa\ud83c\uddf8 \ud83c\uddea\ud83c\uddf8 \ud83c\udde9\ud83c\uddea"},"content":{"rendered":"\n<p class=\"has-large-font-size\"><\/p>\n\n\n\n<h3 class=\"wp-block-heading\">\ud83c\udfa7 <strong>In English: <\/strong>A discussion of <em>Philosophy Meets the Infant<\/em>, Chapter 1: Introducing the You-I Event. The podcast is a result of interactions between the author and NotebookLM.<\/h3>\n\n\n\n<figure class=\"wp-block-audio\"><audio controls src=\"https:\/\/stephenlangfur.com\/wp-content\/uploads\/2025\/07\/July-25-w-new-on-s-a.mp3\"><\/audio><\/figure>\n\n\n\n<h3 class=\"wp-block-heading\">\ud83c\udfa7 <strong>In Spanish:<\/strong> Una discusi\u00f3n con IA de <em>La filosof\u00eda se encuentra con el <em>beb\u00e9<\/em><\/em>, Cap\u00edtulo 1: Presentaci\u00f3n del Evento T\u00fa-Yo.<\/h3>\n\n\n\n<figure class=\"wp-block-audio\"><audio controls src=\"https:\/\/stephenlangfur.com\/wp-content\/uploads\/2025\/07\/use_July-3_La-Filosofia-y-el-Infante_-El-Evento-Tu-Yo-mp3-1.mp3\"><\/audio><\/figure>\n\n\n\n<p class=\"\"><\/p>\n\n\n\n<h3 class=\"wp-block-heading\">\ud83c\udfa7 <strong>In German:<\/strong> Eine KI-Diskussion \u00fcber <em>Philosophy Meets the Infant<\/em>, Kapitel 1: Einf\u00fchrung in das Du-Ich-Ereignis.<\/h3>\n\n\n\n<figure class=\"wp-block-audio\"><audio controls src=\"https:\/\/stephenlangfur.com\/wp-content\/uploads\/2025\/07\/German-5-audiomass-output.mp3\"><\/audio><\/figure>\n\n\n\n<p class=\"\"><a href=\"https:\/\/stephenlangfur.com\/order-now\/\">Order the book in English<\/a><\/p>\n\n\n\n<p class=\"\"><\/p>\n","protected":false},"excerpt":{"rendered":"<p>\ud83c\udfa7 In English: A discussion of Philosophy Meets the Infant, Chapter 1: Introducing the You-I Event. The podcast is a result of interactions between the&#8230;<\/p>\n<div class=\"more-link-wrapper\"><a class=\"more-link\" href=\"https:\/\/stephenlangfur.com\/en\/a-podcast-about-philosophy-meets-the-infant-by-stephen-langfur\/\">Continue reading<span class=\"screen-reader-text\">Podcasts \ud83c\uddfa\ud83c\uddf8 \ud83c\uddea\ud83c\uddf8 \ud83c\udde9\ud83c\uddea<\/span><\/a><\/div>\n","protected":false},"author":1,"featured_media":0,"parent":0,"menu_order":0,"comment_status":"closed","ping_status":"closed","template":"","meta":{"nf_dc_page":"","om_disable_all_campaigns":false,"_monsterinsights_skip_tracking":false,"_monsterinsights_sitenote_active":false,"_monsterinsights_sitenote_note":"","_monsterinsights_sitenote_category":0,"footnotes":""},"class_list":["post-1928","page","type-page","status-publish","hentry","ratio-natural","entry"],"yoast_head":"<!-- This site is optimized with the Yoast SEO plugin v27.4 - https:\/\/yoast.com\/product\/yoast-seo-wordpress\/ -->\n<title>Podcasts \ud83c\uddfa\ud83c\uddf8 \ud83c\uddea\ud83c\uddf8 \ud83c\udde9\ud83c\uddea - Philosophy Meets the Infant<\/title>\n<meta name=\"robots\" content=\"index, follow, max-snippet:-1, max-image-preview:large, max-video-preview:-1\" \/>\n<link rel=\"canonical\" href=\"https:\/\/stephenlangfur.com\/en\/a-podcast-about-philosophy-meets-the-infant-by-stephen-langfur\/\" \/>\n<meta property=\"og:locale\" content=\"en_US\" \/>\n<meta property=\"og:type\" content=\"article\" \/>\n<meta property=\"og:title\" content=\"Podcasts \ud83c\uddfa\ud83c\uddf8 \ud83c\uddea\ud83c\uddf8 \ud83c\udde9\ud83c\uddea - Philosophy Meets the Infant\" \/>\n<meta property=\"og:description\" content=\"\ud83c\udfa7 In English: A discussion of Philosophy Meets the Infant, Chapter 1: Introducing the You-I Event. The podcast is a result of interactions between the&#8230;\" \/>\n<meta property=\"og:url\" content=\"https:\/\/stephenlangfur.com\/en\/a-podcast-about-philosophy-meets-the-infant-by-stephen-langfur\/\" \/>\n<meta property=\"og:site_name\" content=\"Philosophy Meets the Infant\" \/>\n<meta property=\"article:publisher\" content=\"https:\/\/www.facebook.com\/stephen.langfur\" \/>\n<meta property=\"article:modified_time\" content=\"2025-08-02T08:27:57+00:00\" \/>\n<meta name=\"twitter:card\" content=\"summary_large_image\" \/>\n<meta name=\"twitter:site\" content=\"@StephenLangfur\" \/>\n<meta name=\"twitter:label1\" content=\"Est. reading time\" \/>\n\t<meta name=\"twitter:data1\" content=\"1 minute\" \/>\n<script type=\"application\/ld+json\" class=\"yoast-schema-graph\">{\"@context\":\"https:\\\/\\\/schema.org\",\"@graph\":[{\"@type\":\"WebPage\",\"@id\":\"https:\\\/\\\/stephenlangfur.com\\\/a-podcast-about-philosophy-meets-the-infant-by-stephen-langfur\\\/\",\"url\":\"https:\\\/\\\/stephenlangfur.com\\\/a-podcast-about-philosophy-meets-the-infant-by-stephen-langfur\\\/\",\"name\":\"Podcasts \ud83c\uddfa\ud83c\uddf8 \ud83c\uddea\ud83c\uddf8 \ud83c\udde9\ud83c\uddea - Philosophy Meets the Infant\",\"isPartOf\":{\"@id\":\"https:\\\/\\\/stephenlangfur.com\\\/#website\"},\"datePublished\":\"2025-06-20T10:38:06+00:00\",\"dateModified\":\"2025-08-02T08:27:57+00:00\",\"breadcrumb\":{\"@id\":\"https:\\\/\\\/stephenlangfur.com\\\/a-podcast-about-philosophy-meets-the-infant-by-stephen-langfur\\\/#breadcrumb\"},\"inLanguage\":\"en-US\",\"potentialAction\":[{\"@type\":\"ReadAction\",\"target\":[\"https:\\\/\\\/stephenlangfur.com\\\/a-podcast-about-philosophy-meets-the-infant-by-stephen-langfur\\\/\"]}]},{\"@type\":\"BreadcrumbList\",\"@id\":\"https:\\\/\\\/stephenlangfur.com\\\/a-podcast-about-philosophy-meets-the-infant-by-stephen-langfur\\\/#breadcrumb\",\"itemListElement\":[{\"@type\":\"ListItem\",\"position\":1,\"name\":\"Home\",\"item\":\"https:\\\/\\\/stephenlangfur.com\\\/\"},{\"@type\":\"ListItem\",\"position\":2,\"name\":\"Podcasts \ud83c\uddfa\ud83c\uddf8 \ud83c\uddea\ud83c\uddf8 \ud83c\udde9\ud83c\uddea\"}]},{\"@type\":\"WebSite\",\"@id\":\"https:\\\/\\\/stephenlangfur.com\\\/#website\",\"url\":\"https:\\\/\\\/stephenlangfur.com\\\/\",\"name\":\"Philosophy Meets the Infant\",\"description\":\"How infancy research transforms the understanding of human existence\",\"publisher\":{\"@id\":\"https:\\\/\\\/stephenlangfur.com\\\/#\\\/schema\\\/person\\\/76c4c0a7980b8bc2d00134a8e6ea2ee4\"},\"potentialAction\":[{\"@type\":\"SearchAction\",\"target\":{\"@type\":\"EntryPoint\",\"urlTemplate\":\"https:\\\/\\\/stephenlangfur.com\\\/?s={search_term_string}\"},\"query-input\":{\"@type\":\"PropertyValueSpecification\",\"valueRequired\":true,\"valueName\":\"search_term_string\"}}],\"inLanguage\":\"en-US\"},{\"@type\":[\"Person\",\"Organization\"],\"@id\":\"https:\\\/\\\/stephenlangfur.com\\\/#\\\/schema\\\/person\\\/76c4c0a7980b8bc2d00134a8e6ea2ee4\",\"name\":\"Stephen Langfur\",\"image\":{\"@type\":\"ImageObject\",\"inLanguage\":\"en-US\",\"@id\":\"https:\\\/\\\/secure.gravatar.com\\\/avatar\\\/a7a7876096f4db546964266ab19c7b74d12fcac0f35b7d28287a86ecb324b104?s=96&d=mm&r=g\",\"url\":\"https:\\\/\\\/secure.gravatar.com\\\/avatar\\\/a7a7876096f4db546964266ab19c7b74d12fcac0f35b7d28287a86ecb324b104?s=96&d=mm&r=g\",\"contentUrl\":\"https:\\\/\\\/secure.gravatar.com\\\/avatar\\\/a7a7876096f4db546964266ab19c7b74d12fcac0f35b7d28287a86ecb324b104?s=96&d=mm&r=g\",\"caption\":\"Stephen Langfur\"},\"logo\":{\"@id\":\"https:\\\/\\\/secure.gravatar.com\\\/avatar\\\/a7a7876096f4db546964266ab19c7b74d12fcac0f35b7d28287a86ecb324b104?s=96&d=mm&r=g\"},\"description\":\"Stephen Langfur received a doctorate from Syracuse, in which he presented his theory of the You-I Event. He then helped rebuild the Honors Program (now Honors College) at the University of Houston, teaching in it for three years. The promise of peace in the Middle East lured him to Israel in 1979, where he favored hiking over academe, becoming a guide. A decade later, he wrote in his first book: \u201cWhen I was ten years younger and full of hope, I departed the USA with wife and daughter and moved to Israel. What follow are notes from an army cell, to which I have been sentenced for refusing to go into the West Bank against the Palestinians.\u201d \u2013 Confession from a Jericho Jail (Grove Weidenfeld, 1992, now published in a 2nd edition by Fomite Press). After his release, Langfur discovered that new findings in infancy research supported the idea of his dissertation. He presented it in philosophy and psychology journals \u2013 and now in Philosophy Meets the Infant.\",\"sameAs\":[\"http:\\\/\\\/stephenlangfur.com\",\"https:\\\/\\\/www.facebook.com\\\/stephen.langfur\",\"https:\\\/\\\/x.com\\\/StephenLangfur\"]}]}<\/script>\n<!-- \/ Yoast SEO plugin. -->","yoast_head_json":{"title":"Podcasts \ud83c\uddfa\ud83c\uddf8 \ud83c\uddea\ud83c\uddf8 \ud83c\udde9\ud83c\uddea - Philosophy Meets the Infant","robots":{"index":"index","follow":"follow","max-snippet":"max-snippet:-1","max-image-preview":"max-image-preview:large","max-video-preview":"max-video-preview:-1"},"canonical":"https:\/\/stephenlangfur.com\/en\/a-podcast-about-philosophy-meets-the-infant-by-stephen-langfur\/","og_locale":"en_US","og_type":"article","og_title":"Podcasts \ud83c\uddfa\ud83c\uddf8 \ud83c\uddea\ud83c\uddf8 \ud83c\udde9\ud83c\uddea - Philosophy Meets the Infant","og_description":"\ud83c\udfa7 In English: A discussion of Philosophy Meets the Infant, Chapter 1: Introducing the You-I Event. The podcast is a result of interactions between the&#8230;","og_url":"https:\/\/stephenlangfur.com\/en\/a-podcast-about-philosophy-meets-the-infant-by-stephen-langfur\/","og_site_name":"Philosophy Meets the Infant","article_publisher":"https:\/\/www.facebook.com\/stephen.langfur","article_modified_time":"2025-08-02T08:27:57+00:00","twitter_card":"summary_large_image","twitter_site":"@StephenLangfur","twitter_misc":{"Est. reading time":"1 minute"},"schema":{"@context":"https:\/\/schema.org","@graph":[{"@type":"WebPage","@id":"https:\/\/stephenlangfur.com\/a-podcast-about-philosophy-meets-the-infant-by-stephen-langfur\/","url":"https:\/\/stephenlangfur.com\/a-podcast-about-philosophy-meets-the-infant-by-stephen-langfur\/","name":"Podcasts \ud83c\uddfa\ud83c\uddf8 \ud83c\uddea\ud83c\uddf8 \ud83c\udde9\ud83c\uddea - Philosophy Meets the Infant","isPartOf":{"@id":"https:\/\/stephenlangfur.com\/#website"},"datePublished":"2025-06-20T10:38:06+00:00","dateModified":"2025-08-02T08:27:57+00:00","breadcrumb":{"@id":"https:\/\/stephenlangfur.com\/a-podcast-about-philosophy-meets-the-infant-by-stephen-langfur\/#breadcrumb"},"inLanguage":"en-US","potentialAction":[{"@type":"ReadAction","target":["https:\/\/stephenlangfur.com\/a-podcast-about-philosophy-meets-the-infant-by-stephen-langfur\/"]}]},{"@type":"BreadcrumbList","@id":"https:\/\/stephenlangfur.com\/a-podcast-about-philosophy-meets-the-infant-by-stephen-langfur\/#breadcrumb","itemListElement":[{"@type":"ListItem","position":1,"name":"Home","item":"https:\/\/stephenlangfur.com\/"},{"@type":"ListItem","position":2,"name":"Podcasts \ud83c\uddfa\ud83c\uddf8 \ud83c\uddea\ud83c\uddf8 \ud83c\udde9\ud83c\uddea"}]},{"@type":"WebSite","@id":"https:\/\/stephenlangfur.com\/#website","url":"https:\/\/stephenlangfur.com\/","name":"Philosophy Meets the Infant","description":"How infancy research transforms the understanding of human existence","publisher":{"@id":"https:\/\/stephenlangfur.com\/#\/schema\/person\/76c4c0a7980b8bc2d00134a8e6ea2ee4"},"potentialAction":[{"@type":"SearchAction","target":{"@type":"EntryPoint","urlTemplate":"https:\/\/stephenlangfur.com\/?s={search_term_string}"},"query-input":{"@type":"PropertyValueSpecification","valueRequired":true,"valueName":"search_term_string"}}],"inLanguage":"en-US"},{"@type":["Person","Organization"],"@id":"https:\/\/stephenlangfur.com\/#\/schema\/person\/76c4c0a7980b8bc2d00134a8e6ea2ee4","name":"Stephen Langfur","image":{"@type":"ImageObject","inLanguage":"en-US","@id":"https:\/\/secure.gravatar.com\/avatar\/a7a7876096f4db546964266ab19c7b74d12fcac0f35b7d28287a86ecb324b104?s=96&d=mm&r=g","url":"https:\/\/secure.gravatar.com\/avatar\/a7a7876096f4db546964266ab19c7b74d12fcac0f35b7d28287a86ecb324b104?s=96&d=mm&r=g","contentUrl":"https:\/\/secure.gravatar.com\/avatar\/a7a7876096f4db546964266ab19c7b74d12fcac0f35b7d28287a86ecb324b104?s=96&d=mm&r=g","caption":"Stephen Langfur"},"logo":{"@id":"https:\/\/secure.gravatar.com\/avatar\/a7a7876096f4db546964266ab19c7b74d12fcac0f35b7d28287a86ecb324b104?s=96&d=mm&r=g"},"description":"Stephen Langfur received a doctorate from Syracuse, in which he presented his theory of the You-I Event. He then helped rebuild the Honors Program (now Honors College) at the University of Houston, teaching in it for three years. The promise of peace in the Middle East lured him to Israel in 1979, where he favored hiking over academe, becoming a guide. A decade later, he wrote in his first book: \u201cWhen I was ten years younger and full of hope, I departed the USA with wife and daughter and moved to Israel. What follow are notes from an army cell, to which I have been sentenced for refusing to go into the West Bank against the Palestinians.\u201d \u2013 Confession from a Jericho Jail (Grove Weidenfeld, 1992, now published in a 2nd edition by Fomite Press). After his release, Langfur discovered that new findings in infancy research supported the idea of his dissertation. He presented it in philosophy and psychology journals \u2013 and now in Philosophy Meets the Infant.","sameAs":["http:\/\/stephenlangfur.com","https:\/\/www.facebook.com\/stephen.langfur","https:\/\/x.com\/StephenLangfur"]}]}},"jetpack-related-posts":[{"id":1681,"url":"https:\/\/stephenlangfur.com\/en\/","url_meta":{"origin":1928,"position":0},"title":"Philosophy Meets the Infant","author":"Stephen Langfur","date":"December 8, 2022","format":false,"excerpt":"\u00a0You attend, therefore I am. This book finds the origin of self-awareness in reciprocal attention between infant and caregiver. To use mutual gaze as example: As with several animal species, a baby\u2019s eyes follow a person\u2019s shifting gaze. Evidently, she takes the person to be looking at something. When a\u2026","rel":"","context":"Similar post","block_context":{"text":"Similar post","link":""},"img":{"alt_text":"Book cover: Philosophy Meets the Infant by Stephen Langfur","src":"https:\/\/i0.wp.com\/stephenlangfur.com\/wp-content\/uploads\/2025\/06\/cover-from-Routledge-site.webp?resize=350%2C200&ssl=1","width":350,"height":200},"classes":[]}],"jetpack_likes_enabled":true,"jetpack_sharing_enabled":true,"_links":{"self":[{"href":"https:\/\/stephenlangfur.com\/en\/wp-json\/wp\/v2\/pages\/1928","targetHints":{"allow":["GET"]}}],"collection":[{"href":"https:\/\/stephenlangfur.com\/en\/wp-json\/wp\/v2\/pages"}],"about":[{"href":"https:\/\/stephenlangfur.com\/en\/wp-json\/wp\/v2\/types\/page"}],"author":[{"embeddable":true,"href":"https:\/\/stephenlangfur.com\/en\/wp-json\/wp\/v2\/users\/1"}],"replies":[{"embeddable":true,"href":"https:\/\/stephenlangfur.com\/en\/wp-json\/wp\/v2\/comments?post=1928"}],"version-history":[{"count":5,"href":"https:\/\/stephenlangfur.com\/en\/wp-json\/wp\/v2\/pages\/1928\/revisions"}],"predecessor-version":[{"id":2543,"href":"https:\/\/stephenlangfur.com\/en\/wp-json\/wp\/v2\/pages\/1928\/revisions\/2543"}],"wp:attachment":[{"href":"https:\/\/stephenlangfur.com\/en\/wp-json\/wp\/v2\/media?parent=1928"}],"curies":[{"name":"wp","href":"https:\/\/api.w.org\/{rel}","templated":true}]}}