{"id":192,"date":"2022-01-02T10:54:37","date_gmt":"2022-01-02T08:54:37","guid":{"rendered":"http:\/\/box2499.temp.domains\/~tephenla\/?page_id=192"},"modified":"2025-07-06T14:32:23","modified_gmt":"2025-07-06T11:32:23","slug":"stephen-langfur-on-the-philosophy-of-dialogue","status":"publish","type":"page","link":"https:\/\/stephenlangfur.com\/en\/stephen-langfur-on-the-philosophy-of-dialogue\/","title":{"rendered":"About Stephen Langfur"},"content":{"rendered":"\n<p class=\"\"><\/p>\n\n\n<div class=\"wp-block-image wp-block-image alignleft size-full is-resized\">\n<figure ><img data-recalc-dims=\"1\" fetchpriority=\"high\" decoding=\"async\" width=\"200\" height=\"315\" src=\"https:\/\/i0.wp.com\/stephenlangfur.com\/wp-content\/uploads\/2021\/12\/Steve-close-up-2.jpg?resize=200%2C315&#038;ssl=1\" alt=\"\" class=\"wp-image-111\" srcset=\"https:\/\/i0.wp.com\/stephenlangfur.com\/wp-content\/uploads\/2021\/12\/Steve-close-up-2.jpg?w=200&amp;ssl=1 200w, https:\/\/i0.wp.com\/stephenlangfur.com\/wp-content\/uploads\/2021\/12\/Steve-close-up-2.jpg?resize=190%2C300&amp;ssl=1 190w\" sizes=\"(max-width: 200px) 100vw, 200px\" \/><figcaption class=\"wp-element-caption\">Photo: davidsheerman.com<\/figcaption><\/figure>\n<\/div>\n\n\n<p class=\"\">Stephen Langfur received a doctorate from Syracuse, in which he presented his theory of the You-I Event. He then helped rebuild the Honors Program (now Honors College) at the University of Houston, teaching in it for three years. The promise of peace in the Middle East lured him to Israel in 1979, where he favored hiking over academe, becoming a guide. A decade later, he wrote in his first book:<\/p>\n\n\n\n<p class=\"\">&#8220;When I was ten years younger and full of hope, I departed the USA with wife and daughter and moved to Israel. What follow are notes from an army cell, to which I have been sentenced for refusing to go into the West Bank against the Palestinians.&#8221; &#8211; <a href=\"https:\/\/www.fomitepress.com\/confession-from-a-jericho-jail.html\"><em>Confession from a Jericho Jail<\/em> <\/a> (Grove Weidenfeld, 1992, now published in a 2nd edition by Fomite Press).<\/p>\n\n\n\n<p class=\"\">After his release, Langfur discovered that new findings in infancy research supported the idea of his dissertation. He presented it in <a href=\"https:\/\/stephenlangfur.com\/publications\/\" target=\"_blank\" rel=\"noreferrer noopener\">philosophy and psychology journals<\/a> &#8211; and now in <a href=\"https:\/\/stephenlangfur.com\/\">Philosophy Meets the Infant<\/a>.<\/p>\n\n\n\n<p class=\"\"><\/p>\n\n\n\n<hr class=\"wp-block-separator has-css-opacity\"\/>\n\n\n\n<p class=\"\">Langfur as a tour guide:<\/p>\n\n\n<div class=\"wp-block-image\">\n<figure class=\"aligncenter size-large\"><img data-recalc-dims=\"1\" decoding=\"async\" width=\"791\" height=\"1024\" src=\"https:\/\/i0.wp.com\/stephenlangfur.com\/wp-content\/uploads\/2022\/02\/cartoon-of-steve-as-guide.jpg?resize=791%2C1024&#038;ssl=1\" alt=\"\" class=\"wp-image-1383\" srcset=\"https:\/\/i0.wp.com\/stephenlangfur.com\/wp-content\/uploads\/2022\/02\/cartoon-of-steve-as-guide.jpg?resize=791%2C1024&amp;ssl=1 791w, https:\/\/i0.wp.com\/stephenlangfur.com\/wp-content\/uploads\/2022\/02\/cartoon-of-steve-as-guide.jpg?resize=232%2C300&amp;ssl=1 232w, https:\/\/i0.wp.com\/stephenlangfur.com\/wp-content\/uploads\/2022\/02\/cartoon-of-steve-as-guide.jpg?resize=768%2C994&amp;ssl=1 768w, https:\/\/i0.wp.com\/stephenlangfur.com\/wp-content\/uploads\/2022\/02\/cartoon-of-steve-as-guide.jpg?w=800&amp;ssl=1 800w\" sizes=\"(max-width: 791px) 100vw, 791px\" \/><\/figure>\n<\/div>\n\n\n<h2 class=\"wp-block-heading\" id=\"family-life\">Family life<\/h2>\n\n\n\n<p class=\"\">Langfur has a son named Benny who is a composer-musician and a daughter named Talya who is a physical therapist. He is married to the political activist Roni Ben Efrat, whose children are Ruti, a clinical psychologist, and Yonatan, a secondary-school teacher. There are grandchildren: Susu, Sara, Toto, and Lara. It is odd&nbsp;that, to a grandpa, the world may seem dull and routine for much of the time, but there is nothing so exciting as to watch one&#8217;s grandchild discovering it:<\/p>\n\n\n\n<figure class=\"wp-block-image size-large\"><img data-recalc-dims=\"1\" decoding=\"async\" width=\"1024\" height=\"577\" src=\"https:\/\/i0.wp.com\/stephenlangfur.com\/wp-content\/uploads\/2021\/12\/Sara-rejoicing.jpg?resize=1024%2C577&#038;ssl=1\" alt=\"\" class=\"wp-image-90\" srcset=\"https:\/\/i0.wp.com\/stephenlangfur.com\/wp-content\/uploads\/2021\/12\/Sara-rejoicing.jpg?resize=1024%2C577&amp;ssl=1 1024w, https:\/\/i0.wp.com\/stephenlangfur.com\/wp-content\/uploads\/2021\/12\/Sara-rejoicing.jpg?resize=300%2C169&amp;ssl=1 300w, https:\/\/i0.wp.com\/stephenlangfur.com\/wp-content\/uploads\/2021\/12\/Sara-rejoicing.jpg?resize=768%2C432&amp;ssl=1 768w, https:\/\/i0.wp.com\/stephenlangfur.com\/wp-content\/uploads\/2021\/12\/Sara-rejoicing.jpg?w=1268&amp;ssl=1 1268w\" sizes=\"(max-width: 1000px) 100vw, 1000px\" \/><figcaption class=\"wp-element-caption\">Left to right: Susu, Roni, Toto, and Sara on vacation in Devon, England (2016)<\/figcaption><\/figure>\n\n\n\n<p class=\"\"><a href=\"https:\/\/stephenlangfur.com\/order-now\/\">Order <em>Philosophy Meets the Infant<\/em><\/a><\/p>\n","protected":false},"excerpt":{"rendered":"<p>Stephen Langfur received a doctorate from Syracuse, in which he presented his theory of the You-I Event. He then helped rebuild the Honors Program (now&#8230;<\/p>\n<div class=\"more-link-wrapper\"><a class=\"more-link\" href=\"https:\/\/stephenlangfur.com\/en\/stephen-langfur-on-the-philosophy-of-dialogue\/\">Continue reading<span class=\"screen-reader-text\">About Stephen Langfur<\/span><\/a><\/div>\n","protected":false},"author":1,"featured_media":0,"parent":0,"menu_order":0,"comment_status":"closed","ping_status":"closed","template":"","meta":{"nf_dc_page":"about","om_disable_all_campaigns":false,"_monsterinsights_skip_tracking":false,"_monsterinsights_sitenote_active":false,"_monsterinsights_sitenote_note":"","_monsterinsights_sitenote_category":0,"footnotes":""},"class_list":["post-192","page","type-page","status-publish","hentry","ratio-natural","entry"],"yoast_head":"<!-- This site is optimized with the Yoast SEO plugin v27.4 - https:\/\/yoast.com\/product\/yoast-seo-wordpress\/ -->\n<title>Stephen Langfur - Philosophy Meets the Infant<\/title>\n<meta name=\"description\" content=\"Using infancy research, Stephen Langfur takes a systematic approach to Martin Buber&#039;s saying, &quot;A human being becomes I through a You.&quot;\" \/>\n<meta name=\"robots\" content=\"index, follow, max-snippet:-1, max-image-preview:large, max-video-preview:-1\" \/>\n<link rel=\"canonical\" href=\"https:\/\/stephenlangfur.com\/en\/stephen-langfur-on-the-philosophy-of-dialogue\/\" \/>\n<meta property=\"og:locale\" content=\"en_US\" \/>\n<meta property=\"og:type\" content=\"article\" \/>\n<meta property=\"og:title\" content=\"Stephen Langfur - Philosophy Meets the Infant\" \/>\n<meta property=\"og:url\" content=\"https:\/\/stephenlangfur.com\/en\/stephen-langfur-on-the-philosophy-of-dialogue\/\" \/>\n<meta property=\"og:site_name\" content=\"Philosophy Meets the Infant\" \/>\n<meta property=\"article:publisher\" content=\"https:\/\/www.facebook.com\/stephen.langfur\" \/>\n<meta property=\"article:modified_time\" content=\"2025-07-06T11:32:23+00:00\" \/>\n<meta property=\"og:image\" content=\"https:\/\/stephenlangfur.com\/wp-content\/uploads\/2021\/12\/Steve-close-up-2.jpg\" \/>\n<meta name=\"twitter:card\" content=\"summary_large_image\" \/>\n<meta name=\"twitter:site\" content=\"@StephenLangfur\" \/>\n<meta name=\"twitter:label1\" content=\"Est. reading time\" \/>\n\t<meta name=\"twitter:data1\" content=\"2 minutes\" \/>\n<script type=\"application\/ld+json\" class=\"yoast-schema-graph\">{\"@context\":\"https:\\\/\\\/schema.org\",\"@graph\":[{\"@type\":\"WebPage\",\"@id\":\"https:\\\/\\\/stephenlangfur.com\\\/stephen-langfur-on-the-philosophy-of-dialogue\\\/\",\"url\":\"https:\\\/\\\/stephenlangfur.com\\\/stephen-langfur-on-the-philosophy-of-dialogue\\\/\",\"name\":\"Stephen Langfur - Philosophy Meets the Infant\",\"isPartOf\":{\"@id\":\"https:\\\/\\\/stephenlangfur.com\\\/#website\"},\"primaryImageOfPage\":{\"@id\":\"https:\\\/\\\/stephenlangfur.com\\\/stephen-langfur-on-the-philosophy-of-dialogue\\\/#primaryimage\"},\"image\":{\"@id\":\"https:\\\/\\\/stephenlangfur.com\\\/stephen-langfur-on-the-philosophy-of-dialogue\\\/#primaryimage\"},\"thumbnailUrl\":\"https:\\\/\\\/stephenlangfur.com\\\/wp-content\\\/uploads\\\/2021\\\/12\\\/Steve-close-up-2.jpg\",\"datePublished\":\"2022-01-02T08:54:37+00:00\",\"dateModified\":\"2025-07-06T11:32:23+00:00\",\"description\":\"Using infancy research, Stephen Langfur takes a systematic approach to Martin Buber's saying, \\\"A human being becomes I through a You.\\\"\",\"breadcrumb\":{\"@id\":\"https:\\\/\\\/stephenlangfur.com\\\/stephen-langfur-on-the-philosophy-of-dialogue\\\/#breadcrumb\"},\"inLanguage\":\"en-US\",\"potentialAction\":[{\"@type\":\"ReadAction\",\"target\":[\"https:\\\/\\\/stephenlangfur.com\\\/stephen-langfur-on-the-philosophy-of-dialogue\\\/\"]}]},{\"@type\":\"ImageObject\",\"inLanguage\":\"en-US\",\"@id\":\"https:\\\/\\\/stephenlangfur.com\\\/stephen-langfur-on-the-philosophy-of-dialogue\\\/#primaryimage\",\"url\":\"https:\\\/\\\/stephenlangfur.com\\\/wp-content\\\/uploads\\\/2021\\\/12\\\/Steve-close-up-2.jpg\",\"contentUrl\":\"https:\\\/\\\/stephenlangfur.com\\\/wp-content\\\/uploads\\\/2021\\\/12\\\/Steve-close-up-2.jpg\"},{\"@type\":\"BreadcrumbList\",\"@id\":\"https:\\\/\\\/stephenlangfur.com\\\/stephen-langfur-on-the-philosophy-of-dialogue\\\/#breadcrumb\",\"itemListElement\":[{\"@type\":\"ListItem\",\"position\":1,\"name\":\"Home\",\"item\":\"https:\\\/\\\/stephenlangfur.com\\\/\"},{\"@type\":\"ListItem\",\"position\":2,\"name\":\"About Stephen Langfur\"}]},{\"@type\":\"WebSite\",\"@id\":\"https:\\\/\\\/stephenlangfur.com\\\/#website\",\"url\":\"https:\\\/\\\/stephenlangfur.com\\\/\",\"name\":\"Philosophy Meets the Infant\",\"description\":\"How infancy research transforms the understanding of human existence\",\"publisher\":{\"@id\":\"https:\\\/\\\/stephenlangfur.com\\\/#\\\/schema\\\/person\\\/76c4c0a7980b8bc2d00134a8e6ea2ee4\"},\"potentialAction\":[{\"@type\":\"SearchAction\",\"target\":{\"@type\":\"EntryPoint\",\"urlTemplate\":\"https:\\\/\\\/stephenlangfur.com\\\/?s={search_term_string}\"},\"query-input\":{\"@type\":\"PropertyValueSpecification\",\"valueRequired\":true,\"valueName\":\"search_term_string\"}}],\"inLanguage\":\"en-US\"},{\"@type\":[\"Person\",\"Organization\"],\"@id\":\"https:\\\/\\\/stephenlangfur.com\\\/#\\\/schema\\\/person\\\/76c4c0a7980b8bc2d00134a8e6ea2ee4\",\"name\":\"Stephen Langfur\",\"image\":{\"@type\":\"ImageObject\",\"inLanguage\":\"en-US\",\"@id\":\"https:\\\/\\\/secure.gravatar.com\\\/avatar\\\/a7a7876096f4db546964266ab19c7b74d12fcac0f35b7d28287a86ecb324b104?s=96&d=mm&r=g\",\"url\":\"https:\\\/\\\/secure.gravatar.com\\\/avatar\\\/a7a7876096f4db546964266ab19c7b74d12fcac0f35b7d28287a86ecb324b104?s=96&d=mm&r=g\",\"contentUrl\":\"https:\\\/\\\/secure.gravatar.com\\\/avatar\\\/a7a7876096f4db546964266ab19c7b74d12fcac0f35b7d28287a86ecb324b104?s=96&d=mm&r=g\",\"caption\":\"Stephen Langfur\"},\"logo\":{\"@id\":\"https:\\\/\\\/secure.gravatar.com\\\/avatar\\\/a7a7876096f4db546964266ab19c7b74d12fcac0f35b7d28287a86ecb324b104?s=96&d=mm&r=g\"},\"description\":\"Stephen Langfur received a doctorate from Syracuse, in which he presented his theory of the You-I Event. He then helped rebuild the Honors Program (now Honors College) at the University of Houston, teaching in it for three years. The promise of peace in the Middle East lured him to Israel in 1979, where he favored hiking over academe, becoming a guide. A decade later, he wrote in his first book: \u201cWhen I was ten years younger and full of hope, I departed the USA with wife and daughter and moved to Israel. What follow are notes from an army cell, to which I have been sentenced for refusing to go into the West Bank against the Palestinians.\u201d \u2013 Confession from a Jericho Jail (Grove Weidenfeld, 1992, now published in a 2nd edition by Fomite Press). After his release, Langfur discovered that new findings in infancy research supported the idea of his dissertation. He presented it in philosophy and psychology journals \u2013 and now in Philosophy Meets the Infant.\",\"sameAs\":[\"http:\\\/\\\/stephenlangfur.com\",\"https:\\\/\\\/www.facebook.com\\\/stephen.langfur\",\"https:\\\/\\\/x.com\\\/StephenLangfur\"]}]}<\/script>\n<!-- \/ Yoast SEO plugin. -->","yoast_head_json":{"title":"Stephen Langfur - Philosophy Meets the Infant","description":"Using infancy research, Stephen Langfur takes a systematic approach to Martin Buber's saying, \"A human being becomes I through a You.\"","robots":{"index":"index","follow":"follow","max-snippet":"max-snippet:-1","max-image-preview":"max-image-preview:large","max-video-preview":"max-video-preview:-1"},"canonical":"https:\/\/stephenlangfur.com\/en\/stephen-langfur-on-the-philosophy-of-dialogue\/","og_locale":"en_US","og_type":"article","og_title":"Stephen Langfur - Philosophy Meets the Infant","og_url":"https:\/\/stephenlangfur.com\/en\/stephen-langfur-on-the-philosophy-of-dialogue\/","og_site_name":"Philosophy Meets the Infant","article_publisher":"https:\/\/www.facebook.com\/stephen.langfur","article_modified_time":"2025-07-06T11:32:23+00:00","og_image":[{"url":"https:\/\/stephenlangfur.com\/wp-content\/uploads\/2021\/12\/Steve-close-up-2.jpg","type":"","width":"","height":""}],"twitter_card":"summary_large_image","twitter_site":"@StephenLangfur","twitter_misc":{"Est. reading time":"2 minutes"},"schema":{"@context":"https:\/\/schema.org","@graph":[{"@type":"WebPage","@id":"https:\/\/stephenlangfur.com\/stephen-langfur-on-the-philosophy-of-dialogue\/","url":"https:\/\/stephenlangfur.com\/stephen-langfur-on-the-philosophy-of-dialogue\/","name":"Stephen Langfur - Philosophy Meets the Infant","isPartOf":{"@id":"https:\/\/stephenlangfur.com\/#website"},"primaryImageOfPage":{"@id":"https:\/\/stephenlangfur.com\/stephen-langfur-on-the-philosophy-of-dialogue\/#primaryimage"},"image":{"@id":"https:\/\/stephenlangfur.com\/stephen-langfur-on-the-philosophy-of-dialogue\/#primaryimage"},"thumbnailUrl":"https:\/\/stephenlangfur.com\/wp-content\/uploads\/2021\/12\/Steve-close-up-2.jpg","datePublished":"2022-01-02T08:54:37+00:00","dateModified":"2025-07-06T11:32:23+00:00","description":"Using infancy research, Stephen Langfur takes a systematic approach to Martin Buber's saying, \"A human being becomes I through a You.\"","breadcrumb":{"@id":"https:\/\/stephenlangfur.com\/stephen-langfur-on-the-philosophy-of-dialogue\/#breadcrumb"},"inLanguage":"en-US","potentialAction":[{"@type":"ReadAction","target":["https:\/\/stephenlangfur.com\/stephen-langfur-on-the-philosophy-of-dialogue\/"]}]},{"@type":"ImageObject","inLanguage":"en-US","@id":"https:\/\/stephenlangfur.com\/stephen-langfur-on-the-philosophy-of-dialogue\/#primaryimage","url":"https:\/\/stephenlangfur.com\/wp-content\/uploads\/2021\/12\/Steve-close-up-2.jpg","contentUrl":"https:\/\/stephenlangfur.com\/wp-content\/uploads\/2021\/12\/Steve-close-up-2.jpg"},{"@type":"BreadcrumbList","@id":"https:\/\/stephenlangfur.com\/stephen-langfur-on-the-philosophy-of-dialogue\/#breadcrumb","itemListElement":[{"@type":"ListItem","position":1,"name":"Home","item":"https:\/\/stephenlangfur.com\/"},{"@type":"ListItem","position":2,"name":"About Stephen Langfur"}]},{"@type":"WebSite","@id":"https:\/\/stephenlangfur.com\/#website","url":"https:\/\/stephenlangfur.com\/","name":"Philosophy Meets the Infant","description":"How infancy research transforms the understanding of human existence","publisher":{"@id":"https:\/\/stephenlangfur.com\/#\/schema\/person\/76c4c0a7980b8bc2d00134a8e6ea2ee4"},"potentialAction":[{"@type":"SearchAction","target":{"@type":"EntryPoint","urlTemplate":"https:\/\/stephenlangfur.com\/?s={search_term_string}"},"query-input":{"@type":"PropertyValueSpecification","valueRequired":true,"valueName":"search_term_string"}}],"inLanguage":"en-US"},{"@type":["Person","Organization"],"@id":"https:\/\/stephenlangfur.com\/#\/schema\/person\/76c4c0a7980b8bc2d00134a8e6ea2ee4","name":"Stephen Langfur","image":{"@type":"ImageObject","inLanguage":"en-US","@id":"https:\/\/secure.gravatar.com\/avatar\/a7a7876096f4db546964266ab19c7b74d12fcac0f35b7d28287a86ecb324b104?s=96&d=mm&r=g","url":"https:\/\/secure.gravatar.com\/avatar\/a7a7876096f4db546964266ab19c7b74d12fcac0f35b7d28287a86ecb324b104?s=96&d=mm&r=g","contentUrl":"https:\/\/secure.gravatar.com\/avatar\/a7a7876096f4db546964266ab19c7b74d12fcac0f35b7d28287a86ecb324b104?s=96&d=mm&r=g","caption":"Stephen Langfur"},"logo":{"@id":"https:\/\/secure.gravatar.com\/avatar\/a7a7876096f4db546964266ab19c7b74d12fcac0f35b7d28287a86ecb324b104?s=96&d=mm&r=g"},"description":"Stephen Langfur received a doctorate from Syracuse, in which he presented his theory of the You-I Event. He then helped rebuild the Honors Program (now Honors College) at the University of Houston, teaching in it for three years. The promise of peace in the Middle East lured him to Israel in 1979, where he favored hiking over academe, becoming a guide. A decade later, he wrote in his first book: \u201cWhen I was ten years younger and full of hope, I departed the USA with wife and daughter and moved to Israel. What follow are notes from an army cell, to which I have been sentenced for refusing to go into the West Bank against the Palestinians.\u201d \u2013 Confession from a Jericho Jail (Grove Weidenfeld, 1992, now published in a 2nd edition by Fomite Press). After his release, Langfur discovered that new findings in infancy research supported the idea of his dissertation. He presented it in philosophy and psychology journals \u2013 and now in Philosophy Meets the Infant.","sameAs":["http:\/\/stephenlangfur.com","https:\/\/www.facebook.com\/stephen.langfur","https:\/\/x.com\/StephenLangfur"]}]}},"jetpack-related-posts":[{"id":1928,"url":"https:\/\/stephenlangfur.com\/en\/a-podcast-about-philosophy-meets-the-infant-by-stephen-langfur\/","url_meta":{"origin":192,"position":0},"title":"Podcasts \ud83c\uddfa\ud83c\uddf8 \ud83c\uddea\ud83c\uddf8 \ud83c\udde9\ud83c\uddea","author":"Stephen Langfur","date":"June 20, 2025","format":false,"excerpt":"\ud83c\udfa7 In English: A discussion of Philosophy Meets the Infant, Chapter 1: Introducing the You-I Event. The podcast is a result of interactions between the author and NotebookLM. \ud83c\udfa7 In Spanish: Una discusi\u00f3n con IA de La filosof\u00eda se encuentra con el beb\u00e9, Cap\u00edtulo 1: Presentaci\u00f3n del Evento T\u00fa-Yo. \ud83c\udfa7\u2026","rel":"","context":"Similar post","block_context":{"text":"Similar post","link":""},"img":{"alt_text":"","src":"","width":0,"height":0},"classes":[]},{"id":1911,"url":"https:\/\/stephenlangfur.com\/en\/endorsements\/","url_meta":{"origin":192,"position":1},"title":"Endorsements","author":"Stephen Langfur","date":"June 20, 2025","format":false,"excerpt":"\u201cPhilosophy Meets the Infant\u00a0is a short book, yet it reads like an epic. It guides the reader through a gallery of scenes from the perspective of the infant, creating a new language as it goes along. In dialogue with philosophers and psychologists, Langfur offers a compelling, new unifying perspective on\u2026","rel":"","context":"Similar post","block_context":{"text":"Similar post","link":""},"img":{"alt_text":"","src":"","width":0,"height":0},"classes":[]},{"id":985,"url":"https:\/\/stephenlangfur.com\/en\/publications\/","url_meta":{"origin":192,"position":2},"title":"Publications","author":"Stephen Langfur","date":"January 1, 2022","format":false,"excerpt":"I first wrote about the You-I Event in my doctoral dissertation at Syracuse fifty years ago. At that time, Jean Piaget seemed to have the last word on infancy. After three years of teaching at the University of Houston, I immigrated to Israel, training as a tour guide. During a\u2026","rel":"","context":"Similar post","block_context":{"text":"Similar post","link":""},"img":{"alt_text":"Stephen Langfur","src":"https:\/\/i0.wp.com\/stephenlangfur.com\/wp-content\/uploads\/2021\/12\/Steve-close-up-2.jpg?resize=350%2C200&ssl=1","width":350,"height":200},"classes":[]},{"id":936,"url":"https:\/\/stephenlangfur.com\/en\/posts\/","url_meta":{"origin":192,"position":3},"title":"Posts","author":"Stephen Langfur","date":"January 1, 2022","format":false,"excerpt":"","rel":"","context":"Similar post","block_context":{"text":"Similar post","link":""},"img":{"alt_text":"","src":"","width":0,"height":0},"classes":[]},{"id":2230,"url":"https:\/\/stephenlangfur.com\/en\/order-now\/","url_meta":{"origin":192,"position":4},"title":"Order the book","author":"Stephen Langfur","date":"July 4, 2025","format":false,"excerpt":"Routledge Amazon Barnes & Noble","rel":"","context":"Similar post","block_context":{"text":"Similar post","link":""},"img":{"alt_text":"","src":"","width":0,"height":0},"classes":[]},{"id":1940,"url":"https:\/\/stephenlangfur.com\/en\/chapter-1-introducing-the-you-i-event\/","url_meta":{"origin":192,"position":5},"title":"Chapter 1: Introducing the You-I Event","author":"Stephen Langfur","date":"June 20, 2025","format":false,"excerpt":"Order the book","rel":"","context":"Similar post","block_context":{"text":"Similar post","link":""},"img":{"alt_text":"","src":"","width":0,"height":0},"classes":[]}],"jetpack_likes_enabled":true,"jetpack_sharing_enabled":true,"_links":{"self":[{"href":"https:\/\/stephenlangfur.com\/en\/wp-json\/wp\/v2\/pages\/192","targetHints":{"allow":["GET"]}}],"collection":[{"href":"https:\/\/stephenlangfur.com\/en\/wp-json\/wp\/v2\/pages"}],"about":[{"href":"https:\/\/stephenlangfur.com\/en\/wp-json\/wp\/v2\/types\/page"}],"author":[{"embeddable":true,"href":"https:\/\/stephenlangfur.com\/en\/wp-json\/wp\/v2\/users\/1"}],"replies":[{"embeddable":true,"href":"https:\/\/stephenlangfur.com\/en\/wp-json\/wp\/v2\/comments?post=192"}],"version-history":[{"count":5,"href":"https:\/\/stephenlangfur.com\/en\/wp-json\/wp\/v2\/pages\/192\/revisions"}],"predecessor-version":[{"id":2327,"href":"https:\/\/stephenlangfur.com\/en\/wp-json\/wp\/v2\/pages\/192\/revisions\/2327"}],"wp:attachment":[{"href":"https:\/\/stephenlangfur.com\/en\/wp-json\/wp\/v2\/media?parent=192"}],"curies":[{"name":"wp","href":"https:\/\/api.w.org\/{rel}","templated":true}]}}