{"id":1681,"date":"2022-12-08T22:18:44","date_gmt":"2022-12-08T20:18:44","guid":{"rendered":"https:\/\/stephenlangfur.com\/?page_id=1681"},"modified":"2025-09-19T16:07:48","modified_gmt":"2025-09-19T13:07:48","slug":"birthoftheself-com","status":"publish","type":"page","link":"https:\/\/stephenlangfur.com\/en\/","title":{"rendered":"Philosophy Meets the Infant"},"content":{"rendered":"\n<h2 class=\"wp-block-heading has-text-align-center\">&nbsp;You attend, therefore I am.<\/h2>\n\n\n\n<p class=\"\"><\/p>\n\n\n<div class=\"wp-block-image\">\n<figure class=\"aligncenter size-full\"><img data-recalc-dims=\"1\" fetchpriority=\"high\" decoding=\"async\" width=\"350\" height=\"525\" src=\"https:\/\/i0.wp.com\/stephenlangfur.com\/wp-content\/uploads\/2025\/06\/cover-from-Routledge-site.webp?resize=350%2C525&#038;ssl=1\" alt=\"Book cover: Philosophy Meets the Infant by Stephen Langfur\" class=\"wp-image-1890\" srcset=\"https:\/\/i0.wp.com\/stephenlangfur.com\/wp-content\/uploads\/2025\/06\/cover-from-Routledge-site.webp?w=350&amp;ssl=1 350w, https:\/\/i0.wp.com\/stephenlangfur.com\/wp-content\/uploads\/2025\/06\/cover-from-Routledge-site.webp?resize=200%2C300&amp;ssl=1 200w\" sizes=\"(max-width: 350px) 100vw, 350px\" \/><\/figure>\n<\/div>\n\n\n<p class=\"\">This book finds the origin of self-awareness in reciprocal attention between infant and caregiver. To use mutual gaze as example: As with several animal species, a baby\u2019s eyes follow a person\u2019s shifting gaze. Evidently, she takes the person to be looking at something. When a caregiver gazes into <em>her<\/em> eyes, the baby likewise takes her to be looking at something. The baby does not see the \u201csomething\u201d but feels it. This is the self in its awakening. You attend, therefore I am.<\/p>\n\n\n\n<p class=\"\">That addresses the philosophical problem of self-awareness: how <em>what is aware<\/em> can be <em>what it is aware of<\/em>. The two <em>whats<\/em> are mediated by the caregiver. When face-to-face, the infant\u2019s awareness of the caregiver-attending is a condition for awareness of herself.<\/p>\n\n\n\n<p class=\"\">This looplike emergence of self is termed a \u201cYou-I Event.\u201d The first chapters show how these Events generate basic features of self-awareness: that I exist, am aware, am embodied, can act on the world, have feelings distinct from others\u2019 feelings, and continue to exist when alone.<\/p>\n\n\n\n<p class=\"\">Now comes a major turn in human life: Because the infant\u2019s existence as a self depends on You-I Events, she dreads separation from her caregivers. On acquiring language, she quells the dread by playing them toward herself in speech. Such \u201cself-talk\u201d internalizes the You-I Event; she feels as if attended to by the internalized others. From now on she will use inner speech to secure the sense of her own existence. Thus arises the kind of self who, alone by the fire, can talk to itself and realize, \u201cI think, therefore I am.\u201d The original Event has gone into eclipse (which is why the You-I account is initially counterintuitive), but a longing for it persists beneath life\u2019s surface, finding indirect expression in love, work, art, conversation, religion, and ethics (each of which gets a chapter).<\/p>\n\n\n\n<p class=\"\"><\/p>\n\n\n\n<div class=\"wp-block-buttons is-content-justification-center is-layout-flex wp-container-core-buttons-is-layout-16018d1d wp-block-buttons-is-layout-flex\">\n<div class=\"is-style-outline wp-block-button is-style-outline--1\"><a class=\"wp-block-button__link has-white-color has-black-background-color has-text-color has-background has-link-color has-small-font-size has-custom-font-size wp-element-button\" href=\"https:\/\/stephenlangfur.com\/chapter-1-introducing-the-you-i-event\/\" style=\"border-radius:3px\">Chapter 1<\/a><\/div>\n\n\n\n<div class=\"is-style-outline wp-block-button is-style-outline--2\"><a class=\"wp-block-button__link has-black-color has-white-background-color has-text-color has-background has-link-color has-small-font-size has-custom-font-size wp-element-button\" href=\"https:\/\/stephenlangfur.com\/a-podcast-about-philosophy-meets-the-infant-by-stephen-langfur\/\" style=\"border-radius:0px\">\ud83c\udfa7 Podcasts<\/a><\/div>\n\n\n\n<div class=\"wp-block-button\"><a class=\"wp-block-button__link has-white-color has-black-background-color has-text-color has-background has-link-color has-small-font-size has-custom-font-size wp-element-button\" href=\"https:\/\/stephenlangfur.com\/endorsements\/\" style=\"border-radius:0px\">Endorsements<\/a><\/div>\n<\/div>\n\n\n\n<p class=\"\"><\/p>\n\n\n\n<div class=\"wp-block-buttons is-content-justification-center is-layout-flex wp-container-core-buttons-is-layout-16018d1d wp-block-buttons-is-layout-flex\">\n<div class=\"is-style-fill wp-block-button\"><a class=\"wp-block-button__link has-white-color has-black-background-color has-text-color has-background has-link-color has-small-font-size has-custom-font-size wp-element-button\" href=\"https:\/\/stephenlangfur.com\/order-now\/\" style=\"border-radius:1px\">Order the book<\/a><\/div>\n<\/div>\n\n\n\n<p class=\"\"><\/p>\n\n\n\n<h2 class=\"wp-block-heading\"><strong>Contents<\/strong><\/h2>\n\n\n\n<p class=\"\"><\/p>\n\n\n\n<h3 class=\"wp-block-heading\"><strong>Part 1: The You-I Event in infancy and why it disappears<\/strong><\/h3>\n\n\n\n<p class=\"\"><\/p>\n\n\n\n<div class=\"wp-block-group is-vertical is-layout-flex wp-container-core-group-is-layout-8cf370e7 wp-block-group-is-layout-flex\">\n<p class=\"\"><a href=\"https:\/\/stephenlangfur.com\/chapter-1-introducing-the-you-i-event\/\">1 Introducing the You-I Event<\/a><\/p>\n\n\n\n<p class=\"\">2 Born to connect<\/p>\n\n\n\n<p class=\"\">3 Becoming I through a You<\/p>\n\n\n\n<p class=\"\">4 Counterfeiting the You-I Event<\/p>\n<\/div>\n\n\n\n<p class=\"\"><\/p>\n\n\n\n<h3 class=\"wp-block-heading\"><strong>Part 2: The You-I Event after infancy<\/strong><\/h3>\n\n\n\n<p class=\"\"><\/p>\n\n\n\n<div class=\"wp-block-group is-vertical is-layout-flex wp-container-core-group-is-layout-8cf370e7 wp-block-group-is-layout-flex\">\n<p class=\"\">5 Heidegger\u2019s hammer and the spectral You<\/p>\n\n\n\n<p class=\"\">6 Love and the precluded You<\/p>\n\n\n\n<p class=\"\">7 The split-off self in action<\/p>\n\n\n\n<p class=\"\">8 The You-I Event in art<\/p>\n\n\n\n<p class=\"\">9 The You-I Event in conversation<\/p>\n<\/div>\n\n\n\n<p class=\"\"><\/p>\n\n\n\n<h3 class=\"wp-block-heading\"><strong>Part 3: Philosophical issues<\/strong><\/h3>\n\n\n\n<p class=\"\"><\/p>\n\n\n\n<div class=\"wp-block-group is-vertical is-layout-flex wp-container-core-group-is-layout-8cf370e7 wp-block-group-is-layout-flex\">\n<p class=\"\">10 Other accounts of self-awareness<\/p>\n\n\n\n<p class=\"\">11 Free will and the You-I account<\/p>\n\n\n\n<p class=\"\">12 The call of conscience<\/p>\n\n\n\n<p class=\"\">13 God or the precluded You<\/p>\n\n\n\n<p class=\"\">14 What can be done<\/p>\n<\/div>\n\n\n\n<p class=\"\"><\/p>\n\n\n\n<div class=\"wp-block-group is-vertical is-layout-flex wp-container-core-group-is-layout-8cf370e7 wp-block-group-is-layout-flex\">\n<p class=\"\"><strong>Appendix<\/strong>: Replies to imagined critics<\/p>\n\n\n\n<p class=\"\"><strong>Acknowledgments<\/strong><\/p>\n<\/div>\n\n\n\n<p class=\"\"><\/p>\n","protected":false},"excerpt":{"rendered":"<p>&nbsp;You attend, therefore I am. This book finds the origin of self-awareness in reciprocal attention between infant and caregiver. To use mutual gaze as example:&#8230;<\/p>\n<div class=\"more-link-wrapper\"><a class=\"more-link\" href=\"https:\/\/stephenlangfur.com\/en\/\">Continue reading<span class=\"screen-reader-text\">Philosophy Meets the Infant<\/span><\/a><\/div>\n","protected":false},"author":1,"featured_media":0,"parent":0,"menu_order":0,"comment_status":"closed","ping_status":"closed","template":"elementor_theme","meta":{"nf_dc_page":"","om_disable_all_campaigns":false,"_monsterinsights_skip_tracking":false,"_monsterinsights_sitenote_active":false,"_monsterinsights_sitenote_note":"","_monsterinsights_sitenote_category":0,"footnotes":""},"class_list":["post-1681","page","type-page","status-publish","hentry","ratio-natural","entry"],"yoast_head":"<!-- This site is optimized with the Yoast SEO plugin v27.4 - https:\/\/yoast.com\/product\/yoast-seo-wordpress\/ -->\n<title>Philosophy Meets the Infant<\/title>\n<meta name=\"description\" content=\"&quot;You attend, therefore I am.&quot; How infancy research transforms philosophy\u2014implications for love, work, art, free will, ethics, and religion.\" \/>\n<meta name=\"robots\" content=\"index, follow, max-snippet:-1, max-image-preview:large, max-video-preview:-1\" \/>\n<link rel=\"canonical\" href=\"https:\/\/stephenlangfur.com\/en\/\" \/>\n<meta property=\"og:locale\" content=\"en_US\" \/>\n<meta property=\"og:type\" content=\"article\" \/>\n<meta property=\"og:title\" content=\"Philosophy Meets the Infant\" \/>\n<meta property=\"og:url\" content=\"https:\/\/stephenlangfur.com\/en\/\" \/>\n<meta property=\"og:site_name\" content=\"Philosophy Meets the Infant\" \/>\n<meta property=\"article:publisher\" content=\"https:\/\/www.facebook.com\/stephen.langfur\" \/>\n<meta property=\"article:modified_time\" content=\"2025-09-19T13:07:48+00:00\" \/>\n<meta property=\"og:image\" content=\"https:\/\/stephenlangfur.com\/wp-content\/uploads\/2025\/06\/cover-from-Routledge-site.webp\" \/>\n\t<meta property=\"og:image:width\" content=\"350\" \/>\n\t<meta property=\"og:image:height\" content=\"525\" \/>\n\t<meta property=\"og:image:type\" content=\"image\/webp\" \/>\n<meta name=\"twitter:card\" content=\"summary_large_image\" \/>\n<meta name=\"twitter:title\" content=\"Philosophy Meets the Infant by Stephen Langfur\" \/>\n<meta name=\"twitter:description\" content=\"How infancy research transforms the understanding of human existence\" \/>\n<meta name=\"twitter:image\" content=\"https:\/\/i0.wp.com\/stephenlangfur.com\/wp-content\/uploads\/2025\/06\/cover-from-Routledge-site.webp?fit=350%2C525&ssl=1\" \/>\n<meta name=\"twitter:site\" content=\"@StephenLangfur\" \/>\n<meta name=\"twitter:label1\" content=\"Est. reading time\" \/>\n\t<meta name=\"twitter:data1\" content=\"3 minutes\" \/>\n<script type=\"application\/ld+json\" class=\"yoast-schema-graph\">{\"@context\":\"https:\\\/\\\/schema.org\",\"@graph\":[{\"@type\":\"WebPage\",\"@id\":\"https:\\\/\\\/stephenlangfur.com\\\/\",\"url\":\"https:\\\/\\\/stephenlangfur.com\\\/\",\"name\":\"Philosophy Meets the Infant\",\"isPartOf\":{\"@id\":\"https:\\\/\\\/stephenlangfur.com\\\/#website\"},\"primaryImageOfPage\":{\"@id\":\"https:\\\/\\\/stephenlangfur.com\\\/#primaryimage\"},\"image\":{\"@id\":\"https:\\\/\\\/stephenlangfur.com\\\/#primaryimage\"},\"thumbnailUrl\":\"https:\\\/\\\/stephenlangfur.com\\\/wp-content\\\/uploads\\\/2025\\\/06\\\/cover-from-Routledge-site.webp\",\"datePublished\":\"2022-12-08T20:18:44+00:00\",\"dateModified\":\"2025-09-19T13:07:48+00:00\",\"description\":\"\\\"You attend, therefore I am.\\\" How infancy research transforms philosophy\u2014implications for love, work, art, free will, ethics, and religion.\",\"breadcrumb\":{\"@id\":\"https:\\\/\\\/stephenlangfur.com\\\/#breadcrumb\"},\"inLanguage\":\"en-US\",\"potentialAction\":[{\"@type\":\"ReadAction\",\"target\":[\"https:\\\/\\\/stephenlangfur.com\\\/\"]}]},{\"@type\":\"ImageObject\",\"inLanguage\":\"en-US\",\"@id\":\"https:\\\/\\\/stephenlangfur.com\\\/#primaryimage\",\"url\":\"https:\\\/\\\/stephenlangfur.com\\\/wp-content\\\/uploads\\\/2025\\\/06\\\/cover-from-Routledge-site.webp\",\"contentUrl\":\"https:\\\/\\\/stephenlangfur.com\\\/wp-content\\\/uploads\\\/2025\\\/06\\\/cover-from-Routledge-site.webp\"},{\"@type\":\"BreadcrumbList\",\"@id\":\"https:\\\/\\\/stephenlangfur.com\\\/#breadcrumb\",\"itemListElement\":[{\"@type\":\"ListItem\",\"position\":1,\"name\":\"Home\",\"item\":\"https:\\\/\\\/stephenlangfur.com\\\/\"},{\"@type\":\"ListItem\",\"position\":2,\"name\":\"Philosophy Meets the Infant\"}]},{\"@type\":\"WebSite\",\"@id\":\"https:\\\/\\\/stephenlangfur.com\\\/#website\",\"url\":\"https:\\\/\\\/stephenlangfur.com\\\/\",\"name\":\"Philosophy Meets the Infant\",\"description\":\"How infancy research transforms the understanding of human existence\",\"publisher\":{\"@id\":\"https:\\\/\\\/stephenlangfur.com\\\/#\\\/schema\\\/person\\\/76c4c0a7980b8bc2d00134a8e6ea2ee4\"},\"potentialAction\":[{\"@type\":\"SearchAction\",\"target\":{\"@type\":\"EntryPoint\",\"urlTemplate\":\"https:\\\/\\\/stephenlangfur.com\\\/?s={search_term_string}\"},\"query-input\":{\"@type\":\"PropertyValueSpecification\",\"valueRequired\":true,\"valueName\":\"search_term_string\"}}],\"inLanguage\":\"en-US\"},{\"@type\":[\"Person\",\"Organization\"],\"@id\":\"https:\\\/\\\/stephenlangfur.com\\\/#\\\/schema\\\/person\\\/76c4c0a7980b8bc2d00134a8e6ea2ee4\",\"name\":\"Stephen Langfur\",\"image\":{\"@type\":\"ImageObject\",\"inLanguage\":\"en-US\",\"@id\":\"https:\\\/\\\/secure.gravatar.com\\\/avatar\\\/a7a7876096f4db546964266ab19c7b74d12fcac0f35b7d28287a86ecb324b104?s=96&d=mm&r=g\",\"url\":\"https:\\\/\\\/secure.gravatar.com\\\/avatar\\\/a7a7876096f4db546964266ab19c7b74d12fcac0f35b7d28287a86ecb324b104?s=96&d=mm&r=g\",\"contentUrl\":\"https:\\\/\\\/secure.gravatar.com\\\/avatar\\\/a7a7876096f4db546964266ab19c7b74d12fcac0f35b7d28287a86ecb324b104?s=96&d=mm&r=g\",\"caption\":\"Stephen Langfur\"},\"logo\":{\"@id\":\"https:\\\/\\\/secure.gravatar.com\\\/avatar\\\/a7a7876096f4db546964266ab19c7b74d12fcac0f35b7d28287a86ecb324b104?s=96&d=mm&r=g\"},\"description\":\"Stephen Langfur received a doctorate from Syracuse, in which he presented his theory of the You-I Event. He then helped rebuild the Honors Program (now Honors College) at the University of Houston, teaching in it for three years. The promise of peace in the Middle East lured him to Israel in 1979, where he favored hiking over academe, becoming a guide. A decade later, he wrote in his first book: \u201cWhen I was ten years younger and full of hope, I departed the USA with wife and daughter and moved to Israel. What follow are notes from an army cell, to which I have been sentenced for refusing to go into the West Bank against the Palestinians.\u201d \u2013 Confession from a Jericho Jail (Grove Weidenfeld, 1992, now published in a 2nd edition by Fomite Press). After his release, Langfur discovered that new findings in infancy research supported the idea of his dissertation. He presented it in philosophy and psychology journals \u2013 and now in Philosophy Meets the Infant.\",\"sameAs\":[\"http:\\\/\\\/stephenlangfur.com\",\"https:\\\/\\\/www.facebook.com\\\/stephen.langfur\",\"https:\\\/\\\/x.com\\\/StephenLangfur\"]}]}<\/script>\n<!-- \/ Yoast SEO plugin. -->","yoast_head_json":{"title":"Philosophy Meets the Infant","description":"\"You attend, therefore I am.\" How infancy research transforms philosophy\u2014implications for love, work, art, free will, ethics, and religion.","robots":{"index":"index","follow":"follow","max-snippet":"max-snippet:-1","max-image-preview":"max-image-preview:large","max-video-preview":"max-video-preview:-1"},"canonical":"https:\/\/stephenlangfur.com\/en\/","og_locale":"en_US","og_type":"article","og_title":"Philosophy Meets the Infant","og_url":"https:\/\/stephenlangfur.com\/en\/","og_site_name":"Philosophy Meets the Infant","article_publisher":"https:\/\/www.facebook.com\/stephen.langfur","article_modified_time":"2025-09-19T13:07:48+00:00","og_image":[{"width":350,"height":525,"url":"https:\/\/stephenlangfur.com\/wp-content\/uploads\/2025\/06\/cover-from-Routledge-site.webp","type":"image\/webp"}],"twitter_card":"summary_large_image","twitter_title":"Philosophy Meets the Infant by Stephen Langfur","twitter_description":"How infancy research transforms the understanding of human existence","twitter_image":"https:\/\/i0.wp.com\/stephenlangfur.com\/wp-content\/uploads\/2025\/06\/cover-from-Routledge-site.webp?fit=350%2C525&ssl=1","twitter_site":"@StephenLangfur","twitter_misc":{"Est. reading time":"3 minutes"},"schema":{"@context":"https:\/\/schema.org","@graph":[{"@type":"WebPage","@id":"https:\/\/stephenlangfur.com\/","url":"https:\/\/stephenlangfur.com\/","name":"Philosophy Meets the Infant","isPartOf":{"@id":"https:\/\/stephenlangfur.com\/#website"},"primaryImageOfPage":{"@id":"https:\/\/stephenlangfur.com\/#primaryimage"},"image":{"@id":"https:\/\/stephenlangfur.com\/#primaryimage"},"thumbnailUrl":"https:\/\/stephenlangfur.com\/wp-content\/uploads\/2025\/06\/cover-from-Routledge-site.webp","datePublished":"2022-12-08T20:18:44+00:00","dateModified":"2025-09-19T13:07:48+00:00","description":"\"You attend, therefore I am.\" How infancy research transforms philosophy\u2014implications for love, work, art, free will, ethics, and religion.","breadcrumb":{"@id":"https:\/\/stephenlangfur.com\/#breadcrumb"},"inLanguage":"en-US","potentialAction":[{"@type":"ReadAction","target":["https:\/\/stephenlangfur.com\/"]}]},{"@type":"ImageObject","inLanguage":"en-US","@id":"https:\/\/stephenlangfur.com\/#primaryimage","url":"https:\/\/stephenlangfur.com\/wp-content\/uploads\/2025\/06\/cover-from-Routledge-site.webp","contentUrl":"https:\/\/stephenlangfur.com\/wp-content\/uploads\/2025\/06\/cover-from-Routledge-site.webp"},{"@type":"BreadcrumbList","@id":"https:\/\/stephenlangfur.com\/#breadcrumb","itemListElement":[{"@type":"ListItem","position":1,"name":"Home","item":"https:\/\/stephenlangfur.com\/"},{"@type":"ListItem","position":2,"name":"Philosophy Meets the Infant"}]},{"@type":"WebSite","@id":"https:\/\/stephenlangfur.com\/#website","url":"https:\/\/stephenlangfur.com\/","name":"Philosophy Meets the Infant","description":"How infancy research transforms the understanding of human existence","publisher":{"@id":"https:\/\/stephenlangfur.com\/#\/schema\/person\/76c4c0a7980b8bc2d00134a8e6ea2ee4"},"potentialAction":[{"@type":"SearchAction","target":{"@type":"EntryPoint","urlTemplate":"https:\/\/stephenlangfur.com\/?s={search_term_string}"},"query-input":{"@type":"PropertyValueSpecification","valueRequired":true,"valueName":"search_term_string"}}],"inLanguage":"en-US"},{"@type":["Person","Organization"],"@id":"https:\/\/stephenlangfur.com\/#\/schema\/person\/76c4c0a7980b8bc2d00134a8e6ea2ee4","name":"Stephen Langfur","image":{"@type":"ImageObject","inLanguage":"en-US","@id":"https:\/\/secure.gravatar.com\/avatar\/a7a7876096f4db546964266ab19c7b74d12fcac0f35b7d28287a86ecb324b104?s=96&d=mm&r=g","url":"https:\/\/secure.gravatar.com\/avatar\/a7a7876096f4db546964266ab19c7b74d12fcac0f35b7d28287a86ecb324b104?s=96&d=mm&r=g","contentUrl":"https:\/\/secure.gravatar.com\/avatar\/a7a7876096f4db546964266ab19c7b74d12fcac0f35b7d28287a86ecb324b104?s=96&d=mm&r=g","caption":"Stephen Langfur"},"logo":{"@id":"https:\/\/secure.gravatar.com\/avatar\/a7a7876096f4db546964266ab19c7b74d12fcac0f35b7d28287a86ecb324b104?s=96&d=mm&r=g"},"description":"Stephen Langfur received a doctorate from Syracuse, in which he presented his theory of the You-I Event. He then helped rebuild the Honors Program (now Honors College) at the University of Houston, teaching in it for three years. The promise of peace in the Middle East lured him to Israel in 1979, where he favored hiking over academe, becoming a guide. A decade later, he wrote in his first book: \u201cWhen I was ten years younger and full of hope, I departed the USA with wife and daughter and moved to Israel. What follow are notes from an army cell, to which I have been sentenced for refusing to go into the West Bank against the Palestinians.\u201d \u2013 Confession from a Jericho Jail (Grove Weidenfeld, 1992, now published in a 2nd edition by Fomite Press). After his release, Langfur discovered that new findings in infancy research supported the idea of his dissertation. He presented it in philosophy and psychology journals \u2013 and now in Philosophy Meets the Infant.","sameAs":["http:\/\/stephenlangfur.com","https:\/\/www.facebook.com\/stephen.langfur","https:\/\/x.com\/StephenLangfur"]}]}},"jetpack-related-posts":[{"id":1911,"url":"https:\/\/stephenlangfur.com\/en\/endorsements\/","url_meta":{"origin":1681,"position":0},"title":"Endorsements","author":"Stephen Langfur","date":"June 20, 2025","format":false,"excerpt":"\u201cPhilosophy Meets the Infant\u00a0is a short book, yet it reads like an epic. It guides the reader through a gallery of scenes from the perspective of the infant, creating a new language as it goes along. In dialogue with philosophers and psychologists, Langfur offers a compelling, new unifying perspective on\u2026","rel":"","context":"Similar post","block_context":{"text":"Similar post","link":""},"img":{"alt_text":"","src":"","width":0,"height":0},"classes":[]},{"id":985,"url":"https:\/\/stephenlangfur.com\/en\/publications\/","url_meta":{"origin":1681,"position":1},"title":"Publications","author":"Stephen Langfur","date":"January 1, 2022","format":false,"excerpt":"I first wrote about the You-I Event in my doctoral dissertation at Syracuse fifty years ago. At that time, Jean Piaget seemed to have the last word on infancy. After three years of teaching at the University of Houston, I immigrated to Israel, training as a tour guide. During a\u2026","rel":"","context":"Similar post","block_context":{"text":"Similar post","link":""},"img":{"alt_text":"Stephen Langfur","src":"https:\/\/i0.wp.com\/stephenlangfur.com\/wp-content\/uploads\/2021\/12\/Steve-close-up-2.jpg?resize=350%2C200&ssl=1","width":350,"height":200},"classes":[]},{"id":1928,"url":"https:\/\/stephenlangfur.com\/en\/a-podcast-about-philosophy-meets-the-infant-by-stephen-langfur\/","url_meta":{"origin":1681,"position":2},"title":"Podcasts \ud83c\uddfa\ud83c\uddf8 \ud83c\uddea\ud83c\uddf8 \ud83c\udde9\ud83c\uddea","author":"Stephen Langfur","date":"June 20, 2025","format":false,"excerpt":"\ud83c\udfa7 In English: A discussion of Philosophy Meets the Infant, Chapter 1: Introducing the You-I Event. The podcast is a result of interactions between the author and NotebookLM. \ud83c\udfa7 In Spanish: Una discusi\u00f3n con IA de La filosof\u00eda se encuentra con el beb\u00e9, Cap\u00edtulo 1: Presentaci\u00f3n del Evento T\u00fa-Yo. \ud83c\udfa7\u2026","rel":"","context":"Similar post","block_context":{"text":"Similar post","link":""},"img":{"alt_text":"","src":"","width":0,"height":0},"classes":[]},{"id":192,"url":"https:\/\/stephenlangfur.com\/en\/stephen-langfur-on-the-philosophy-of-dialogue\/","url_meta":{"origin":1681,"position":3},"title":"About Stephen Langfur","author":"Stephen Langfur","date":"January 2, 2022","format":false,"excerpt":"Photo: davidsheerman.com Stephen Langfur received a doctorate from Syracuse, in which he presented his theory of the You-I Event. He then helped rebuild the Honors Program (now Honors College) at the University of Houston, teaching in it for three years. The promise of peace in the Middle East lured him\u2026","rel":"","context":"Similar post","block_context":{"text":"Similar post","link":""},"img":{"alt_text":"","src":"https:\/\/i0.wp.com\/stephenlangfur.com\/wp-content\/uploads\/2022\/02\/cartoon-of-steve-as-guide.jpg?resize=350%2C200&ssl=1","width":350,"height":200,"srcset":"https:\/\/i0.wp.com\/stephenlangfur.com\/wp-content\/uploads\/2022\/02\/cartoon-of-steve-as-guide.jpg?resize=350%2C200&ssl=1 1x, https:\/\/i0.wp.com\/stephenlangfur.com\/wp-content\/uploads\/2022\/02\/cartoon-of-steve-as-guide.jpg?resize=525%2C300&ssl=1 1.5x, https:\/\/i0.wp.com\/stephenlangfur.com\/wp-content\/uploads\/2022\/02\/cartoon-of-steve-as-guide.jpg?resize=700%2C400&ssl=1 2x"},"classes":[]}],"jetpack_likes_enabled":true,"jetpack_sharing_enabled":true,"_links":{"self":[{"href":"https:\/\/stephenlangfur.com\/en\/wp-json\/wp\/v2\/pages\/1681","targetHints":{"allow":["GET"]}}],"collection":[{"href":"https:\/\/stephenlangfur.com\/en\/wp-json\/wp\/v2\/pages"}],"about":[{"href":"https:\/\/stephenlangfur.com\/en\/wp-json\/wp\/v2\/types\/page"}],"author":[{"embeddable":true,"href":"https:\/\/stephenlangfur.com\/en\/wp-json\/wp\/v2\/users\/1"}],"replies":[{"embeddable":true,"href":"https:\/\/stephenlangfur.com\/en\/wp-json\/wp\/v2\/comments?post=1681"}],"version-history":[{"count":5,"href":"https:\/\/stephenlangfur.com\/en\/wp-json\/wp\/v2\/pages\/1681\/revisions"}],"predecessor-version":[{"id":2556,"href":"https:\/\/stephenlangfur.com\/en\/wp-json\/wp\/v2\/pages\/1681\/revisions\/2556"}],"wp:attachment":[{"href":"https:\/\/stephenlangfur.com\/en\/wp-json\/wp\/v2\/media?parent=1681"}],"curies":[{"name":"wp","href":"https:\/\/api.w.org\/{rel}","templated":true}]}}