{"id":985,"date":"2022-01-01T21:53:30","date_gmt":"2022-01-01T19:53:30","guid":{"rendered":"https:\/\/stephenlangfur.com\/?page_id=985"},"modified":"2025-07-04T15:50:49","modified_gmt":"2025-07-04T12:50:49","slug":"publications","status":"publish","type":"page","link":"https:\/\/stephenlangfur.com\/de\/publications\/","title":{"rendered":"Schriften"},"content":{"rendered":"<p class=\"translation-block\">Ich schrieb erstmals vor f\u00fcnfzig Jahren in meiner Doktorarbeit in Syracuse \u00fcber das Du-Ich-Ereignis. Damals schien Jean Piaget das letzte Wort zur Kindheit zu haben. Nach drei Jahren Lehrt\u00e4tigkeit an der Universit\u00e4t Houston wanderte ich nach Israel aus und lie\u00df mich zur Fremdenf\u00fchrerin ausbilden. W\u00e4hrend meiner Haft im Gef\u00e4ngnis wegen Dienstverweigerung im Westjordanland diskutierte ich mit meinen Zellengenossen \u00fcber das Du-Ich-Ereignis, wie es in einem Kapitel von \u201eConfession from a Jericho Jail\u201c beschrieben wird. Von der Revolution in der Kindheitsforschung nach Piaget ahnte ich allerdings nichts. Ich entdeckte sie, als ich zuf\u00e4llig auf ein Buch mit dem Titel \u201eThe Interpersonal World of the Infant\u201c (Daniel N. Stern) stie\u00df. Es dauerte weitere zwanzig Jahre, bis ich bereit war, es zu ver\u00f6ffentlichen.<\/p>\n\n\n<div class=\"wp-block-image\">\n<figure class=\"alignleft size-full\"><img data-recalc-dims=\"1\" fetchpriority=\"high\" decoding=\"async\" width=\"200\" height=\"315\" src=\"https:\/\/i0.wp.com\/stephenlangfur.com\/wp-content\/uploads\/2021\/12\/Steve-close-up-2.jpg?resize=200%2C315&#038;ssl=1\" alt=\"Stephen Langfur\" class=\"wp-image-111\" srcset=\"https:\/\/i0.wp.com\/stephenlangfur.com\/wp-content\/uploads\/2021\/12\/Steve-close-up-2.jpg?w=200&amp;ssl=1 200w, https:\/\/i0.wp.com\/stephenlangfur.com\/wp-content\/uploads\/2021\/12\/Steve-close-up-2.jpg?resize=190%2C300&amp;ssl=1 190w\" sizes=\"(max-width: 200px) 100vw, 200px\" \/><figcaption class=\"wp-element-caption\">Foto: davidsheerman.com<\/figcaption><\/figure>\n<\/div>\n\n\n<p class=\"\">Die Grundlage daf\u00fcr lieferte mein erster Aufsatz: <a href=\"https:\/\/www.academia.edu\/6945646\/The_You_I_event_on_the_genesis_of_self_awareness\" target=\"_blank\" rel=\"noreferrer noopener nofollow\">Das Du-Ich-Ereignis: \u00dcber die Entstehung des Selbstbewusstseins.<\/a>&nbsp;<em>Ph\u00e4nomenologie und die Kognitionswissenschaften.&nbsp;<\/em>Vol 12(4), Dec 2013, 769-790.<\/p>\n\n\n\n<p class=\"has-link-color wp-elements-5dfb60afd3734022f58d486e17ab4444\">Der zweite Aufsatz untersuchte, wie sich die Struktur der Erfahrung ver\u00e4ndert, wenn ein Kind beginnt, mit sich selbst zu sprechen, als w\u00e4re es jemand anderes: &nbsp;<a href=\"https:\/\/www.academia.edu\/9538049\/Heidegger_and_the_Infant_A_Second_Person_Alternative_to_the_Dasein_Analysis\" target=\"_blank\" rel=\"noreferrer noopener\">Heidegger und der S\u00e4ugling: Eine Zwei-Personen-Alternative zur Dasein-Analyse<\/a>.&nbsp;<em>Zeitschrift f\u00fcr Theoretische und Philosophische Psychologie,<\/em> Vol 34(4), Nov 2014, 257-274.<\/p>\n\n\n\n<p class=\"has-link-color wp-elements-7594e5504c537f8e80d40e226cc087d8\">Der dritte Aufsatz untersuchte den Ursprung des Zeitbewusstseins im Du-Ich-Ereignis:&nbsp;<a href=\"https:\/\/www.academia.edu\/38241704\/The_interactive_Now_A_second_person_approach_to_time_consciousness_docx\" target=\"_blank\" rel=\"noreferrer noopener\">Das interaktive Jetzt: Eine Ann\u00e4herung an das Zeitbewusstsein in der zweiten Person<\/a><a href=\"https:\/\/stephenlangfur.wordpress.com\/the-interactive-now-a-second-person-approach-to-time-consciousness\/\">.<\/a> J<em>Zeitschrift f\u00fcr ph\u00e4nomenologische Psychologie<\/em>, Vol 47(2), 2016, 156- 182.<\/p>\n\n\n\n<p class=\"has-link-color wp-elements-cca298542fb2d0061cdff01a7b16f691\">Das vierte Papier war <a href=\"https:\/\/www.academia.edu\/63960780\/Cogitor_ergo_sum_The_origin_of_self_awareness_in_dyadic_interaction\" target=\"_blank\" rel=\"noreferrer noopener\">Cogitor ergo sum: Der Ursprung des Selbstbewusstseins in der dyadischen Interaktion<\/a><a href=\"https:\/\/wordpress.com\/page\/stephenlangfur.com\/218\"> <\/a>&nbsp;(<em>Humanstudien<\/em> <strong>, <\/strong>Bd. 42, 2019, 425-450). <\/p>\n\n\n\n<p class=\"has-link-color wp-elements-ce43469fe7fdfe0c92fc36151e379220\">Das f\u00fcnfte Papier war <a href=\"https:\/\/www.ingentaconnect.com\/content\/imp\/jcs\/2023\/00000030\/f0020001\/art00009\">Das \"Innere\" aufsp\u00fcren <\/a> in <em>Die Zeitschrift f\u00fcr Bewusstseinsstudien<\/em>Band 30, Nummern 1-2, 2023, S. 191-214(24). Es ist <strong>freier Zugang<\/strong>.<\/p>\n\n\n\n<p class=\"has-link-color wp-elements-13cd0d1a44d044c0f8d710452d00b621\">Alle f\u00fcnf Essays entwickeln die Grundidee: Du bist dabei, also bin ich. <em><a href=\"https:\/\/www.routledge.com\/Philosophy-Meets-the-Infant-How-New-Research-Transforms-the-Understanding-of-Human-Existence\/Langfur\/p\/book\/9781032895277\">Die Philosophie begegnet dem S\u00e4ugling <\/a><\/em>ist ihre Kr\u00f6nung. <\/p>\n\n\n\n<p class=\"\"><a href=\"https:\/\/stephenlangfur.com\/de\/order-now\/\">Buch bestellen<\/a><\/p>","protected":false},"excerpt":{"rendered":"<p>Vor f\u00fcnfzig Jahren habe ich in meiner Doktorarbeit in Syracuse zum ersten Mal \u00fcber das You-I Event geschrieben. Zu dieser Zeit schien Jean Piaget die...<\/p>\n<div class=\"more-link-wrapper\"><a class=\"more-link\" href=\"https:\/\/stephenlangfur.com\/de\/publications\/\">Weiterlesen<span class=\"screen-reader-text\">Schriften<\/span><\/a><\/div>","protected":false},"author":1,"featured_media":0,"parent":0,"menu_order":0,"comment_status":"closed","ping_status":"closed","template":"","meta":{"nf_dc_page":"","om_disable_all_campaigns":false,"_monsterinsights_skip_tracking":false,"_monsterinsights_sitenote_active":false,"_monsterinsights_sitenote_note":"","_monsterinsights_sitenote_category":0,"footnotes":""},"class_list":["post-985","page","type-page","status-publish","hentry","ratio-natural","entry"],"yoast_head":"<!-- This site is optimized with the Yoast SEO plugin v27.4 - https:\/\/yoast.com\/product\/yoast-seo-wordpress\/ -->\n<title>Publications - Philosophy Meets the Infant<\/title>\n<meta name=\"description\" content=\"Links to the peer-reviewed papers whose arguments constitute Part One of Stephen Langfur&#039; The You-I Event: A philosophy of attachment.\" \/>\n<meta name=\"robots\" content=\"index, follow, max-snippet:-1, max-image-preview:large, max-video-preview:-1\" \/>\n<link rel=\"canonical\" href=\"https:\/\/stephenlangfur.com\/de\/publications\/\" \/>\n<meta property=\"og:locale\" content=\"de_DE\" \/>\n<meta property=\"og:type\" content=\"article\" \/>\n<meta property=\"og:title\" content=\"Publications - Philosophy Meets the Infant\" \/>\n<meta property=\"og:url\" content=\"https:\/\/stephenlangfur.com\/de\/publications\/\" \/>\n<meta property=\"og:site_name\" content=\"Philosophy Meets the Infant\" \/>\n<meta property=\"article:publisher\" content=\"https:\/\/www.facebook.com\/stephen.langfur\" \/>\n<meta property=\"article:modified_time\" content=\"2025-07-04T12:50:49+00:00\" \/>\n<meta property=\"og:image\" content=\"https:\/\/stephenlangfur.com\/wp-content\/uploads\/2021\/12\/Steve-close-up-2.jpg\" \/>\n<meta name=\"twitter:card\" content=\"summary_large_image\" \/>\n<meta name=\"twitter:site\" content=\"@StephenLangfur\" \/>\n<meta name=\"twitter:label1\" content=\"Gesch\u00e4tzte Lesezeit\" \/>\n\t<meta name=\"twitter:data1\" content=\"2\u00a0Minuten\" \/>\n<script type=\"application\/ld+json\" class=\"yoast-schema-graph\">{\"@context\":\"https:\\\/\\\/schema.org\",\"@graph\":[{\"@type\":\"ScholarlyArticle\",\"@id\":\"https:\\\/\\\/stephenlangfur.com\\\/publications\\\/#article\",\"isPartOf\":{\"@id\":\"https:\\\/\\\/stephenlangfur.com\\\/publications\\\/\"},\"author\":{\"name\":\"Stephen Langfur\",\"@id\":\"https:\\\/\\\/stephenlangfur.com\\\/#\\\/schema\\\/person\\\/76c4c0a7980b8bc2d00134a8e6ea2ee4\"},\"headline\":\"Publications\",\"datePublished\":\"2022-01-01T19:53:30+00:00\",\"dateModified\":\"2025-07-04T12:50:49+00:00\",\"mainEntityOfPage\":{\"@id\":\"https:\\\/\\\/stephenlangfur.com\\\/publications\\\/\"},\"wordCount\":287,\"publisher\":{\"@id\":\"https:\\\/\\\/stephenlangfur.com\\\/#\\\/schema\\\/person\\\/76c4c0a7980b8bc2d00134a8e6ea2ee4\"},\"image\":{\"@id\":\"https:\\\/\\\/stephenlangfur.com\\\/publications\\\/#primaryimage\"},\"thumbnailUrl\":\"https:\\\/\\\/stephenlangfur.com\\\/wp-content\\\/uploads\\\/2021\\\/12\\\/Steve-close-up-2.jpg\",\"inLanguage\":\"de\"},{\"@type\":\"WebPage\",\"@id\":\"https:\\\/\\\/stephenlangfur.com\\\/publications\\\/\",\"url\":\"https:\\\/\\\/stephenlangfur.com\\\/publications\\\/\",\"name\":\"Publications - Philosophy Meets the Infant\",\"isPartOf\":{\"@id\":\"https:\\\/\\\/stephenlangfur.com\\\/#website\"},\"primaryImageOfPage\":{\"@id\":\"https:\\\/\\\/stephenlangfur.com\\\/publications\\\/#primaryimage\"},\"image\":{\"@id\":\"https:\\\/\\\/stephenlangfur.com\\\/publications\\\/#primaryimage\"},\"thumbnailUrl\":\"https:\\\/\\\/stephenlangfur.com\\\/wp-content\\\/uploads\\\/2021\\\/12\\\/Steve-close-up-2.jpg\",\"datePublished\":\"2022-01-01T19:53:30+00:00\",\"dateModified\":\"2025-07-04T12:50:49+00:00\",\"description\":\"Links to the peer-reviewed papers whose arguments constitute Part One of Stephen Langfur' The You-I Event: A philosophy of attachment.\",\"breadcrumb\":{\"@id\":\"https:\\\/\\\/stephenlangfur.com\\\/publications\\\/#breadcrumb\"},\"inLanguage\":\"de\",\"potentialAction\":[{\"@type\":\"ReadAction\",\"target\":[\"https:\\\/\\\/stephenlangfur.com\\\/publications\\\/\"]}]},{\"@type\":\"ImageObject\",\"inLanguage\":\"de\",\"@id\":\"https:\\\/\\\/stephenlangfur.com\\\/publications\\\/#primaryimage\",\"url\":\"https:\\\/\\\/stephenlangfur.com\\\/wp-content\\\/uploads\\\/2021\\\/12\\\/Steve-close-up-2.jpg\",\"contentUrl\":\"https:\\\/\\\/stephenlangfur.com\\\/wp-content\\\/uploads\\\/2021\\\/12\\\/Steve-close-up-2.jpg\"},{\"@type\":\"BreadcrumbList\",\"@id\":\"https:\\\/\\\/stephenlangfur.com\\\/publications\\\/#breadcrumb\",\"itemListElement\":[{\"@type\":\"ListItem\",\"position\":1,\"name\":\"Home\",\"item\":\"https:\\\/\\\/stephenlangfur.com\\\/\"},{\"@type\":\"ListItem\",\"position\":2,\"name\":\"Publications\"}]},{\"@type\":\"WebSite\",\"@id\":\"https:\\\/\\\/stephenlangfur.com\\\/#website\",\"url\":\"https:\\\/\\\/stephenlangfur.com\\\/\",\"name\":\"Philosophy Meets the Infant\",\"description\":\"How infancy research transforms the understanding of human existence\",\"publisher\":{\"@id\":\"https:\\\/\\\/stephenlangfur.com\\\/#\\\/schema\\\/person\\\/76c4c0a7980b8bc2d00134a8e6ea2ee4\"},\"potentialAction\":[{\"@type\":\"SearchAction\",\"target\":{\"@type\":\"EntryPoint\",\"urlTemplate\":\"https:\\\/\\\/stephenlangfur.com\\\/?s={search_term_string}\"},\"query-input\":{\"@type\":\"PropertyValueSpecification\",\"valueRequired\":true,\"valueName\":\"search_term_string\"}}],\"inLanguage\":\"de\"},{\"@type\":[\"Person\",\"Organization\"],\"@id\":\"https:\\\/\\\/stephenlangfur.com\\\/#\\\/schema\\\/person\\\/76c4c0a7980b8bc2d00134a8e6ea2ee4\",\"name\":\"Stephen Langfur\",\"image\":{\"@type\":\"ImageObject\",\"inLanguage\":\"de\",\"@id\":\"https:\\\/\\\/secure.gravatar.com\\\/avatar\\\/a7a7876096f4db546964266ab19c7b74d12fcac0f35b7d28287a86ecb324b104?s=96&d=mm&r=g\",\"url\":\"https:\\\/\\\/secure.gravatar.com\\\/avatar\\\/a7a7876096f4db546964266ab19c7b74d12fcac0f35b7d28287a86ecb324b104?s=96&d=mm&r=g\",\"contentUrl\":\"https:\\\/\\\/secure.gravatar.com\\\/avatar\\\/a7a7876096f4db546964266ab19c7b74d12fcac0f35b7d28287a86ecb324b104?s=96&d=mm&r=g\",\"caption\":\"Stephen Langfur\"},\"logo\":{\"@id\":\"https:\\\/\\\/secure.gravatar.com\\\/avatar\\\/a7a7876096f4db546964266ab19c7b74d12fcac0f35b7d28287a86ecb324b104?s=96&d=mm&r=g\"},\"description\":\"Stephen Langfur received a doctorate from Syracuse, in which he presented his theory of the You-I Event. He then helped rebuild the Honors Program (now Honors College) at the University of Houston, teaching in it for three years. The promise of peace in the Middle East lured him to Israel in 1979, where he favored hiking over academe, becoming a guide. A decade later, he wrote in his first book: \u201cWhen I was ten years younger and full of hope, I departed the USA with wife and daughter and moved to Israel. What follow are notes from an army cell, to which I have been sentenced for refusing to go into the West Bank against the Palestinians.\u201d \u2013 Confession from a Jericho Jail (Grove Weidenfeld, 1992, now published in a 2nd edition by Fomite Press). After his release, Langfur discovered that new findings in infancy research supported the idea of his dissertation. He presented it in philosophy and psychology journals \u2013 and now in Philosophy Meets the Infant.\",\"sameAs\":[\"http:\\\/\\\/stephenlangfur.com\",\"https:\\\/\\\/www.facebook.com\\\/stephen.langfur\",\"https:\\\/\\\/x.com\\\/StephenLangfur\"],\"url\":\"https:\\\/\\\/stephenlangfur.com\\\/de\\\/author\\\/slangfur\\\/\"}]}<\/script>\n<!-- \/ Yoast SEO plugin. -->","yoast_head_json":{"title":"Publikationen - Philosophie trifft auf das Kleinkind","description":"Links zu den von Fachleuten begutachteten Arbeiten, deren Argumente den ersten Teil von Stephen Langfur' The You-I Event: Eine Philosophie der Bindung.","robots":{"index":"index","follow":"follow","max-snippet":"max-snippet:-1","max-image-preview":"max-image-preview:large","max-video-preview":"max-video-preview:-1"},"canonical":"https:\/\/stephenlangfur.com\/de\/publications\/","og_locale":"de_DE","og_type":"article","og_title":"Publications - Philosophy Meets the Infant","og_url":"https:\/\/stephenlangfur.com\/de\/publications\/","og_site_name":"Philosophy Meets the Infant","article_publisher":"https:\/\/www.facebook.com\/stephen.langfur","article_modified_time":"2025-07-04T12:50:49+00:00","og_image":[{"url":"https:\/\/stephenlangfur.com\/wp-content\/uploads\/2021\/12\/Steve-close-up-2.jpg","type":"","width":"","height":""}],"twitter_card":"summary_large_image","twitter_site":"@StephenLangfur","twitter_misc":{"Gesch\u00e4tzte Lesezeit":"2\u00a0Minuten"},"schema":{"@context":"https:\/\/schema.org","@graph":[{"@type":"ScholarlyArticle","@id":"https:\/\/stephenlangfur.com\/publications\/#article","isPartOf":{"@id":"https:\/\/stephenlangfur.com\/publications\/"},"author":{"name":"Stephen Langfur","@id":"https:\/\/stephenlangfur.com\/#\/schema\/person\/76c4c0a7980b8bc2d00134a8e6ea2ee4"},"headline":"Publications","datePublished":"2022-01-01T19:53:30+00:00","dateModified":"2025-07-04T12:50:49+00:00","mainEntityOfPage":{"@id":"https:\/\/stephenlangfur.com\/publications\/"},"wordCount":287,"publisher":{"@id":"https:\/\/stephenlangfur.com\/#\/schema\/person\/76c4c0a7980b8bc2d00134a8e6ea2ee4"},"image":{"@id":"https:\/\/stephenlangfur.com\/publications\/#primaryimage"},"thumbnailUrl":"https:\/\/stephenlangfur.com\/wp-content\/uploads\/2021\/12\/Steve-close-up-2.jpg","inLanguage":"de"},{"@type":"WebPage","@id":"https:\/\/stephenlangfur.com\/publications\/","url":"https:\/\/stephenlangfur.com\/publications\/","name":"Publikationen - Philosophie trifft auf das Kleinkind","isPartOf":{"@id":"https:\/\/stephenlangfur.com\/#website"},"primaryImageOfPage":{"@id":"https:\/\/stephenlangfur.com\/publications\/#primaryimage"},"image":{"@id":"https:\/\/stephenlangfur.com\/publications\/#primaryimage"},"thumbnailUrl":"https:\/\/stephenlangfur.com\/wp-content\/uploads\/2021\/12\/Steve-close-up-2.jpg","datePublished":"2022-01-01T19:53:30+00:00","dateModified":"2025-07-04T12:50:49+00:00","description":"Links zu den von Fachleuten begutachteten Arbeiten, deren Argumente den ersten Teil von Stephen Langfur' The You-I Event: Eine Philosophie der Bindung.","breadcrumb":{"@id":"https:\/\/stephenlangfur.com\/publications\/#breadcrumb"},"inLanguage":"de","potentialAction":[{"@type":"ReadAction","target":["https:\/\/stephenlangfur.com\/publications\/"]}]},{"@type":"ImageObject","inLanguage":"de","@id":"https:\/\/stephenlangfur.com\/publications\/#primaryimage","url":"https:\/\/stephenlangfur.com\/wp-content\/uploads\/2021\/12\/Steve-close-up-2.jpg","contentUrl":"https:\/\/stephenlangfur.com\/wp-content\/uploads\/2021\/12\/Steve-close-up-2.jpg"},{"@type":"BreadcrumbList","@id":"https:\/\/stephenlangfur.com\/publications\/#breadcrumb","itemListElement":[{"@type":"ListItem","position":1,"name":"Home","item":"https:\/\/stephenlangfur.com\/"},{"@type":"ListItem","position":2,"name":"Publications"}]},{"@type":"WebSite","@id":"https:\/\/stephenlangfur.com\/#website","url":"https:\/\/stephenlangfur.com\/","name":"Die Philosophie begegnet dem S\u00e4ugling","description":"Wie die S\u00e4uglingsforschung das Verst\u00e4ndnis der menschlichen Existenz ver\u00e4ndert","publisher":{"@id":"https:\/\/stephenlangfur.com\/#\/schema\/person\/76c4c0a7980b8bc2d00134a8e6ea2ee4"},"potentialAction":[{"@type":"SearchAction","target":{"@type":"EntryPoint","urlTemplate":"https:\/\/stephenlangfur.com\/?s={search_term_string}"},"query-input":{"@type":"PropertyValueSpecification","valueRequired":true,"valueName":"search_term_string"}}],"inLanguage":"de"},{"@type":["Person","Organization"],"@id":"https:\/\/stephenlangfur.com\/#\/schema\/person\/76c4c0a7980b8bc2d00134a8e6ea2ee4","name":"Stephen Langfur","image":{"@type":"ImageObject","inLanguage":"de","@id":"https:\/\/secure.gravatar.com\/avatar\/a7a7876096f4db546964266ab19c7b74d12fcac0f35b7d28287a86ecb324b104?s=96&d=mm&r=g","url":"https:\/\/secure.gravatar.com\/avatar\/a7a7876096f4db546964266ab19c7b74d12fcac0f35b7d28287a86ecb324b104?s=96&d=mm&r=g","contentUrl":"https:\/\/secure.gravatar.com\/avatar\/a7a7876096f4db546964266ab19c7b74d12fcac0f35b7d28287a86ecb324b104?s=96&d=mm&r=g","caption":"Stephen Langfur"},"logo":{"@id":"https:\/\/secure.gravatar.com\/avatar\/a7a7876096f4db546964266ab19c7b74d12fcac0f35b7d28287a86ecb324b104?s=96&d=mm&r=g"},"description":"Stephen Langfur promovierte in Syracuse, wo er seine Theorie des You-I-Events vorstellte. Anschlie\u00dfend half er beim Wiederaufbau des Honors Program (heute Honors College) an der University of Houston und unterrichtete dort drei Jahre lang. Die Aussicht auf Frieden im Nahen Osten lockte ihn 1979 nach Israel, wo er das Wandern der akademischen Arbeit vorzog und Reiseleiter wurde. Ein Jahrzehnt sp\u00e4ter schrieb er in seinem ersten Buch: \"Als ich zehn Jahre j\u00fcnger und voller Hoffnung war, verlie\u00df ich mit Frau und Tochter die USA und zog nach Israel. Was folgt, sind Notizen aus einer Armeezelle, zu der ich verurteilt wurde, weil ich mich weigerte, im Westjordanland gegen die Pal\u00e4stinenser vorzugehen.\" - Confession from a Jericho Jail (Grove Weidenfeld, 1992, jetzt in einer 2. Auflage bei Fomite Press erschienen). Nach seiner Entlassung entdeckte Langfur, dass neue Erkenntnisse der S\u00e4uglingsforschung die Idee seiner Dissertation unterst\u00fctzten. Er stellte sie in Fachzeitschriften f\u00fcr Philosophie und Psychologie vor - und nun in Philosophy Meets the Infant.","sameAs":["http:\/\/stephenlangfur.com","https:\/\/www.facebook.com\/stephen.langfur","https:\/\/x.com\/StephenLangfur"],"url":"https:\/\/stephenlangfur.com\/de\/author\/slangfur\/"}]}},"jetpack-related-posts":[{"id":1911,"url":"https:\/\/stephenlangfur.com\/de\/endorsements\/","url_meta":{"origin":985,"position":0},"title":"Empfehlungen","author":"Stephen Langfur","date":"Juni 20, 2025","format":false,"excerpt":"Philosophie trifft den S\u00e4ugling\" ist ein kurzes Buch, das sich dennoch wie ein Epos liest. Es f\u00fchrt den Leser durch eine Galerie von Szenen aus der Perspektive des S\u00e4uglings und schafft dabei eine neue Sprache. Im Dialog mit Philosophen und Psychologen bietet Langfur eine \u00fcberzeugende, neue vereinheitlichende Perspektive auf...","rel":"","context":"\u00c4hnlicher Beitrag","block_context":{"text":"\u00c4hnlicher Beitrag","link":""},"img":{"alt_text":"","src":"","width":0,"height":0},"classes":[]},{"id":192,"url":"https:\/\/stephenlangfur.com\/de\/stephen-langfur-on-the-philosophy-of-dialogue\/","url_meta":{"origin":985,"position":1},"title":"\u00dcber Stephen Langfur","author":"Stephen Langfur","date":"Januar 2, 2022","format":false,"excerpt":"Foto: davidsheerman.com Stephen Langfur promovierte in Syracuse, wo er seine Theorie des You-I-Events vorstellte. Anschlie\u00dfend half er beim Wiederaufbau des Honors Program (heute Honors College) an der University of Houston und unterrichtete dort drei Jahre lang. Die Aussicht auf Frieden im Nahen Osten lockte ihn...","rel":"","context":"\u00c4hnlicher Beitrag","block_context":{"text":"\u00c4hnlicher Beitrag","link":""},"img":{"alt_text":"","src":"https:\/\/i0.wp.com\/stephenlangfur.com\/wp-content\/uploads\/2022\/02\/cartoon-of-steve-as-guide.jpg?resize=350%2C200&ssl=1","width":350,"height":200,"srcset":"https:\/\/i0.wp.com\/stephenlangfur.com\/wp-content\/uploads\/2022\/02\/cartoon-of-steve-as-guide.jpg?resize=350%2C200&ssl=1 1x, https:\/\/i0.wp.com\/stephenlangfur.com\/wp-content\/uploads\/2022\/02\/cartoon-of-steve-as-guide.jpg?resize=525%2C300&ssl=1 1.5x, https:\/\/i0.wp.com\/stephenlangfur.com\/wp-content\/uploads\/2022\/02\/cartoon-of-steve-as-guide.jpg?resize=700%2C400&ssl=1 2x"},"classes":[]},{"id":1681,"url":"https:\/\/stephenlangfur.com\/de\/","url_meta":{"origin":985,"position":2},"title":"Die Philosophie begegnet dem S\u00e4ugling","author":"Stephen Langfur","date":"Dezember 8, 2022","format":false,"excerpt":"\u00a0Du nimmst teil, also bin ich. In diesem Buch wird der Ursprung des Selbstbewusstseins in der wechselseitigen Aufmerksamkeit zwischen S\u00e4ugling und Bezugsperson gesehen. Als Beispiel dient der gegenseitige Blick: Wie bei einigen Tierarten folgen die Augen eines S\u00e4uglings den wechselnden Blicken einer Person. Offensichtlich nimmt es an, dass die Person etwas anschaut. Wenn ein...","rel":"","context":"\u00c4hnlicher Beitrag","block_context":{"text":"\u00c4hnlicher Beitrag","link":""},"img":{"alt_text":"Book cover: Philosophy Meets the Infant by Stephen Langfur","src":"https:\/\/i0.wp.com\/stephenlangfur.com\/wp-content\/uploads\/2025\/06\/cover-from-Routledge-site.webp?resize=350%2C200&ssl=1","width":350,"height":200},"classes":[]}],"jetpack_likes_enabled":true,"jetpack_sharing_enabled":true,"_links":{"self":[{"href":"https:\/\/stephenlangfur.com\/de\/wp-json\/wp\/v2\/pages\/985","targetHints":{"allow":["GET"]}}],"collection":[{"href":"https:\/\/stephenlangfur.com\/de\/wp-json\/wp\/v2\/pages"}],"about":[{"href":"https:\/\/stephenlangfur.com\/de\/wp-json\/wp\/v2\/types\/page"}],"author":[{"embeddable":true,"href":"https:\/\/stephenlangfur.com\/de\/wp-json\/wp\/v2\/users\/1"}],"replies":[{"embeddable":true,"href":"https:\/\/stephenlangfur.com\/de\/wp-json\/wp\/v2\/comments?post=985"}],"version-history":[{"count":5,"href":"https:\/\/stephenlangfur.com\/de\/wp-json\/wp\/v2\/pages\/985\/revisions"}],"predecessor-version":[{"id":2275,"href":"https:\/\/stephenlangfur.com\/de\/wp-json\/wp\/v2\/pages\/985\/revisions\/2275"}],"wp:attachment":[{"href":"https:\/\/stephenlangfur.com\/de\/wp-json\/wp\/v2\/media?parent=985"}],"curies":[{"name":"wp","href":"https:\/\/api.w.org\/{rel}","templated":true}]}}