{"id":192,"date":"2022-01-02T10:54:37","date_gmt":"2022-01-02T08:54:37","guid":{"rendered":"http:\/\/box2499.temp.domains\/~tephenla\/?page_id=192"},"modified":"2025-07-06T14:32:23","modified_gmt":"2025-07-06T11:32:23","slug":"stephen-langfur-on-the-philosophy-of-dialogue","status":"publish","type":"page","link":"https:\/\/stephenlangfur.com\/de\/stephen-langfur-on-the-philosophy-of-dialogue\/","title":{"rendered":"\u00dcber Stephen Langfur"},"content":{"rendered":"<p class=\"\"><\/p>\n\n\n<div class=\"wp-block-image wp-block-image alignleft size-full is-resized\">\n<figure ><img data-recalc-dims=\"1\" fetchpriority=\"high\" decoding=\"async\" width=\"200\" height=\"315\" src=\"https:\/\/i0.wp.com\/stephenlangfur.com\/wp-content\/uploads\/2021\/12\/Steve-close-up-2.jpg?resize=200%2C315&#038;ssl=1\" alt=\"\" class=\"wp-image-111\" srcset=\"https:\/\/i0.wp.com\/stephenlangfur.com\/wp-content\/uploads\/2021\/12\/Steve-close-up-2.jpg?w=200&amp;ssl=1 200w, https:\/\/i0.wp.com\/stephenlangfur.com\/wp-content\/uploads\/2021\/12\/Steve-close-up-2.jpg?resize=190%2C300&amp;ssl=1 190w\" sizes=\"(max-width: 200px) 100vw, 200px\" \/><figcaption class=\"wp-element-caption\">Foto: davidsheerman.com<\/figcaption><\/figure>\n<\/div>\n\n\n<p class=\"\">Stephen Langfur promovierte in Syracuse, wo er seine Theorie des Du-Ich-Ereignisses vorstellte. Anschlie\u00dfend half er beim Wiederaufbau des Honors Program (heute Honors College) an der University of Houston und lehrte dort drei Jahre lang. Die Aussicht auf Frieden im Nahen Osten lockte ihn 1979 nach Israel, wo er das Wandern der akademischen Ausbildung vorzog und als Reisef\u00fchrer arbeitete. Zehn Jahre sp\u00e4ter schrieb er in seinem ersten Buch:<\/p>\n\n\n\n<p class=\"translation-block\">\"Als ich zehn Jahre j\u00fcnger und voller Hoffnung war, verlie\u00df ich mit Frau und Tochter die USA und zog nach Israel. Was folgt, sind Notizen aus einer Armeezelle, zu der ich verurteilt wurde, weil ich mich weigerte, gegen die Pal\u00e4stinenser in der West Bank zu ziehen.\" \u2013 Confession from a Jericho Jail (Grove Weidenfeld, 1992, jetzt in der 2. Auflage bei Fomite Press erschienen).<\/p>\n\n\n\n<p class=\"translation-block\">Nach seiner Entlassung stellte Langfur fest, dass neue Erkenntnisse aus der S\u00e4uglingsforschung die Idee seiner Dissertation st\u00fctzten. Er stellte sie in Fachzeitschriften f\u00fcr Philosophie und Psychologie vor \u2013 und nun in \u201ePhilosophy Meets the Infant\u201c.<\/p>\n\n\n\n<p class=\"\"><\/p>\n\n\n\n<hr class=\"wp-block-separator has-css-opacity\"\/>\n\n\n\n<p class=\"\">Langfur als Reiseleiter:<\/p>\n\n\n<div class=\"wp-block-image\">\n<figure class=\"aligncenter size-large\"><img data-recalc-dims=\"1\" decoding=\"async\" width=\"791\" height=\"1024\" src=\"https:\/\/i0.wp.com\/stephenlangfur.com\/wp-content\/uploads\/2022\/02\/cartoon-of-steve-as-guide.jpg?resize=791%2C1024&#038;ssl=1\" alt=\"\" class=\"wp-image-1383\" srcset=\"https:\/\/i0.wp.com\/stephenlangfur.com\/wp-content\/uploads\/2022\/02\/cartoon-of-steve-as-guide.jpg?resize=791%2C1024&amp;ssl=1 791w, https:\/\/i0.wp.com\/stephenlangfur.com\/wp-content\/uploads\/2022\/02\/cartoon-of-steve-as-guide.jpg?resize=232%2C300&amp;ssl=1 232w, https:\/\/i0.wp.com\/stephenlangfur.com\/wp-content\/uploads\/2022\/02\/cartoon-of-steve-as-guide.jpg?resize=768%2C994&amp;ssl=1 768w, https:\/\/i0.wp.com\/stephenlangfur.com\/wp-content\/uploads\/2022\/02\/cartoon-of-steve-as-guide.jpg?w=800&amp;ssl=1 800w\" sizes=\"(max-width: 791px) 100vw, 791px\" \/><\/figure>\n<\/div>\n\n\n<h2 class=\"wp-block-heading\" id=\"family-life\">Familienleben<\/h2>\n\n\n\n<p class=\"\">Langfur hat einen Sohn namens Benny, der Komponist und Musiker ist, und eine Tochter namens Talya, die Physiotherapeutin ist. Er ist mit der politischen Aktivistin Roni Ben Efrat verheiratet, deren Kinder Ruti, eine klinische Psychologin, und Yonatan, ein Sekundarschullehrer, sind. Er hat Enkelkinder: Susu, Sara, Toto und Lara. Es ist seltsam, dass einem Gro\u00dfvater die Welt die meiste Zeit langweilig und eint\u00f6nig erscheinen mag, aber nichts ist aufregender, als zuzusehen, wie das eigene Enkelkind sie entdeckt:<\/p>\n\n\n\n<figure class=\"wp-block-image size-large\"><img data-recalc-dims=\"1\" decoding=\"async\" width=\"1024\" height=\"577\" src=\"https:\/\/i0.wp.com\/stephenlangfur.com\/wp-content\/uploads\/2021\/12\/Sara-rejoicing.jpg?resize=1024%2C577&#038;ssl=1\" alt=\"\" class=\"wp-image-90\" srcset=\"https:\/\/i0.wp.com\/stephenlangfur.com\/wp-content\/uploads\/2021\/12\/Sara-rejoicing.jpg?resize=1024%2C577&amp;ssl=1 1024w, https:\/\/i0.wp.com\/stephenlangfur.com\/wp-content\/uploads\/2021\/12\/Sara-rejoicing.jpg?resize=300%2C169&amp;ssl=1 300w, https:\/\/i0.wp.com\/stephenlangfur.com\/wp-content\/uploads\/2021\/12\/Sara-rejoicing.jpg?resize=768%2C432&amp;ssl=1 768w, https:\/\/i0.wp.com\/stephenlangfur.com\/wp-content\/uploads\/2021\/12\/Sara-rejoicing.jpg?w=1268&amp;ssl=1 1268w\" sizes=\"(max-width: 1000px) 100vw, 1000px\" \/><figcaption class=\"wp-element-caption\">Von links nach rechts: Susu, Roni, Toto, und Sara im Urlaub in Devon, England (2016)<\/figcaption><\/figure>\n\n\n\n<p class=\"\"><a href=\"https:\/\/stephenlangfur.com\/de\/order-now\/\">Bestellen <em>Die Philosophie begegnet dem S\u00e4ugling<\/em><\/a><\/p>","protected":false},"excerpt":{"rendered":"<p>Stephen Langfur promovierte in Syracuse, wo er seine Theorie des You-I-Events vorstellte. Anschlie\u00dfend half er beim Wiederaufbau des Honors Program (jetzt...<\/p>\n<div class=\"more-link-wrapper\"><a class=\"more-link\" href=\"https:\/\/stephenlangfur.com\/de\/stephen-langfur-on-the-philosophy-of-dialogue\/\">Weiterlesen<span class=\"screen-reader-text\">\u00dcber Stephen Langfur<\/span><\/a><\/div>","protected":false},"author":1,"featured_media":0,"parent":0,"menu_order":0,"comment_status":"closed","ping_status":"closed","template":"","meta":{"nf_dc_page":"about","om_disable_all_campaigns":false,"_monsterinsights_skip_tracking":false,"_monsterinsights_sitenote_active":false,"_monsterinsights_sitenote_note":"","_monsterinsights_sitenote_category":0,"footnotes":""},"class_list":["post-192","page","type-page","status-publish","hentry","ratio-natural","entry"],"yoast_head":"<!-- This site is optimized with the Yoast SEO plugin v27.4 - https:\/\/yoast.com\/product\/yoast-seo-wordpress\/ -->\n<title>Stephen Langfur - Philosophy Meets the Infant<\/title>\n<meta name=\"description\" content=\"Using infancy research, Stephen Langfur takes a systematic approach to Martin Buber&#039;s saying, &quot;A human being becomes I through a You.&quot;\" \/>\n<meta name=\"robots\" content=\"index, follow, max-snippet:-1, max-image-preview:large, max-video-preview:-1\" \/>\n<link rel=\"canonical\" href=\"https:\/\/stephenlangfur.com\/de\/stephen-langfur-on-the-philosophy-of-dialogue\/\" \/>\n<meta property=\"og:locale\" content=\"de_DE\" \/>\n<meta property=\"og:type\" content=\"article\" \/>\n<meta property=\"og:title\" content=\"Stephen Langfur - Philosophy Meets the Infant\" \/>\n<meta property=\"og:url\" content=\"https:\/\/stephenlangfur.com\/de\/stephen-langfur-on-the-philosophy-of-dialogue\/\" \/>\n<meta property=\"og:site_name\" content=\"Philosophy Meets the Infant\" \/>\n<meta property=\"article:publisher\" content=\"https:\/\/www.facebook.com\/stephen.langfur\" \/>\n<meta property=\"article:modified_time\" content=\"2025-07-06T11:32:23+00:00\" \/>\n<meta property=\"og:image\" content=\"https:\/\/stephenlangfur.com\/wp-content\/uploads\/2021\/12\/Steve-close-up-2.jpg\" \/>\n<meta name=\"twitter:card\" content=\"summary_large_image\" \/>\n<meta name=\"twitter:site\" content=\"@StephenLangfur\" \/>\n<meta name=\"twitter:label1\" content=\"Gesch\u00e4tzte Lesezeit\" \/>\n\t<meta name=\"twitter:data1\" content=\"2\u00a0Minuten\" \/>\n<script type=\"application\/ld+json\" class=\"yoast-schema-graph\">{\"@context\":\"https:\\\/\\\/schema.org\",\"@graph\":[{\"@type\":\"WebPage\",\"@id\":\"https:\\\/\\\/stephenlangfur.com\\\/stephen-langfur-on-the-philosophy-of-dialogue\\\/\",\"url\":\"https:\\\/\\\/stephenlangfur.com\\\/stephen-langfur-on-the-philosophy-of-dialogue\\\/\",\"name\":\"Stephen Langfur - Philosophy Meets the Infant\",\"isPartOf\":{\"@id\":\"https:\\\/\\\/stephenlangfur.com\\\/#website\"},\"primaryImageOfPage\":{\"@id\":\"https:\\\/\\\/stephenlangfur.com\\\/stephen-langfur-on-the-philosophy-of-dialogue\\\/#primaryimage\"},\"image\":{\"@id\":\"https:\\\/\\\/stephenlangfur.com\\\/stephen-langfur-on-the-philosophy-of-dialogue\\\/#primaryimage\"},\"thumbnailUrl\":\"https:\\\/\\\/stephenlangfur.com\\\/wp-content\\\/uploads\\\/2021\\\/12\\\/Steve-close-up-2.jpg\",\"datePublished\":\"2022-01-02T08:54:37+00:00\",\"dateModified\":\"2025-07-06T11:32:23+00:00\",\"description\":\"Using infancy research, Stephen Langfur takes a systematic approach to Martin Buber's saying, \\\"A human being becomes I through a You.\\\"\",\"breadcrumb\":{\"@id\":\"https:\\\/\\\/stephenlangfur.com\\\/stephen-langfur-on-the-philosophy-of-dialogue\\\/#breadcrumb\"},\"inLanguage\":\"de\",\"potentialAction\":[{\"@type\":\"ReadAction\",\"target\":[\"https:\\\/\\\/stephenlangfur.com\\\/stephen-langfur-on-the-philosophy-of-dialogue\\\/\"]}]},{\"@type\":\"ImageObject\",\"inLanguage\":\"de\",\"@id\":\"https:\\\/\\\/stephenlangfur.com\\\/stephen-langfur-on-the-philosophy-of-dialogue\\\/#primaryimage\",\"url\":\"https:\\\/\\\/stephenlangfur.com\\\/wp-content\\\/uploads\\\/2021\\\/12\\\/Steve-close-up-2.jpg\",\"contentUrl\":\"https:\\\/\\\/stephenlangfur.com\\\/wp-content\\\/uploads\\\/2021\\\/12\\\/Steve-close-up-2.jpg\"},{\"@type\":\"BreadcrumbList\",\"@id\":\"https:\\\/\\\/stephenlangfur.com\\\/stephen-langfur-on-the-philosophy-of-dialogue\\\/#breadcrumb\",\"itemListElement\":[{\"@type\":\"ListItem\",\"position\":1,\"name\":\"Home\",\"item\":\"https:\\\/\\\/stephenlangfur.com\\\/\"},{\"@type\":\"ListItem\",\"position\":2,\"name\":\"About Stephen Langfur\"}]},{\"@type\":\"WebSite\",\"@id\":\"https:\\\/\\\/stephenlangfur.com\\\/#website\",\"url\":\"https:\\\/\\\/stephenlangfur.com\\\/\",\"name\":\"Philosophy Meets the Infant\",\"description\":\"How infancy research transforms the understanding of human existence\",\"publisher\":{\"@id\":\"https:\\\/\\\/stephenlangfur.com\\\/#\\\/schema\\\/person\\\/76c4c0a7980b8bc2d00134a8e6ea2ee4\"},\"potentialAction\":[{\"@type\":\"SearchAction\",\"target\":{\"@type\":\"EntryPoint\",\"urlTemplate\":\"https:\\\/\\\/stephenlangfur.com\\\/?s={search_term_string}\"},\"query-input\":{\"@type\":\"PropertyValueSpecification\",\"valueRequired\":true,\"valueName\":\"search_term_string\"}}],\"inLanguage\":\"de\"},{\"@type\":[\"Person\",\"Organization\"],\"@id\":\"https:\\\/\\\/stephenlangfur.com\\\/#\\\/schema\\\/person\\\/76c4c0a7980b8bc2d00134a8e6ea2ee4\",\"name\":\"Stephen Langfur\",\"image\":{\"@type\":\"ImageObject\",\"inLanguage\":\"de\",\"@id\":\"https:\\\/\\\/secure.gravatar.com\\\/avatar\\\/a7a7876096f4db546964266ab19c7b74d12fcac0f35b7d28287a86ecb324b104?s=96&d=mm&r=g\",\"url\":\"https:\\\/\\\/secure.gravatar.com\\\/avatar\\\/a7a7876096f4db546964266ab19c7b74d12fcac0f35b7d28287a86ecb324b104?s=96&d=mm&r=g\",\"contentUrl\":\"https:\\\/\\\/secure.gravatar.com\\\/avatar\\\/a7a7876096f4db546964266ab19c7b74d12fcac0f35b7d28287a86ecb324b104?s=96&d=mm&r=g\",\"caption\":\"Stephen Langfur\"},\"logo\":{\"@id\":\"https:\\\/\\\/secure.gravatar.com\\\/avatar\\\/a7a7876096f4db546964266ab19c7b74d12fcac0f35b7d28287a86ecb324b104?s=96&d=mm&r=g\"},\"description\":\"Stephen Langfur received a doctorate from Syracuse, in which he presented his theory of the You-I Event. He then helped rebuild the Honors Program (now Honors College) at the University of Houston, teaching in it for three years. The promise of peace in the Middle East lured him to Israel in 1979, where he favored hiking over academe, becoming a guide. A decade later, he wrote in his first book: \u201cWhen I was ten years younger and full of hope, I departed the USA with wife and daughter and moved to Israel. What follow are notes from an army cell, to which I have been sentenced for refusing to go into the West Bank against the Palestinians.\u201d \u2013 Confession from a Jericho Jail (Grove Weidenfeld, 1992, now published in a 2nd edition by Fomite Press). After his release, Langfur discovered that new findings in infancy research supported the idea of his dissertation. He presented it in philosophy and psychology journals \u2013 and now in Philosophy Meets the Infant.\",\"sameAs\":[\"http:\\\/\\\/stephenlangfur.com\",\"https:\\\/\\\/www.facebook.com\\\/stephen.langfur\",\"https:\\\/\\\/x.com\\\/StephenLangfur\"]}]}<\/script>\n<!-- \/ Yoast SEO plugin. -->","yoast_head_json":{"title":"Stephen Langfur - Philosophy Meets the Infant","description":"Using infancy research, Stephen Langfur takes a systematic approach to Martin Buber's saying, \"A human being becomes I through a You.\"","robots":{"index":"index","follow":"follow","max-snippet":"max-snippet:-1","max-image-preview":"max-image-preview:large","max-video-preview":"max-video-preview:-1"},"canonical":"https:\/\/stephenlangfur.com\/de\/stephen-langfur-on-the-philosophy-of-dialogue\/","og_locale":"de_DE","og_type":"article","og_title":"Stephen Langfur - Philosophy Meets the Infant","og_url":"https:\/\/stephenlangfur.com\/de\/stephen-langfur-on-the-philosophy-of-dialogue\/","og_site_name":"Philosophy Meets the Infant","article_publisher":"https:\/\/www.facebook.com\/stephen.langfur","article_modified_time":"2025-07-06T11:32:23+00:00","og_image":[{"url":"https:\/\/stephenlangfur.com\/wp-content\/uploads\/2021\/12\/Steve-close-up-2.jpg","type":"","width":"","height":""}],"twitter_card":"summary_large_image","twitter_site":"@StephenLangfur","twitter_misc":{"Gesch\u00e4tzte Lesezeit":"2\u00a0Minuten"},"schema":{"@context":"https:\/\/schema.org","@graph":[{"@type":"WebPage","@id":"https:\/\/stephenlangfur.com\/stephen-langfur-on-the-philosophy-of-dialogue\/","url":"https:\/\/stephenlangfur.com\/stephen-langfur-on-the-philosophy-of-dialogue\/","name":"Stephen Langfur - Philosophy Meets the Infant","isPartOf":{"@id":"https:\/\/stephenlangfur.com\/#website"},"primaryImageOfPage":{"@id":"https:\/\/stephenlangfur.com\/stephen-langfur-on-the-philosophy-of-dialogue\/#primaryimage"},"image":{"@id":"https:\/\/stephenlangfur.com\/stephen-langfur-on-the-philosophy-of-dialogue\/#primaryimage"},"thumbnailUrl":"https:\/\/stephenlangfur.com\/wp-content\/uploads\/2021\/12\/Steve-close-up-2.jpg","datePublished":"2022-01-02T08:54:37+00:00","dateModified":"2025-07-06T11:32:23+00:00","description":"Using infancy research, Stephen Langfur takes a systematic approach to Martin Buber's saying, \"A human being becomes I through a You.\"","breadcrumb":{"@id":"https:\/\/stephenlangfur.com\/stephen-langfur-on-the-philosophy-of-dialogue\/#breadcrumb"},"inLanguage":"de","potentialAction":[{"@type":"ReadAction","target":["https:\/\/stephenlangfur.com\/stephen-langfur-on-the-philosophy-of-dialogue\/"]}]},{"@type":"ImageObject","inLanguage":"de","@id":"https:\/\/stephenlangfur.com\/stephen-langfur-on-the-philosophy-of-dialogue\/#primaryimage","url":"https:\/\/stephenlangfur.com\/wp-content\/uploads\/2021\/12\/Steve-close-up-2.jpg","contentUrl":"https:\/\/stephenlangfur.com\/wp-content\/uploads\/2021\/12\/Steve-close-up-2.jpg"},{"@type":"BreadcrumbList","@id":"https:\/\/stephenlangfur.com\/stephen-langfur-on-the-philosophy-of-dialogue\/#breadcrumb","itemListElement":[{"@type":"ListItem","position":1,"name":"Home","item":"https:\/\/stephenlangfur.com\/"},{"@type":"ListItem","position":2,"name":"About Stephen Langfur"}]},{"@type":"WebSite","@id":"https:\/\/stephenlangfur.com\/#website","url":"https:\/\/stephenlangfur.com\/","name":"Die Philosophie begegnet dem S\u00e4ugling","description":"Wie die S\u00e4uglingsforschung das Verst\u00e4ndnis der menschlichen Existenz ver\u00e4ndert","publisher":{"@id":"https:\/\/stephenlangfur.com\/#\/schema\/person\/76c4c0a7980b8bc2d00134a8e6ea2ee4"},"potentialAction":[{"@type":"SearchAction","target":{"@type":"EntryPoint","urlTemplate":"https:\/\/stephenlangfur.com\/?s={search_term_string}"},"query-input":{"@type":"PropertyValueSpecification","valueRequired":true,"valueName":"search_term_string"}}],"inLanguage":"de"},{"@type":["Person","Organization"],"@id":"https:\/\/stephenlangfur.com\/#\/schema\/person\/76c4c0a7980b8bc2d00134a8e6ea2ee4","name":"Stephen Langfur","image":{"@type":"ImageObject","inLanguage":"de","@id":"https:\/\/secure.gravatar.com\/avatar\/a7a7876096f4db546964266ab19c7b74d12fcac0f35b7d28287a86ecb324b104?s=96&d=mm&r=g","url":"https:\/\/secure.gravatar.com\/avatar\/a7a7876096f4db546964266ab19c7b74d12fcac0f35b7d28287a86ecb324b104?s=96&d=mm&r=g","contentUrl":"https:\/\/secure.gravatar.com\/avatar\/a7a7876096f4db546964266ab19c7b74d12fcac0f35b7d28287a86ecb324b104?s=96&d=mm&r=g","caption":"Stephen Langfur"},"logo":{"@id":"https:\/\/secure.gravatar.com\/avatar\/a7a7876096f4db546964266ab19c7b74d12fcac0f35b7d28287a86ecb324b104?s=96&d=mm&r=g"},"description":"Stephen Langfur promovierte in Syracuse, wo er seine Theorie des You-I-Events vorstellte. Anschlie\u00dfend half er beim Wiederaufbau des Honors Program (heute Honors College) an der University of Houston und unterrichtete dort drei Jahre lang. Die Aussicht auf Frieden im Nahen Osten lockte ihn 1979 nach Israel, wo er das Wandern der akademischen Arbeit vorzog und Reiseleiter wurde. Ein Jahrzehnt sp\u00e4ter schrieb er in seinem ersten Buch: \"Als ich zehn Jahre j\u00fcnger und voller Hoffnung war, verlie\u00df ich mit Frau und Tochter die USA und zog nach Israel. Was folgt, sind Notizen aus einer Armeezelle, zu der ich verurteilt wurde, weil ich mich weigerte, im Westjordanland gegen die Pal\u00e4stinenser vorzugehen.\" - Confession from a Jericho Jail (Grove Weidenfeld, 1992, jetzt in einer 2. Auflage bei Fomite Press erschienen). Nach seiner Entlassung entdeckte Langfur, dass neue Erkenntnisse der S\u00e4uglingsforschung die Idee seiner Dissertation unterst\u00fctzten. Er stellte sie in Fachzeitschriften f\u00fcr Philosophie und Psychologie vor - und nun in Philosophy Meets the Infant.","sameAs":["http:\/\/stephenlangfur.com","https:\/\/www.facebook.com\/stephen.langfur","https:\/\/x.com\/StephenLangfur"]}]}},"jetpack-related-posts":[{"id":1928,"url":"https:\/\/stephenlangfur.com\/de\/a-podcast-about-philosophy-meets-the-infant-by-stephen-langfur\/","url_meta":{"origin":192,"position":0},"title":"Podcasts \ud83c\uddfa\ud83c\uddf8 \ud83c\uddea\ud83c\uddf8 \ud83c\udde9\ud83c\uddea","author":"Stephen Langfur","date":"Juni 20, 2025","format":false,"excerpt":"\ud83c\udfa7 Auf Englisch: Eine Diskussion von Philosophy Meets the Infant, Kapitel 1: Introducing the You-I Event. Der Podcast ist das Ergebnis von Interaktionen zwischen dem Autor und NotebookLM. \ud83c\udfa7 Auf Spanisch: Una discusi\u00f3n con IA de La filosof\u00eda se encuentra con el beb\u00e9, Cap\u00edtulo 1: Presentaci\u00f3n del Evento T\u00fa-Yo. \ud83c\udfa7...","rel":"","context":"\u00c4hnlicher Beitrag","block_context":{"text":"\u00c4hnlicher Beitrag","link":""},"img":{"alt_text":"","src":"","width":0,"height":0},"classes":[]},{"id":1911,"url":"https:\/\/stephenlangfur.com\/de\/endorsements\/","url_meta":{"origin":192,"position":1},"title":"Empfehlungen","author":"Stephen Langfur","date":"Juni 20, 2025","format":false,"excerpt":"Philosophie trifft den S\u00e4ugling\" ist ein kurzes Buch, das sich dennoch wie ein Epos liest. Es f\u00fchrt den Leser durch eine Galerie von Szenen aus der Perspektive des S\u00e4uglings und schafft dabei eine neue Sprache. Im Dialog mit Philosophen und Psychologen bietet Langfur eine \u00fcberzeugende, neue vereinheitlichende Perspektive auf...","rel":"","context":"\u00c4hnlicher Beitrag","block_context":{"text":"\u00c4hnlicher Beitrag","link":""},"img":{"alt_text":"","src":"","width":0,"height":0},"classes":[]},{"id":985,"url":"https:\/\/stephenlangfur.com\/de\/publications\/","url_meta":{"origin":192,"position":2},"title":"Schriften","author":"Stephen Langfur","date":"Januar 1, 2022","format":false,"excerpt":"Vor f\u00fcnfzig Jahren habe ich in meiner Dissertation in Syracuse zum ersten Mal \u00fcber das You-I Event geschrieben. Zu dieser Zeit schien Jean Piaget das letzte Wort \u00fcber das Kind zu haben. Nach drei Jahren Lehrt\u00e4tigkeit an der Universit\u00e4t von Houston wanderte ich nach Israel aus und lie\u00df mich zum Reiseleiter ausbilden. W\u00e4hrend einer...","rel":"","context":"\u00c4hnlicher Beitrag","block_context":{"text":"\u00c4hnlicher Beitrag","link":""},"img":{"alt_text":"Stephen Langfur","src":"https:\/\/i0.wp.com\/stephenlangfur.com\/wp-content\/uploads\/2021\/12\/Steve-close-up-2.jpg?resize=350%2C200&ssl=1","width":350,"height":200},"classes":[]},{"id":936,"url":"https:\/\/stephenlangfur.com\/de\/posts\/","url_meta":{"origin":192,"position":3},"title":"Beitr\u00e4ge","author":"Stephen Langfur","date":"Januar 1, 2022","format":false,"excerpt":"","rel":"","context":"\u00c4hnlicher Beitrag","block_context":{"text":"\u00c4hnlicher Beitrag","link":""},"img":{"alt_text":"","src":"","width":0,"height":0},"classes":[]},{"id":2230,"url":"https:\/\/stephenlangfur.com\/de\/order-now\/","url_meta":{"origin":192,"position":4},"title":"Buch bestellen","author":"Stephen Langfur","date":"Juli 4, 2025","format":false,"excerpt":"Routledge Amazon Barnes & Noble","rel":"","context":"\u00c4hnlicher Beitrag","block_context":{"text":"\u00c4hnlicher Beitrag","link":""},"img":{"alt_text":"","src":"","width":0,"height":0},"classes":[]},{"id":1940,"url":"https:\/\/stephenlangfur.com\/de\/chapter-1-introducing-the-you-i-event\/","url_meta":{"origin":192,"position":5},"title":"Kapitel 1: Einf\u00fchrung in das You-I Event","author":"Stephen Langfur","date":"Juni 20, 2025","format":false,"excerpt":"Buch bestellen","rel":"","context":"\u00c4hnlicher Beitrag","block_context":{"text":"\u00c4hnlicher Beitrag","link":""},"img":{"alt_text":"","src":"","width":0,"height":0},"classes":[]}],"jetpack_likes_enabled":true,"jetpack_sharing_enabled":true,"_links":{"self":[{"href":"https:\/\/stephenlangfur.com\/de\/wp-json\/wp\/v2\/pages\/192","targetHints":{"allow":["GET"]}}],"collection":[{"href":"https:\/\/stephenlangfur.com\/de\/wp-json\/wp\/v2\/pages"}],"about":[{"href":"https:\/\/stephenlangfur.com\/de\/wp-json\/wp\/v2\/types\/page"}],"author":[{"embeddable":true,"href":"https:\/\/stephenlangfur.com\/de\/wp-json\/wp\/v2\/users\/1"}],"replies":[{"embeddable":true,"href":"https:\/\/stephenlangfur.com\/de\/wp-json\/wp\/v2\/comments?post=192"}],"version-history":[{"count":5,"href":"https:\/\/stephenlangfur.com\/de\/wp-json\/wp\/v2\/pages\/192\/revisions"}],"predecessor-version":[{"id":2327,"href":"https:\/\/stephenlangfur.com\/de\/wp-json\/wp\/v2\/pages\/192\/revisions\/2327"}],"wp:attachment":[{"href":"https:\/\/stephenlangfur.com\/de\/wp-json\/wp\/v2\/media?parent=192"}],"curies":[{"name":"wp","href":"https:\/\/api.w.org\/{rel}","templated":true}]}}