{"id":1911,"date":"2025-06-20T11:26:12","date_gmt":"2025-06-20T08:26:12","guid":{"rendered":"https:\/\/stephenlangfur.com\/?page_id=1911"},"modified":"2025-07-23T09:37:23","modified_gmt":"2025-07-23T06:37:23","slug":"endorsements","status":"publish","type":"page","link":"https:\/\/stephenlangfur.com\/de\/endorsements\/","title":{"rendered":"Empfehlungen"},"content":{"rendered":"<p class=\"\"><\/p>\n\n\n\n<div class=\"wp-block-group is-nowrap is-layout-flex wp-container-core-group-is-layout-ad2f72ca wp-block-group-is-layout-flex\">\n<p class=\"translation-block\">\u201ePhilosophy Meets the Infant\u201c  ist ein kurzes Buch, liest sich aber dennoch episch. Es f\u00fchrt den Leser durch eine Bildergalerie aus der Perspektive des S\u00e4uglings und erschafft dabei eine neue Sprache. Im Dialog mit Philosophen und Psychologen bietet Langfur eine \u00fcberzeugende, neue, \u00fcbergreifende Perspektive auf die Entwicklung des Selbst und wendet sie auf verschiedene Bereiche der Existenz wie Liebe, Kunst und Religion an. Das hier vorgestellte Konzept des Du-Ich-Ereignisses ist eine zentrale Idee, mit der sich Wissenschaftler k\u00fcnftig auseinandersetzen m\u00fcssen.\u201c<\/p>\n<\/div>\n\n\n\n<p class=\"\"><strong>Alessandra Fasulo, PhD,<\/strong><em>&nbsp;Abteilung f\u00fcr Psychologie, Universit\u00e4t Portsmouth<\/em><\/p>\n\n\n\n<p class=\"has-text-align-center\">***<\/p>\n\n\n\n<p class=\"\"><\/p>\n\n\n\n<p class=\"translation-block\">Langfurs \u201e  Philosophy Meets the Infant\u201c  greift auf die Forschung zur Kindheit zur\u00fcck, um sich mit seit langem bestehenden philosophischen Fragen auseinanderzusetzen. Woher kommt Selbstbewusstsein? Wir lernen uns selbst durch die Interaktion mit anderen kennen. Das gilt im S\u00e4uglingsalter und unser ganzes Leben lang. Langfur f\u00fchrt diese Wahrheit auf faszinierende Ebenen..<\/p>\n\n\n\n<p class=\"\"><strong>Ann Bigelow<\/strong>,&nbsp;<em>Emeritierte Professorin und leitende Forschungsprofessorin f\u00fcr Entwicklungspsychologie an der St. Francis Xavier University<\/em><\/p>\n\n\n\n<p class=\"has-text-align-center\">***<\/p>\n\n\n\n<p class=\"\"><\/p>\n\n\n\n<p class=\"\">Der gr\u00f6\u00dfte Beitrag der Psychologie zur Moderne d\u00fcrfte ihre Best\u00e4tigung der tiefen Bedeutung unserer fr\u00fchesten Erfahrungen sein. Doch wenn es um die \u00e4u\u00dferst intime, subtile und pers\u00f6nliche Dynamik zwischen Bezugspersonen und S\u00e4uglingen geht, reicht Experiment allein nicht aus. Ein breiterer Ansatz ist notwendig, um die Ich-Du-Verbindung zu verstehen, die unsere Beziehungen zu uns selbst, zu anderen und zur Welt begr\u00fcndet. In dieser Arbeit wendet Langfur den Ansatz der kontinentalen Philosophie an, um das Feld der S\u00e4uglingsforschung und umgekehrt die Philosophie selbst zu erhellen und lebendig zu machen. Er stellt die Beziehung zwischen Bezugsperson und S\u00e4ugling in den Mittelpunkt des philosophischen Diskurses und verleiht ihr den Stellenwert, den sie seit jeher verdient. Dies ist ein einzigartiges interdisziplin\u00e4res Unterfangen, das einem langj\u00e4hrigen Bed\u00fcrfnis unserer Kultur gerecht wird.<\/p>\n\n\n\n<p class=\"\"><strong>James Morley, PhD,<\/strong><em>&nbsp;Professor f\u00fcr klinische Psychologie, Ramapo College of New Jersey. Chefredakteur,&nbsp;<\/em>Zeitschrift f\u00fcr ph\u00e4nomenologische Psychologie<\/p>\n\n\n\n<p class=\"has-text-align-center\">***<\/p>\n\n\n\n<p class=\"\"><\/p>\n\n\n\n<p class=\"\">Indem Langfur Philosophie mit neueren Kindheitsstudien verbindet, wirft er die gro\u00dfen alten Fragen nach Sein und Sinn neu auf. Er spricht \u00fcber Liebe und Arbeit, Kunst und Religion, Konversation und Ethik. Sein neuer Ansatz lie\u00df mich Fragen, die ich bereits gekl\u00e4rt oder vertagt hatte, neu \u00fcberdenken. Auch andere k\u00f6nnten sich \u2013 wie ich \u2013 dabei ertappen, Langfurs Buch nicht nur zu lesen, sondern von ihm gelesen zu werden.<\/p>\n\n\n\n<p class=\"\"><strong>Ted L. Estess<\/strong>,&nbsp;<em>Emeritierter Dekan des Honors College an der Universit\u00e4t von Houston<\/em><\/p>\n\n\n\n<p class=\"has-text-align-center\">***<\/p>\n\n\n\n<p class=\"\"><\/p>\n\n\n\n<p class=\"\">Simone Weil sagt, Aufmerksamkeit sei die seltenste und reinste Form der Gro\u00dfz\u00fcgigkeit; Langfur geht noch weiter, in der Tradition Bubers, bezieht aber auch die Kindheitsforschung mit ein. Er konfrontiert uns mit der M\u00f6glichkeit, dass die Aufmerksamkeit eines anderen Menschen unser Seinsgef\u00fchl pr\u00e4gt. Sein Buch k\u00f6nnte eine neue Phase der Diskussion \u00fcber das Menschsein einleiten, die sowohl von Philosophie als auch von Psychologie gepr\u00e4gt ist. <\/p>\n\n\n\n<p class=\"\"><strong>W. F. \"Bill\" Monroe<\/strong>,&nbsp;<em>Autor von&nbsp;<\/em>Macht zu verletzen: Die Tugenden der Entfremdung<em>sowie&nbsp;<\/em>Grundversorgung<em>ein medizinisches Drama \u00fcber Demenz und Pers\u00f6nlichkeit<\/em><\/p>\n\n\n\n<p class=\"\"><a href=\"https:\/\/stephenlangfur.com\/de\/order-now\/\">Buch bestellen<\/a><\/p>\n\n\n\n<p class=\"\"><\/p>\n\n\n\n<p class=\"\"><\/p>","protected":false},"excerpt":{"rendered":"<p>Philosophie trifft das Kind\" ist ein kurzes Buch, das sich dennoch wie ein Epos liest. Es f\u00fchrt den Leser durch eine Galerie von Szenen aus der Perspektive der...<\/p>\n<div class=\"more-link-wrapper\"><a class=\"more-link\" href=\"https:\/\/stephenlangfur.com\/de\/endorsements\/\">Weiterlesen<span class=\"screen-reader-text\">Empfehlungen<\/span><\/a><\/div>","protected":false},"author":1,"featured_media":0,"parent":0,"menu_order":0,"comment_status":"closed","ping_status":"closed","template":"","meta":{"nf_dc_page":"","om_disable_all_campaigns":false,"_monsterinsights_skip_tracking":false,"_monsterinsights_sitenote_active":false,"_monsterinsights_sitenote_note":"","_monsterinsights_sitenote_category":0,"footnotes":""},"class_list":["post-1911","page","type-page","status-publish","hentry","ratio-natural","entry"],"yoast_head":"<!-- This site is optimized with the Yoast SEO plugin v27.4 - https:\/\/yoast.com\/product\/yoast-seo-wordpress\/ -->\n<title>Endorsements - Philosophy Meets the Infant<\/title>\n<meta name=\"robots\" content=\"index, follow, max-snippet:-1, max-image-preview:large, max-video-preview:-1\" \/>\n<link rel=\"canonical\" href=\"https:\/\/stephenlangfur.com\/de\/endorsements\/\" \/>\n<meta property=\"og:locale\" content=\"de_DE\" \/>\n<meta property=\"og:type\" content=\"article\" \/>\n<meta property=\"og:title\" content=\"Endorsements - Philosophy Meets the Infant\" \/>\n<meta property=\"og:description\" content=\"\u201cPhilosophy Meets the Infant&nbsp;is a short book, yet it reads like an epic. It guides the reader through a gallery of scenes from the perspective&#8230;\" \/>\n<meta property=\"og:url\" content=\"https:\/\/stephenlangfur.com\/de\/endorsements\/\" \/>\n<meta property=\"og:site_name\" content=\"Philosophy Meets the Infant\" \/>\n<meta property=\"article:publisher\" content=\"https:\/\/www.facebook.com\/stephen.langfur\" \/>\n<meta property=\"article:modified_time\" content=\"2025-07-23T06:37:23+00:00\" \/>\n<meta name=\"twitter:card\" content=\"summary_large_image\" \/>\n<meta name=\"twitter:site\" content=\"@StephenLangfur\" \/>\n<meta name=\"twitter:label1\" content=\"Gesch\u00e4tzte Lesezeit\" \/>\n\t<meta name=\"twitter:data1\" content=\"3\u00a0Minuten\" \/>\n<script type=\"application\/ld+json\" class=\"yoast-schema-graph\">{\"@context\":\"https:\\\/\\\/schema.org\",\"@graph\":[{\"@type\":\"WebPage\",\"@id\":\"https:\\\/\\\/stephenlangfur.com\\\/endorsements\\\/\",\"url\":\"https:\\\/\\\/stephenlangfur.com\\\/endorsements\\\/\",\"name\":\"Endorsements - Philosophy Meets the Infant\",\"isPartOf\":{\"@id\":\"https:\\\/\\\/stephenlangfur.com\\\/#website\"},\"datePublished\":\"2025-06-20T08:26:12+00:00\",\"dateModified\":\"2025-07-23T06:37:23+00:00\",\"breadcrumb\":{\"@id\":\"https:\\\/\\\/stephenlangfur.com\\\/endorsements\\\/#breadcrumb\"},\"inLanguage\":\"de\",\"potentialAction\":[{\"@type\":\"ReadAction\",\"target\":[\"https:\\\/\\\/stephenlangfur.com\\\/endorsements\\\/\"]}]},{\"@type\":\"BreadcrumbList\",\"@id\":\"https:\\\/\\\/stephenlangfur.com\\\/endorsements\\\/#breadcrumb\",\"itemListElement\":[{\"@type\":\"ListItem\",\"position\":1,\"name\":\"Home\",\"item\":\"https:\\\/\\\/stephenlangfur.com\\\/\"},{\"@type\":\"ListItem\",\"position\":2,\"name\":\"Endorsements\"}]},{\"@type\":\"WebSite\",\"@id\":\"https:\\\/\\\/stephenlangfur.com\\\/#website\",\"url\":\"https:\\\/\\\/stephenlangfur.com\\\/\",\"name\":\"Philosophy Meets the Infant\",\"description\":\"How infancy research transforms the understanding of human existence\",\"publisher\":{\"@id\":\"https:\\\/\\\/stephenlangfur.com\\\/#\\\/schema\\\/person\\\/76c4c0a7980b8bc2d00134a8e6ea2ee4\"},\"potentialAction\":[{\"@type\":\"SearchAction\",\"target\":{\"@type\":\"EntryPoint\",\"urlTemplate\":\"https:\\\/\\\/stephenlangfur.com\\\/?s={search_term_string}\"},\"query-input\":{\"@type\":\"PropertyValueSpecification\",\"valueRequired\":true,\"valueName\":\"search_term_string\"}}],\"inLanguage\":\"de\"},{\"@type\":[\"Person\",\"Organization\"],\"@id\":\"https:\\\/\\\/stephenlangfur.com\\\/#\\\/schema\\\/person\\\/76c4c0a7980b8bc2d00134a8e6ea2ee4\",\"name\":\"Stephen Langfur\",\"image\":{\"@type\":\"ImageObject\",\"inLanguage\":\"de\",\"@id\":\"https:\\\/\\\/secure.gravatar.com\\\/avatar\\\/a7a7876096f4db546964266ab19c7b74d12fcac0f35b7d28287a86ecb324b104?s=96&d=mm&r=g\",\"url\":\"https:\\\/\\\/secure.gravatar.com\\\/avatar\\\/a7a7876096f4db546964266ab19c7b74d12fcac0f35b7d28287a86ecb324b104?s=96&d=mm&r=g\",\"contentUrl\":\"https:\\\/\\\/secure.gravatar.com\\\/avatar\\\/a7a7876096f4db546964266ab19c7b74d12fcac0f35b7d28287a86ecb324b104?s=96&d=mm&r=g\",\"caption\":\"Stephen Langfur\"},\"logo\":{\"@id\":\"https:\\\/\\\/secure.gravatar.com\\\/avatar\\\/a7a7876096f4db546964266ab19c7b74d12fcac0f35b7d28287a86ecb324b104?s=96&d=mm&r=g\"},\"description\":\"Stephen Langfur received a doctorate from Syracuse, in which he presented his theory of the You-I Event. He then helped rebuild the Honors Program (now Honors College) at the University of Houston, teaching in it for three years. The promise of peace in the Middle East lured him to Israel in 1979, where he favored hiking over academe, becoming a guide. A decade later, he wrote in his first book: \u201cWhen I was ten years younger and full of hope, I departed the USA with wife and daughter and moved to Israel. What follow are notes from an army cell, to which I have been sentenced for refusing to go into the West Bank against the Palestinians.\u201d \u2013 Confession from a Jericho Jail (Grove Weidenfeld, 1992, now published in a 2nd edition by Fomite Press). After his release, Langfur discovered that new findings in infancy research supported the idea of his dissertation. He presented it in philosophy and psychology journals \u2013 and now in Philosophy Meets the Infant.\",\"sameAs\":[\"http:\\\/\\\/stephenlangfur.com\",\"https:\\\/\\\/www.facebook.com\\\/stephen.langfur\",\"https:\\\/\\\/x.com\\\/StephenLangfur\"]}]}<\/script>\n<!-- \/ Yoast SEO plugin. -->","yoast_head_json":{"title":"Vermerke - Philosophie trifft auf das Kleinkind","robots":{"index":"index","follow":"follow","max-snippet":"max-snippet:-1","max-image-preview":"max-image-preview:large","max-video-preview":"max-video-preview:-1"},"canonical":"https:\/\/stephenlangfur.com\/de\/endorsements\/","og_locale":"de_DE","og_type":"article","og_title":"Endorsements - Philosophy Meets the Infant","og_description":"\u201cPhilosophy Meets the Infant&nbsp;is a short book, yet it reads like an epic. It guides the reader through a gallery of scenes from the perspective&#8230;","og_url":"https:\/\/stephenlangfur.com\/de\/endorsements\/","og_site_name":"Philosophy Meets the Infant","article_publisher":"https:\/\/www.facebook.com\/stephen.langfur","article_modified_time":"2025-07-23T06:37:23+00:00","twitter_card":"summary_large_image","twitter_site":"@StephenLangfur","twitter_misc":{"Gesch\u00e4tzte Lesezeit":"3\u00a0Minuten"},"schema":{"@context":"https:\/\/schema.org","@graph":[{"@type":"WebPage","@id":"https:\/\/stephenlangfur.com\/endorsements\/","url":"https:\/\/stephenlangfur.com\/endorsements\/","name":"Vermerke - Philosophie trifft auf das Kleinkind","isPartOf":{"@id":"https:\/\/stephenlangfur.com\/#website"},"datePublished":"2025-06-20T08:26:12+00:00","dateModified":"2025-07-23T06:37:23+00:00","breadcrumb":{"@id":"https:\/\/stephenlangfur.com\/endorsements\/#breadcrumb"},"inLanguage":"de","potentialAction":[{"@type":"ReadAction","target":["https:\/\/stephenlangfur.com\/endorsements\/"]}]},{"@type":"BreadcrumbList","@id":"https:\/\/stephenlangfur.com\/endorsements\/#breadcrumb","itemListElement":[{"@type":"ListItem","position":1,"name":"Home","item":"https:\/\/stephenlangfur.com\/"},{"@type":"ListItem","position":2,"name":"Endorsements"}]},{"@type":"WebSite","@id":"https:\/\/stephenlangfur.com\/#website","url":"https:\/\/stephenlangfur.com\/","name":"Die Philosophie begegnet dem S\u00e4ugling","description":"Wie die S\u00e4uglingsforschung das Verst\u00e4ndnis der menschlichen Existenz ver\u00e4ndert","publisher":{"@id":"https:\/\/stephenlangfur.com\/#\/schema\/person\/76c4c0a7980b8bc2d00134a8e6ea2ee4"},"potentialAction":[{"@type":"SearchAction","target":{"@type":"EntryPoint","urlTemplate":"https:\/\/stephenlangfur.com\/?s={search_term_string}"},"query-input":{"@type":"PropertyValueSpecification","valueRequired":true,"valueName":"search_term_string"}}],"inLanguage":"de"},{"@type":["Person","Organization"],"@id":"https:\/\/stephenlangfur.com\/#\/schema\/person\/76c4c0a7980b8bc2d00134a8e6ea2ee4","name":"Stephen Langfur","image":{"@type":"ImageObject","inLanguage":"de","@id":"https:\/\/secure.gravatar.com\/avatar\/a7a7876096f4db546964266ab19c7b74d12fcac0f35b7d28287a86ecb324b104?s=96&d=mm&r=g","url":"https:\/\/secure.gravatar.com\/avatar\/a7a7876096f4db546964266ab19c7b74d12fcac0f35b7d28287a86ecb324b104?s=96&d=mm&r=g","contentUrl":"https:\/\/secure.gravatar.com\/avatar\/a7a7876096f4db546964266ab19c7b74d12fcac0f35b7d28287a86ecb324b104?s=96&d=mm&r=g","caption":"Stephen Langfur"},"logo":{"@id":"https:\/\/secure.gravatar.com\/avatar\/a7a7876096f4db546964266ab19c7b74d12fcac0f35b7d28287a86ecb324b104?s=96&d=mm&r=g"},"description":"Stephen Langfur promovierte in Syracuse, wo er seine Theorie des You-I-Events vorstellte. Anschlie\u00dfend half er beim Wiederaufbau des Honors Program (heute Honors College) an der University of Houston und unterrichtete dort drei Jahre lang. Die Aussicht auf Frieden im Nahen Osten lockte ihn 1979 nach Israel, wo er das Wandern der akademischen Arbeit vorzog und Reiseleiter wurde. Ein Jahrzehnt sp\u00e4ter schrieb er in seinem ersten Buch: \"Als ich zehn Jahre j\u00fcnger und voller Hoffnung war, verlie\u00df ich mit Frau und Tochter die USA und zog nach Israel. Was folgt, sind Notizen aus einer Armeezelle, zu der ich verurteilt wurde, weil ich mich weigerte, im Westjordanland gegen die Pal\u00e4stinenser vorzugehen.\" - Confession from a Jericho Jail (Grove Weidenfeld, 1992, jetzt in einer 2. Auflage bei Fomite Press erschienen). Nach seiner Entlassung entdeckte Langfur, dass neue Erkenntnisse der S\u00e4uglingsforschung die Idee seiner Dissertation unterst\u00fctzten. Er stellte sie in Fachzeitschriften f\u00fcr Philosophie und Psychologie vor - und nun in Philosophy Meets the Infant.","sameAs":["http:\/\/stephenlangfur.com","https:\/\/www.facebook.com\/stephen.langfur","https:\/\/x.com\/StephenLangfur"]}]}},"jetpack-related-posts":[{"id":1928,"url":"https:\/\/stephenlangfur.com\/de\/a-podcast-about-philosophy-meets-the-infant-by-stephen-langfur\/","url_meta":{"origin":1911,"position":0},"title":"Podcasts \ud83c\uddfa\ud83c\uddf8 \ud83c\uddea\ud83c\uddf8 \ud83c\udde9\ud83c\uddea","author":"Stephen Langfur","date":"Juni 20, 2025","format":false,"excerpt":"\ud83c\udfa7 Auf Englisch: Eine Diskussion von Philosophy Meets the Infant, Kapitel 1: Introducing the You-I Event. Der Podcast ist das Ergebnis von Interaktionen zwischen dem Autor und NotebookLM. \ud83c\udfa7 Auf Spanisch: Una discusi\u00f3n con IA de La filosof\u00eda se encuentra con el beb\u00e9, Cap\u00edtulo 1: Presentaci\u00f3n del Evento T\u00fa-Yo. \ud83c\udfa7...","rel":"","context":"\u00c4hnlicher Beitrag","block_context":{"text":"\u00c4hnlicher Beitrag","link":""},"img":{"alt_text":"","src":"","width":0,"height":0},"classes":[]},{"id":1681,"url":"https:\/\/stephenlangfur.com\/de\/","url_meta":{"origin":1911,"position":1},"title":"Die Philosophie begegnet dem S\u00e4ugling","author":"Stephen Langfur","date":"Dezember 8, 2022","format":false,"excerpt":"\u00a0Du nimmst teil, also bin ich. In diesem Buch wird der Ursprung des Selbstbewusstseins in der wechselseitigen Aufmerksamkeit zwischen S\u00e4ugling und Bezugsperson gesehen. Als Beispiel dient der gegenseitige Blick: Wie bei einigen Tierarten folgen die Augen eines S\u00e4uglings den wechselnden Blicken einer Person. Offensichtlich nimmt es an, dass die Person etwas anschaut. Wenn ein...","rel":"","context":"\u00c4hnlicher Beitrag","block_context":{"text":"\u00c4hnlicher Beitrag","link":""},"img":{"alt_text":"Book cover: Philosophy Meets the Infant by Stephen Langfur","src":"https:\/\/i0.wp.com\/stephenlangfur.com\/wp-content\/uploads\/2025\/06\/cover-from-Routledge-site.webp?resize=350%2C200&ssl=1","width":350,"height":200},"classes":[]},{"id":985,"url":"https:\/\/stephenlangfur.com\/de\/publications\/","url_meta":{"origin":1911,"position":2},"title":"Schriften","author":"Stephen Langfur","date":"Januar 1, 2022","format":false,"excerpt":"Vor f\u00fcnfzig Jahren habe ich in meiner Dissertation in Syracuse zum ersten Mal \u00fcber das You-I Event geschrieben. Zu dieser Zeit schien Jean Piaget das letzte Wort \u00fcber das Kind zu haben. Nach drei Jahren Lehrt\u00e4tigkeit an der Universit\u00e4t von Houston wanderte ich nach Israel aus und lie\u00df mich zum Reiseleiter ausbilden. W\u00e4hrend einer...","rel":"","context":"\u00c4hnlicher Beitrag","block_context":{"text":"\u00c4hnlicher Beitrag","link":""},"img":{"alt_text":"Stephen Langfur","src":"https:\/\/i0.wp.com\/stephenlangfur.com\/wp-content\/uploads\/2021\/12\/Steve-close-up-2.jpg?resize=350%2C200&ssl=1","width":350,"height":200},"classes":[]},{"id":192,"url":"https:\/\/stephenlangfur.com\/de\/stephen-langfur-on-the-philosophy-of-dialogue\/","url_meta":{"origin":1911,"position":3},"title":"\u00dcber Stephen Langfur","author":"Stephen Langfur","date":"Januar 2, 2022","format":false,"excerpt":"Foto: davidsheerman.com Stephen Langfur promovierte in Syracuse, wo er seine Theorie des You-I-Events vorstellte. Anschlie\u00dfend half er beim Wiederaufbau des Honors Program (heute Honors College) an der University of Houston und unterrichtete dort drei Jahre lang. Die Aussicht auf Frieden im Nahen Osten lockte ihn...","rel":"","context":"\u00c4hnlicher Beitrag","block_context":{"text":"\u00c4hnlicher Beitrag","link":""},"img":{"alt_text":"","src":"https:\/\/i0.wp.com\/stephenlangfur.com\/wp-content\/uploads\/2022\/02\/cartoon-of-steve-as-guide.jpg?resize=350%2C200&ssl=1","width":350,"height":200,"srcset":"https:\/\/i0.wp.com\/stephenlangfur.com\/wp-content\/uploads\/2022\/02\/cartoon-of-steve-as-guide.jpg?resize=350%2C200&ssl=1 1x, https:\/\/i0.wp.com\/stephenlangfur.com\/wp-content\/uploads\/2022\/02\/cartoon-of-steve-as-guide.jpg?resize=525%2C300&ssl=1 1.5x, https:\/\/i0.wp.com\/stephenlangfur.com\/wp-content\/uploads\/2022\/02\/cartoon-of-steve-as-guide.jpg?resize=700%2C400&ssl=1 2x"},"classes":[]}],"jetpack_likes_enabled":true,"jetpack_sharing_enabled":true,"_links":{"self":[{"href":"https:\/\/stephenlangfur.com\/de\/wp-json\/wp\/v2\/pages\/1911","targetHints":{"allow":["GET"]}}],"collection":[{"href":"https:\/\/stephenlangfur.com\/de\/wp-json\/wp\/v2\/pages"}],"about":[{"href":"https:\/\/stephenlangfur.com\/de\/wp-json\/wp\/v2\/types\/page"}],"author":[{"embeddable":true,"href":"https:\/\/stephenlangfur.com\/de\/wp-json\/wp\/v2\/users\/1"}],"replies":[{"embeddable":true,"href":"https:\/\/stephenlangfur.com\/de\/wp-json\/wp\/v2\/comments?post=1911"}],"version-history":[{"count":5,"href":"https:\/\/stephenlangfur.com\/de\/wp-json\/wp\/v2\/pages\/1911\/revisions"}],"predecessor-version":[{"id":2507,"href":"https:\/\/stephenlangfur.com\/de\/wp-json\/wp\/v2\/pages\/1911\/revisions\/2507"}],"wp:attachment":[{"href":"https:\/\/stephenlangfur.com\/de\/wp-json\/wp\/v2\/media?parent=1911"}],"curies":[{"name":"wp","href":"https:\/\/api.w.org\/{rel}","templated":true}]}}