{"id":1681,"date":"2022-12-08T22:18:44","date_gmt":"2022-12-08T20:18:44","guid":{"rendered":"https:\/\/stephenlangfur.com\/?page_id=1681"},"modified":"2025-09-19T16:07:48","modified_gmt":"2025-09-19T13:07:48","slug":"birthoftheself-com","status":"publish","type":"page","link":"https:\/\/stephenlangfur.com\/de\/","title":{"rendered":"Die Philosophie begegnet dem S\u00e4ugling"},"content":{"rendered":"<h2 class=\"wp-block-heading has-text-align-center\">&nbsp;Du achtest, also bin ich.<\/h2>\n\n\n\n<p class=\"\"><\/p>\n\n\n<div class=\"wp-block-image\">\n<figure class=\"aligncenter size-full\"><img data-recalc-dims=\"1\" fetchpriority=\"high\" decoding=\"async\" width=\"350\" height=\"525\" src=\"https:\/\/i0.wp.com\/stephenlangfur.com\/wp-content\/uploads\/2025\/06\/cover-from-Routledge-site.webp?resize=350%2C525&#038;ssl=1\" alt=\"Book cover: Philosophy Meets the Infant by Stephen Langfur\" class=\"wp-image-1890\" srcset=\"https:\/\/i0.wp.com\/stephenlangfur.com\/wp-content\/uploads\/2025\/06\/cover-from-Routledge-site.webp?w=350&amp;ssl=1 350w, https:\/\/i0.wp.com\/stephenlangfur.com\/wp-content\/uploads\/2025\/06\/cover-from-Routledge-site.webp?resize=200%2C300&amp;ssl=1 200w\" sizes=\"(max-width: 350px) 100vw, 350px\" \/><\/figure>\n<\/div>\n\n\n<p class=\"\">In diesem Buch wird der Ursprung des Selbstbewusstseins in der wechselseitigen Aufmerksamkeit zwischen S\u00e4ugling und Bezugsperson gesehen. Als Beispiel dient der gegenseitige Blick: Wie bei einigen Tierarten folgen die Augen eines Babys den wechselnden Blicken einer Person. Offensichtlich nimmt es an, dass die Person etwas anschaut. Wenn eine Betreuungsperson den Blick auf <em>ihre<\/em> Wenn das Baby die Augen aufschl\u00e4gt, nimmt es ebenfalls an, dass es etwas anschaut. Das Baby sieht das \"Etwas\" nicht, aber es f\u00fchlt es. Dies ist das Selbst in seinem Erwachen. Du nimmst teil, also bin ich.<\/p>\n\n\n\n<p class=\"\">Damit wird das philosophische Problem der Selbsterkenntnis angesprochen: Wie <em>was ist bewusst<\/em> kann sein <em>was ihr bekannt ist<\/em>. Die beiden <em>was<\/em> werden durch die Betreuungsperson vermittelt. Wenn das Kind von Angesicht zu Angesicht steht, ist die Wahrnehmung der Betreuungsperson eine Voraussetzung f\u00fcr die Wahrnehmung seiner selbst.<\/p>\n\n\n\n<p class=\"\">Dieses schleifenartige Entstehen des Selbst wird als \"Du-Ich-Ereignis\" bezeichnet. In den ersten Kapiteln wird gezeigt, wie diese Ereignisse die grundlegenden Merkmale des Selbstbewusstseins hervorbringen: dass ich existiere, dass ich bewusst bin, dass ich verk\u00f6rpert bin, dass ich in der Welt handeln kann, dass ich Gef\u00fchle habe, die sich von den Gef\u00fchlen anderer unterscheiden, und dass ich weiter existiere, wenn ich allein bin.<\/p>\n\n\n\n<p class=\"\">Jetzt kommt eine wichtige Wende im menschlichen Leben: Da die Existenz des S\u00e4uglings als Selbst von den Du-Ereignissen abh\u00e4ngt, f\u00fcrchtet er die Trennung von seinen Bezugspersonen. Als es die Sprache erwirbt, beschwichtigt es diese Angst, indem es sie in der Sprache auf sich selbst \u00fcbertr\u00e4gt. Ein solches \"Selbstgespr\u00e4ch\" verinnerlicht das Du-Ich-Ereignis; sie f\u00fchlt sich von den verinnerlichten anderen betreut. Von nun an wird sie die innere Rede nutzen, um das Gef\u00fchl ihrer eigenen Existenz zu sichern. So entsteht die Art von Selbst, die, allein am Feuer, mit sich selbst sprechen kann und erkennt: \"Ich denke, also bin ich.\" Das urspr\u00fcngliche Ereignis ist in den Hintergrund getreten (weshalb die Ich-Du-Erz\u00e4hlung zun\u00e4chst kontraintuitiv ist), aber die Sehnsucht danach bleibt unter der Oberfl\u00e4che des Lebens bestehen und findet indirekten Ausdruck in Liebe, Arbeit, Kunst, Gespr\u00e4chen, Religion und Ethik (denen jeweils ein Kapitel gewidmet ist).<\/p>\n\n\n\n<p class=\"\"><\/p>\n\n\n\n<div class=\"wp-block-buttons is-content-justification-center is-layout-flex wp-container-core-buttons-is-layout-16018d1d wp-block-buttons-is-layout-flex\">\n<div class=\"is-style-outline wp-block-button is-style-outline--1\"><a class=\"wp-block-button__link has-white-color has-black-background-color has-text-color has-background has-link-color has-small-font-size has-custom-font-size wp-element-button\" href=\"https:\/\/stephenlangfur.com\/de\/chapter-1-introducing-the-you-i-event\/\" style=\"border-radius:3px\">Kapitel 1<\/a><\/div>\n\n\n\n<div class=\"is-style-outline wp-block-button is-style-outline--2\"><a class=\"wp-block-button__link has-black-color has-white-background-color has-text-color has-background has-link-color has-small-font-size has-custom-font-size wp-element-button\" href=\"https:\/\/stephenlangfur.com\/de\/a-podcast-about-philosophy-meets-the-infant-by-stephen-langfur\/\" style=\"border-radius:0px\">\ud83c\udfa7 Podcasts<\/a><\/div>\n\n\n\n<div class=\"wp-block-button\"><a class=\"wp-block-button__link has-white-color has-black-background-color has-text-color has-background has-link-color has-small-font-size has-custom-font-size wp-element-button\" href=\"https:\/\/stephenlangfur.com\/de\/endorsements\/\" style=\"border-radius:0px\">Empfehlungen<\/a><\/div>\n<\/div>\n\n\n\n<p class=\"\"><\/p>\n\n\n\n<div class=\"wp-block-buttons is-content-justification-center is-layout-flex wp-container-core-buttons-is-layout-16018d1d wp-block-buttons-is-layout-flex\">\n<div class=\"is-style-fill wp-block-button\"><a class=\"wp-block-button__link has-white-color has-black-background-color has-text-color has-background has-link-color has-small-font-size has-custom-font-size wp-element-button\" href=\"https:\/\/stephenlangfur.com\/de\/order-now\/\" style=\"border-radius:1px\">Buch bestellen<\/a><\/div>\n<\/div>\n\n\n\n<p class=\"\"><\/p>\n\n\n\n<h2 class=\"wp-block-heading\"><strong>Inhalt<\/strong><\/h2>\n\n\n\n<p class=\"\"><\/p>\n\n\n\n<h3 class=\"wp-block-heading\"><strong>Teil 1: Das Du-Ich-Ereignis im S\u00e4uglingsalter und warum es verschwindet<\/strong><\/h3>\n\n\n\n<p class=\"\"><\/p>\n\n\n\n<div class=\"wp-block-group is-vertical is-layout-flex wp-container-core-group-is-layout-8cf370e7 wp-block-group-is-layout-flex\">\n<p class=\"\"><a href=\"https:\/\/stephenlangfur.com\/de\/chapter-1-introducing-the-you-i-event\/\">1 Einf\u00fchrung in das Du-Ich Ereignis<\/a><\/p>\n\n\n\n<p class=\"\">2 Geboren f\u00fcr Beziehung<\/p>\n\n\n\n<p class=\"\">3 Durch ein Du zum Ich werden<\/p>\n\n\n\n<p class=\"\">4 F\u00e4lschung des Du-Ich-Ereignisses<\/p>\n<\/div>\n\n\n\n<p class=\"\"><\/p>\n\n\n\n<h3 class=\"wp-block-heading\"><strong>Teil 2: Das Du-Ich-Ereignis nach der Kindheit<\/strong><\/h3>\n\n\n\n<p class=\"\"><\/p>\n\n\n\n<div class=\"wp-block-group is-vertical is-layout-flex wp-container-core-group-is-layout-8cf370e7 wp-block-group-is-layout-flex\">\n<p class=\"\">5 Heideggers Hammer und das gespenstische Du<\/p>\n\n\n\n<p class=\"\">6 Liebe und das ausgeschlossene Du<\/p>\n\n\n\n<p class=\"\">7 Das abgespaltene Selbst in Aktion<\/p>\n\n\n\n<p class=\"\">8 Das Du-Ich-Ereignis in der Kunst<\/p>\n\n\n\n<p class=\"\">9 Das Du-Ich-Ereignis im Gespr\u00e4ch<\/p>\n<\/div>\n\n\n\n<p class=\"\"><\/p>\n\n\n\n<h3 class=\"wp-block-heading\"><strong>Teil 3: Philosophische Fragen<\/strong><\/h3>\n\n\n\n<p class=\"\"><\/p>\n\n\n\n<div class=\"wp-block-group is-vertical is-layout-flex wp-container-core-group-is-layout-8cf370e7 wp-block-group-is-layout-flex\">\n<p class=\"\">10 Andere Berichte \u00fcber Selbsterkenntnis<\/p>\n\n\n\n<p class=\"\">11 Der freie Wille und die Du-Ich-Theorie<\/p>\n\n\n\n<p class=\"\">12 Der Ruf des Gewissens<\/p>\n\n\n\n<p class=\"\">13 Gott oder das ausgeschlossene Du<\/p>\n\n\n\n<p class=\"\">14 Was kann getan werden<\/p>\n<\/div>\n\n\n\n<p class=\"\"><\/p>\n\n\n\n<div class=\"wp-block-group is-vertical is-layout-flex wp-container-core-group-is-layout-8cf370e7 wp-block-group-is-layout-flex\">\n<p class=\"\"><strong>Anhang<\/strong>: Antworten an imagin\u00e4re Kritiker<\/p>\n\n\n\n<p class=\"\"><strong>Danksagung<\/strong><\/p>\n<\/div>\n\n\n\n<p class=\"\"><\/p>","protected":false},"excerpt":{"rendered":"<p>&nbsp;Du nimmst teil, also bin ich. In diesem Buch wird der Ursprung des Selbstbewusstseins in der wechselseitigen Aufmerksamkeit zwischen S\u00e4ugling und Bezugsperson gesehen. Am Beispiel des gegenseitigen Blicks:...<\/p>\n<div class=\"more-link-wrapper\"><a class=\"more-link\" href=\"https:\/\/stephenlangfur.com\/de\/\">Weiterlesen<span class=\"screen-reader-text\">Die Philosophie begegnet dem S\u00e4ugling<\/span><\/a><\/div>","protected":false},"author":1,"featured_media":0,"parent":0,"menu_order":0,"comment_status":"closed","ping_status":"closed","template":"elementor_theme","meta":{"nf_dc_page":"","om_disable_all_campaigns":false,"_monsterinsights_skip_tracking":false,"_monsterinsights_sitenote_active":false,"_monsterinsights_sitenote_note":"","_monsterinsights_sitenote_category":0,"footnotes":""},"class_list":["post-1681","page","type-page","status-publish","hentry","ratio-natural","entry"],"yoast_head":"<!-- This site is optimized with the Yoast SEO plugin v27.4 - https:\/\/yoast.com\/product\/yoast-seo-wordpress\/ -->\n<title>Philosophy Meets the Infant<\/title>\n<meta name=\"description\" content=\"&quot;You attend, therefore I am.&quot; How infancy research transforms philosophy\u2014implications for love, work, art, free will, ethics, and religion.\" \/>\n<meta name=\"robots\" content=\"index, follow, max-snippet:-1, max-image-preview:large, max-video-preview:-1\" \/>\n<link rel=\"canonical\" href=\"https:\/\/stephenlangfur.com\/de\/\" \/>\n<meta property=\"og:locale\" content=\"de_DE\" \/>\n<meta property=\"og:type\" content=\"article\" \/>\n<meta property=\"og:title\" content=\"Philosophy Meets the Infant\" \/>\n<meta property=\"og:url\" content=\"https:\/\/stephenlangfur.com\/de\/\" \/>\n<meta property=\"og:site_name\" content=\"Philosophy Meets the Infant\" \/>\n<meta property=\"article:publisher\" content=\"https:\/\/www.facebook.com\/stephen.langfur\" \/>\n<meta property=\"article:modified_time\" content=\"2025-09-19T13:07:48+00:00\" \/>\n<meta property=\"og:image\" content=\"https:\/\/stephenlangfur.com\/wp-content\/uploads\/2025\/06\/cover-from-Routledge-site.webp\" \/>\n\t<meta property=\"og:image:width\" content=\"350\" \/>\n\t<meta property=\"og:image:height\" content=\"525\" \/>\n\t<meta property=\"og:image:type\" content=\"image\/webp\" \/>\n<meta name=\"twitter:card\" content=\"summary_large_image\" \/>\n<meta name=\"twitter:title\" content=\"Philosophy Meets the Infant by Stephen Langfur\" \/>\n<meta name=\"twitter:description\" content=\"How infancy research transforms the understanding of human existence\" \/>\n<meta name=\"twitter:image\" content=\"https:\/\/i0.wp.com\/stephenlangfur.com\/wp-content\/uploads\/2025\/06\/cover-from-Routledge-site.webp?fit=350%2C525&ssl=1\" \/>\n<meta name=\"twitter:site\" content=\"@StephenLangfur\" \/>\n<meta name=\"twitter:label1\" content=\"Gesch\u00e4tzte Lesezeit\" \/>\n\t<meta name=\"twitter:data1\" content=\"3\u00a0Minuten\" \/>\n<script type=\"application\/ld+json\" class=\"yoast-schema-graph\">{\"@context\":\"https:\\\/\\\/schema.org\",\"@graph\":[{\"@type\":\"WebPage\",\"@id\":\"https:\\\/\\\/stephenlangfur.com\\\/\",\"url\":\"https:\\\/\\\/stephenlangfur.com\\\/\",\"name\":\"Philosophy Meets the Infant\",\"isPartOf\":{\"@id\":\"https:\\\/\\\/stephenlangfur.com\\\/#website\"},\"primaryImageOfPage\":{\"@id\":\"https:\\\/\\\/stephenlangfur.com\\\/#primaryimage\"},\"image\":{\"@id\":\"https:\\\/\\\/stephenlangfur.com\\\/#primaryimage\"},\"thumbnailUrl\":\"https:\\\/\\\/stephenlangfur.com\\\/wp-content\\\/uploads\\\/2025\\\/06\\\/cover-from-Routledge-site.webp\",\"datePublished\":\"2022-12-08T20:18:44+00:00\",\"dateModified\":\"2025-09-19T13:07:48+00:00\",\"description\":\"\\\"You attend, therefore I am.\\\" How infancy research transforms philosophy\u2014implications for love, work, art, free will, ethics, and religion.\",\"breadcrumb\":{\"@id\":\"https:\\\/\\\/stephenlangfur.com\\\/#breadcrumb\"},\"inLanguage\":\"de\",\"potentialAction\":[{\"@type\":\"ReadAction\",\"target\":[\"https:\\\/\\\/stephenlangfur.com\\\/\"]}]},{\"@type\":\"ImageObject\",\"inLanguage\":\"de\",\"@id\":\"https:\\\/\\\/stephenlangfur.com\\\/#primaryimage\",\"url\":\"https:\\\/\\\/stephenlangfur.com\\\/wp-content\\\/uploads\\\/2025\\\/06\\\/cover-from-Routledge-site.webp\",\"contentUrl\":\"https:\\\/\\\/stephenlangfur.com\\\/wp-content\\\/uploads\\\/2025\\\/06\\\/cover-from-Routledge-site.webp\"},{\"@type\":\"BreadcrumbList\",\"@id\":\"https:\\\/\\\/stephenlangfur.com\\\/#breadcrumb\",\"itemListElement\":[{\"@type\":\"ListItem\",\"position\":1,\"name\":\"Home\",\"item\":\"https:\\\/\\\/stephenlangfur.com\\\/\"},{\"@type\":\"ListItem\",\"position\":2,\"name\":\"Philosophy Meets the Infant\"}]},{\"@type\":\"WebSite\",\"@id\":\"https:\\\/\\\/stephenlangfur.com\\\/#website\",\"url\":\"https:\\\/\\\/stephenlangfur.com\\\/\",\"name\":\"Philosophy Meets the Infant\",\"description\":\"How infancy research transforms the understanding of human existence\",\"publisher\":{\"@id\":\"https:\\\/\\\/stephenlangfur.com\\\/#\\\/schema\\\/person\\\/76c4c0a7980b8bc2d00134a8e6ea2ee4\"},\"potentialAction\":[{\"@type\":\"SearchAction\",\"target\":{\"@type\":\"EntryPoint\",\"urlTemplate\":\"https:\\\/\\\/stephenlangfur.com\\\/?s={search_term_string}\"},\"query-input\":{\"@type\":\"PropertyValueSpecification\",\"valueRequired\":true,\"valueName\":\"search_term_string\"}}],\"inLanguage\":\"de\"},{\"@type\":[\"Person\",\"Organization\"],\"@id\":\"https:\\\/\\\/stephenlangfur.com\\\/#\\\/schema\\\/person\\\/76c4c0a7980b8bc2d00134a8e6ea2ee4\",\"name\":\"Stephen Langfur\",\"image\":{\"@type\":\"ImageObject\",\"inLanguage\":\"de\",\"@id\":\"https:\\\/\\\/secure.gravatar.com\\\/avatar\\\/a7a7876096f4db546964266ab19c7b74d12fcac0f35b7d28287a86ecb324b104?s=96&d=mm&r=g\",\"url\":\"https:\\\/\\\/secure.gravatar.com\\\/avatar\\\/a7a7876096f4db546964266ab19c7b74d12fcac0f35b7d28287a86ecb324b104?s=96&d=mm&r=g\",\"contentUrl\":\"https:\\\/\\\/secure.gravatar.com\\\/avatar\\\/a7a7876096f4db546964266ab19c7b74d12fcac0f35b7d28287a86ecb324b104?s=96&d=mm&r=g\",\"caption\":\"Stephen Langfur\"},\"logo\":{\"@id\":\"https:\\\/\\\/secure.gravatar.com\\\/avatar\\\/a7a7876096f4db546964266ab19c7b74d12fcac0f35b7d28287a86ecb324b104?s=96&d=mm&r=g\"},\"description\":\"Stephen Langfur received a doctorate from Syracuse, in which he presented his theory of the You-I Event. He then helped rebuild the Honors Program (now Honors College) at the University of Houston, teaching in it for three years. The promise of peace in the Middle East lured him to Israel in 1979, where he favored hiking over academe, becoming a guide. A decade later, he wrote in his first book: \u201cWhen I was ten years younger and full of hope, I departed the USA with wife and daughter and moved to Israel. What follow are notes from an army cell, to which I have been sentenced for refusing to go into the West Bank against the Palestinians.\u201d \u2013 Confession from a Jericho Jail (Grove Weidenfeld, 1992, now published in a 2nd edition by Fomite Press). After his release, Langfur discovered that new findings in infancy research supported the idea of his dissertation. He presented it in philosophy and psychology journals \u2013 and now in Philosophy Meets the Infant.\",\"sameAs\":[\"http:\\\/\\\/stephenlangfur.com\",\"https:\\\/\\\/www.facebook.com\\\/stephen.langfur\",\"https:\\\/\\\/x.com\\\/StephenLangfur\"]}]}<\/script>\n<!-- \/ Yoast SEO plugin. -->","yoast_head_json":{"title":"Die Philosophie begegnet dem S\u00e4ugling","description":"\"You attend, therefore I am.\" How infancy research transforms philosophy\u2014implications for love, work, art, free will, ethics, and religion.","robots":{"index":"index","follow":"follow","max-snippet":"max-snippet:-1","max-image-preview":"max-image-preview:large","max-video-preview":"max-video-preview:-1"},"canonical":"https:\/\/stephenlangfur.com\/de\/","og_locale":"de_DE","og_type":"article","og_title":"Philosophy Meets the Infant","og_url":"https:\/\/stephenlangfur.com\/de\/","og_site_name":"Philosophy Meets the Infant","article_publisher":"https:\/\/www.facebook.com\/stephen.langfur","article_modified_time":"2025-09-19T13:07:48+00:00","og_image":[{"width":350,"height":525,"url":"https:\/\/stephenlangfur.com\/wp-content\/uploads\/2025\/06\/cover-from-Routledge-site.webp","type":"image\/webp"}],"twitter_card":"summary_large_image","twitter_title":"Philosophy Meets the Infant by Stephen Langfur","twitter_description":"How infancy research transforms the understanding of human existence","twitter_image":"https:\/\/i0.wp.com\/stephenlangfur.com\/wp-content\/uploads\/2025\/06\/cover-from-Routledge-site.webp?fit=350%2C525&ssl=1","twitter_site":"@StephenLangfur","twitter_misc":{"Gesch\u00e4tzte Lesezeit":"3\u00a0Minuten"},"schema":{"@context":"https:\/\/schema.org","@graph":[{"@type":"WebPage","@id":"https:\/\/stephenlangfur.com\/","url":"https:\/\/stephenlangfur.com\/","name":"Die Philosophie begegnet dem S\u00e4ugling","isPartOf":{"@id":"https:\/\/stephenlangfur.com\/#website"},"primaryImageOfPage":{"@id":"https:\/\/stephenlangfur.com\/#primaryimage"},"image":{"@id":"https:\/\/stephenlangfur.com\/#primaryimage"},"thumbnailUrl":"https:\/\/stephenlangfur.com\/wp-content\/uploads\/2025\/06\/cover-from-Routledge-site.webp","datePublished":"2022-12-08T20:18:44+00:00","dateModified":"2025-09-19T13:07:48+00:00","description":"\"You attend, therefore I am.\" How infancy research transforms philosophy\u2014implications for love, work, art, free will, ethics, and religion.","breadcrumb":{"@id":"https:\/\/stephenlangfur.com\/#breadcrumb"},"inLanguage":"de","potentialAction":[{"@type":"ReadAction","target":["https:\/\/stephenlangfur.com\/"]}]},{"@type":"ImageObject","inLanguage":"de","@id":"https:\/\/stephenlangfur.com\/#primaryimage","url":"https:\/\/stephenlangfur.com\/wp-content\/uploads\/2025\/06\/cover-from-Routledge-site.webp","contentUrl":"https:\/\/stephenlangfur.com\/wp-content\/uploads\/2025\/06\/cover-from-Routledge-site.webp"},{"@type":"BreadcrumbList","@id":"https:\/\/stephenlangfur.com\/#breadcrumb","itemListElement":[{"@type":"ListItem","position":1,"name":"Home","item":"https:\/\/stephenlangfur.com\/"},{"@type":"ListItem","position":2,"name":"Philosophy Meets the Infant"}]},{"@type":"WebSite","@id":"https:\/\/stephenlangfur.com\/#website","url":"https:\/\/stephenlangfur.com\/","name":"Die Philosophie begegnet dem S\u00e4ugling","description":"Wie die S\u00e4uglingsforschung das Verst\u00e4ndnis der menschlichen Existenz ver\u00e4ndert","publisher":{"@id":"https:\/\/stephenlangfur.com\/#\/schema\/person\/76c4c0a7980b8bc2d00134a8e6ea2ee4"},"potentialAction":[{"@type":"SearchAction","target":{"@type":"EntryPoint","urlTemplate":"https:\/\/stephenlangfur.com\/?s={search_term_string}"},"query-input":{"@type":"PropertyValueSpecification","valueRequired":true,"valueName":"search_term_string"}}],"inLanguage":"de"},{"@type":["Person","Organization"],"@id":"https:\/\/stephenlangfur.com\/#\/schema\/person\/76c4c0a7980b8bc2d00134a8e6ea2ee4","name":"Stephen Langfur","image":{"@type":"ImageObject","inLanguage":"de","@id":"https:\/\/secure.gravatar.com\/avatar\/a7a7876096f4db546964266ab19c7b74d12fcac0f35b7d28287a86ecb324b104?s=96&d=mm&r=g","url":"https:\/\/secure.gravatar.com\/avatar\/a7a7876096f4db546964266ab19c7b74d12fcac0f35b7d28287a86ecb324b104?s=96&d=mm&r=g","contentUrl":"https:\/\/secure.gravatar.com\/avatar\/a7a7876096f4db546964266ab19c7b74d12fcac0f35b7d28287a86ecb324b104?s=96&d=mm&r=g","caption":"Stephen Langfur"},"logo":{"@id":"https:\/\/secure.gravatar.com\/avatar\/a7a7876096f4db546964266ab19c7b74d12fcac0f35b7d28287a86ecb324b104?s=96&d=mm&r=g"},"description":"Stephen Langfur promovierte in Syracuse, wo er seine Theorie des You-I-Events vorstellte. Anschlie\u00dfend half er beim Wiederaufbau des Honors Program (heute Honors College) an der University of Houston und unterrichtete dort drei Jahre lang. Die Aussicht auf Frieden im Nahen Osten lockte ihn 1979 nach Israel, wo er das Wandern der akademischen Arbeit vorzog und Reiseleiter wurde. Ein Jahrzehnt sp\u00e4ter schrieb er in seinem ersten Buch: \"Als ich zehn Jahre j\u00fcnger und voller Hoffnung war, verlie\u00df ich mit Frau und Tochter die USA und zog nach Israel. Was folgt, sind Notizen aus einer Armeezelle, zu der ich verurteilt wurde, weil ich mich weigerte, im Westjordanland gegen die Pal\u00e4stinenser vorzugehen.\" - Confession from a Jericho Jail (Grove Weidenfeld, 1992, jetzt in einer 2. Auflage bei Fomite Press erschienen). Nach seiner Entlassung entdeckte Langfur, dass neue Erkenntnisse der S\u00e4uglingsforschung die Idee seiner Dissertation unterst\u00fctzten. Er stellte sie in Fachzeitschriften f\u00fcr Philosophie und Psychologie vor - und nun in Philosophy Meets the Infant.","sameAs":["http:\/\/stephenlangfur.com","https:\/\/www.facebook.com\/stephen.langfur","https:\/\/x.com\/StephenLangfur"]}]}},"jetpack-related-posts":[{"id":1911,"url":"https:\/\/stephenlangfur.com\/de\/endorsements\/","url_meta":{"origin":1681,"position":0},"title":"Empfehlungen","author":"Stephen Langfur","date":"Juni 20, 2025","format":false,"excerpt":"Philosophie trifft den S\u00e4ugling\" ist ein kurzes Buch, das sich dennoch wie ein Epos liest. Es f\u00fchrt den Leser durch eine Galerie von Szenen aus der Perspektive des S\u00e4uglings und schafft dabei eine neue Sprache. Im Dialog mit Philosophen und Psychologen bietet Langfur eine \u00fcberzeugende, neue vereinheitlichende Perspektive auf...","rel":"","context":"\u00c4hnlicher Beitrag","block_context":{"text":"\u00c4hnlicher Beitrag","link":""},"img":{"alt_text":"","src":"","width":0,"height":0},"classes":[]},{"id":985,"url":"https:\/\/stephenlangfur.com\/de\/publications\/","url_meta":{"origin":1681,"position":1},"title":"Schriften","author":"Stephen Langfur","date":"Januar 1, 2022","format":false,"excerpt":"Vor f\u00fcnfzig Jahren habe ich in meiner Dissertation in Syracuse zum ersten Mal \u00fcber das You-I Event geschrieben. Zu dieser Zeit schien Jean Piaget das letzte Wort \u00fcber das Kind zu haben. Nach drei Jahren Lehrt\u00e4tigkeit an der Universit\u00e4t von Houston wanderte ich nach Israel aus und lie\u00df mich zum Reiseleiter ausbilden. W\u00e4hrend einer...","rel":"","context":"\u00c4hnlicher Beitrag","block_context":{"text":"\u00c4hnlicher Beitrag","link":""},"img":{"alt_text":"Stephen Langfur","src":"https:\/\/i0.wp.com\/stephenlangfur.com\/wp-content\/uploads\/2021\/12\/Steve-close-up-2.jpg?resize=350%2C200&ssl=1","width":350,"height":200},"classes":[]},{"id":1928,"url":"https:\/\/stephenlangfur.com\/de\/a-podcast-about-philosophy-meets-the-infant-by-stephen-langfur\/","url_meta":{"origin":1681,"position":2},"title":"Podcasts \ud83c\uddfa\ud83c\uddf8 \ud83c\uddea\ud83c\uddf8 \ud83c\udde9\ud83c\uddea","author":"Stephen Langfur","date":"Juni 20, 2025","format":false,"excerpt":"\ud83c\udfa7 Auf Englisch: Eine Diskussion von Philosophy Meets the Infant, Kapitel 1: Introducing the You-I Event. Der Podcast ist das Ergebnis von Interaktionen zwischen dem Autor und NotebookLM. \ud83c\udfa7 Auf Spanisch: Una discusi\u00f3n con IA de La filosof\u00eda se encuentra con el beb\u00e9, Cap\u00edtulo 1: Presentaci\u00f3n del Evento T\u00fa-Yo. \ud83c\udfa7...","rel":"","context":"\u00c4hnlicher Beitrag","block_context":{"text":"\u00c4hnlicher Beitrag","link":""},"img":{"alt_text":"","src":"","width":0,"height":0},"classes":[]},{"id":192,"url":"https:\/\/stephenlangfur.com\/de\/stephen-langfur-on-the-philosophy-of-dialogue\/","url_meta":{"origin":1681,"position":3},"title":"\u00dcber Stephen Langfur","author":"Stephen Langfur","date":"Januar 2, 2022","format":false,"excerpt":"Foto: davidsheerman.com Stephen Langfur promovierte in Syracuse, wo er seine Theorie des You-I-Events vorstellte. Anschlie\u00dfend half er beim Wiederaufbau des Honors Program (heute Honors College) an der University of Houston und unterrichtete dort drei Jahre lang. Die Aussicht auf Frieden im Nahen Osten lockte ihn...","rel":"","context":"\u00c4hnlicher Beitrag","block_context":{"text":"\u00c4hnlicher Beitrag","link":""},"img":{"alt_text":"","src":"https:\/\/i0.wp.com\/stephenlangfur.com\/wp-content\/uploads\/2022\/02\/cartoon-of-steve-as-guide.jpg?resize=350%2C200&ssl=1","width":350,"height":200,"srcset":"https:\/\/i0.wp.com\/stephenlangfur.com\/wp-content\/uploads\/2022\/02\/cartoon-of-steve-as-guide.jpg?resize=350%2C200&ssl=1 1x, https:\/\/i0.wp.com\/stephenlangfur.com\/wp-content\/uploads\/2022\/02\/cartoon-of-steve-as-guide.jpg?resize=525%2C300&ssl=1 1.5x, https:\/\/i0.wp.com\/stephenlangfur.com\/wp-content\/uploads\/2022\/02\/cartoon-of-steve-as-guide.jpg?resize=700%2C400&ssl=1 2x"},"classes":[]}],"jetpack_likes_enabled":true,"jetpack_sharing_enabled":true,"_links":{"self":[{"href":"https:\/\/stephenlangfur.com\/de\/wp-json\/wp\/v2\/pages\/1681","targetHints":{"allow":["GET"]}}],"collection":[{"href":"https:\/\/stephenlangfur.com\/de\/wp-json\/wp\/v2\/pages"}],"about":[{"href":"https:\/\/stephenlangfur.com\/de\/wp-json\/wp\/v2\/types\/page"}],"author":[{"embeddable":true,"href":"https:\/\/stephenlangfur.com\/de\/wp-json\/wp\/v2\/users\/1"}],"replies":[{"embeddable":true,"href":"https:\/\/stephenlangfur.com\/de\/wp-json\/wp\/v2\/comments?post=1681"}],"version-history":[{"count":5,"href":"https:\/\/stephenlangfur.com\/de\/wp-json\/wp\/v2\/pages\/1681\/revisions"}],"predecessor-version":[{"id":2556,"href":"https:\/\/stephenlangfur.com\/de\/wp-json\/wp\/v2\/pages\/1681\/revisions\/2556"}],"wp:attachment":[{"href":"https:\/\/stephenlangfur.com\/de\/wp-json\/wp\/v2\/media?parent=1681"}],"curies":[{"name":"wp","href":"https:\/\/api.w.org\/{rel}","templated":true}]}}